{"id":327,"date":"2018-03-06T03:55:55","date_gmt":"2018-03-06T03:55:55","guid":{"rendered":"http:\/\/12014.lamdx.vinawebsite.vn\/?page_id=327"},"modified":"2018-03-07T02:51:24","modified_gmt":"2018-03-07T02:51:24","slug":"about-us","status":"publish","type":"page","link":"https:\/\/eastmedical.vn\/en\/about-us\/","title":{"rendered":"About us"},"content":{"rendered":"<p>MEDITERRANEAN MEDICAL TRADING CO., LTD provides comprehensive solutions for medical facilities and aims to become a leading distributor of Medical Equipment in the area of technical services &amp; amp; trade. With our expertise and training, we are proud to make the difference in the most advanced medical technology equipment.<\/p>\n<p class=\"text-center\">Mission: &#8220;FOR HEALTH &#038; SAFETY VIETNAM&#8221;<\/p>\n<p>We are authorized to import genuine from many countries in the world: Germany, Italy, Japan, USA, Spain, India, Pakistan, South Korea, Taiwan, China, &#8230; meet equipment needs. for general hospitals, clinics, spas, beauty salons, &#8230;<br \/>\n<img loading=\"lazy\" decoding=\"async\" class=\"aligncenter wp-image-508 size-full\" src=\"http:\/\/eastmedical.vn\/wp-content\/uploads\/2018\/03\/banner-y-te-md.png\" alt=\"banner-y-te-md\" width=\"1050\" height=\"384\" srcset=\"https:\/\/eastmedical.vn\/wp-content\/uploads\/2018\/03\/banner-y-te-md.png 1050w, https:\/\/eastmedical.vn\/wp-content\/uploads\/2018\/03\/banner-y-te-md-800x293.png 800w, https:\/\/eastmedical.vn\/wp-content\/uploads\/2018\/03\/banner-y-te-md-768x281.png 768w, https:\/\/eastmedical.vn\/wp-content\/uploads\/2018\/03\/banner-y-te-md-600x219.png 600w\" sizes=\"auto, (max-width: 1050px) 100vw, 1050px\" \/><br \/>\nTechnical services specialized in providing repair solutions, warranty and maintenance of all medical equipment. Engineers are trained and authorized to provide technical services by Covidien, Johnson &#038; amp; Johnson, GE, Seimens, Solaris, Nellcor &#8230;.<\/p>\n<p><img loading=\"lazy\" decoding=\"async\" class=\"aligncenter wp-image-506 size-full\" src=\"http:\/\/eastmedical.vn\/wp-content\/uploads\/2018\/03\/anh-banner-y-te-md.jpg\" alt=\"anh-banner-y-te-md\" width=\"960\" height=\"720\" srcset=\"https:\/\/eastmedical.vn\/wp-content\/uploads\/2018\/03\/anh-banner-y-te-md.jpg 960w, https:\/\/eastmedical.vn\/wp-content\/uploads\/2018\/03\/anh-banner-y-te-md-533x400.jpg 533w, https:\/\/eastmedical.vn\/wp-content\/uploads\/2018\/03\/anh-banner-y-te-md-768x576.jpg 768w, https:\/\/eastmedical.vn\/wp-content\/uploads\/2018\/03\/anh-banner-y-te-md-600x450.jpg 600w\" sizes=\"auto, (max-width: 960px) 100vw, 960px\" \/><br \/>\nProducts Operating room, surgical instruments, emergency resuscitation, hard endoscope, ear &#8211; nose &#8211; throat, imaging, probe function bed, ice box, glasses &#038; amp; camera, machine &#038; amp; laboratory equipment, sterilization equipment, vacuum pumps, models, laser machines, rehabilitation equipment, physical therapy, &#038; amp; consumable supplies<\/p>\n","protected":false},"excerpt":{"rendered":"<p>MEDITERRANEAN MEDICAL TRADING CO., LTD provides comprehensive solutions for medical facilities and aims to become a leading distributor of Medical Equipment in the area of technical services &amp; amp; trade. With our expertise and training, we are proud to make the difference in the most advanced medical technology equipment. Mission: &#8220;FOR HEALTH &#038; SAFETY VIETNAM&#8221; [&#8230;]\n","protected":false},"author":1,"featured_media":0,"parent":0,"menu_order":0,"comment_status":"closed","ping_status":"closed","template":"","meta":{"_acf_changed":false,"footnotes":""},"class_list":["post-327","page","type-page","status-publish","hentry"],"acf":[],"yoast_head":"<!-- This site is optimized with the Yoast SEO plugin v24.5 - https:\/\/yoast.com\/wordpress\/plugins\/seo\/ -->\n<title>About us - C\u00d4NG TY TNHH TM DV Y T\u1ebe MI\u1ec0N \u0110\u00d4NG<\/title>\n<meta name=\"robots\" content=\"index, follow, max-snippet:-1, max-image-preview:large, max-video-preview:-1\" \/>\n<link rel=\"canonical\" href=\"https:\/\/eastmedical.vn\/ve-chung-toi\/\" \/>\n<meta property=\"og:locale\" content=\"en_US\" \/>\n<meta property=\"og:type\" content=\"article\" \/>\n<meta property=\"og:title\" content=\"About us - C\u00d4NG TY TNHH TM DV Y T\u1ebe MI\u1ec0N \u0110\u00d4NG\" \/>\n<meta property=\"og:description\" content=\"MEDITERRANEAN MEDICAL TRADING CO., LTD provides comprehensive solutions for medical facilities and aims to become a leading distributor of Medical Equipment in the area of technical services &amp; amp; trade. With our expertise and training, we are proud to make the difference in the most advanced medical technology equipment. Mission: &#8220;FOR HEALTH &#038; SAFETY VIETNAM&#8221; [...]\" \/>\n<meta property=\"og:url\" content=\"https:\/\/eastmedical.vn\/ve-chung-toi\/\" \/>\n<meta property=\"og:site_name\" content=\"C\u00d4NG TY TNHH TM DV Y T\u1ebe MI\u1ec0N \u0110\u00d4NG\" \/>\n<meta property=\"article:modified_time\" content=\"2018-03-07T02:51:24+00:00\" \/>\n<meta property=\"og:image\" content=\"http:\/\/eastmedical.vn\/wp-content\/uploads\/2018\/03\/banner-y-te-md.png\" \/>\n<meta name=\"twitter:card\" content=\"summary_large_image\" \/>\n<meta name=\"twitter:label1\" content=\"Est. reading time\" \/>\n\t<meta name=\"twitter:data1\" content=\"1 minute\" \/>\n<script type=\"application\/ld+json\" class=\"yoast-schema-graph\">{\"@context\":\"https:\/\/schema.org\",\"@graph\":[{\"@type\":\"WebPage\",\"@id\":\"https:\/\/eastmedical.vn\/ve-chung-toi\/\",\"url\":\"https:\/\/eastmedical.vn\/ve-chung-toi\/\",\"name\":\"About us - C\u00d4NG TY TNHH TM DV Y T\u1ebe MI\u1ec0N \u0110\u00d4NG\",\"isPartOf\":{\"@id\":\"https:\/\/eastmedical.vn\/#website\"},\"primaryImageOfPage\":{\"@id\":\"https:\/\/eastmedical.vn\/ve-chung-toi\/#primaryimage\"},\"image\":{\"@id\":\"https:\/\/eastmedical.vn\/ve-chung-toi\/#primaryimage\"},\"thumbnailUrl\":\"http:\/\/eastmedical.vn\/wp-content\/uploads\/2018\/03\/banner-y-te-md.png\",\"datePublished\":\"2018-03-06T03:55:55+00:00\",\"dateModified\":\"2018-03-07T02:51:24+00:00\",\"breadcrumb\":{\"@id\":\"https:\/\/eastmedical.vn\/ve-chung-toi\/#breadcrumb\"},\"inLanguage\":\"en-US\",\"potentialAction\":[{\"@type\":\"ReadAction\",\"target\":[\"https:\/\/eastmedical.vn\/ve-chung-toi\/\"]}]},{\"@type\":\"ImageObject\",\"inLanguage\":\"en-US\",\"@id\":\"https:\/\/eastmedical.vn\/ve-chung-toi\/#primaryimage\",\"url\":\"http:\/\/eastmedical.vn\/wp-content\/uploads\/2018\/03\/banner-y-te-md.png\",\"contentUrl\":\"http:\/\/eastmedical.vn\/wp-content\/uploads\/2018\/03\/banner-y-te-md.png\"},{\"@type\":\"BreadcrumbList\",\"@id\":\"https:\/\/eastmedical.vn\/ve-chung-toi\/#breadcrumb\",\"itemListElement\":[{\"@type\":\"ListItem\",\"position\":1,\"name\":\"Home\",\"item\":\"https:\/\/eastmedical.vn\/en\/\"},{\"@type\":\"ListItem\",\"position\":2,\"name\":\"About us\"}]},{\"@type\":\"WebSite\",\"@id\":\"https:\/\/eastmedical.vn\/#website\",\"url\":\"https:\/\/eastmedical.vn\/\",\"name\":\"C\u00d4NG TY TNHH TM DV Y T\u1ebe MI\u1ec0N \u0110\u00d4NG\",\"description\":\"C\u00d4NG TY TNHH TM DV Y T\u1ebe MI\u1ec0N \u0110\u00d4NG\",\"potentialAction\":[{\"@type\":\"SearchAction\",\"target\":{\"@type\":\"EntryPoint\",\"urlTemplate\":\"https:\/\/eastmedical.vn\/?s={search_term_string}\"},\"query-input\":{\"@type\":\"PropertyValueSpecification\",\"valueRequired\":true,\"valueName\":\"search_term_string\"}}],\"inLanguage\":\"en-US\"}]}<\/script>\n<!-- \/ Yoast SEO plugin. -->","yoast_head_json":{"title":"About us - C\u00d4NG TY TNHH TM DV Y T\u1ebe MI\u1ec0N \u0110\u00d4NG","robots":{"index":"index","follow":"follow","max-snippet":"max-snippet:-1","max-image-preview":"max-image-preview:large","max-video-preview":"max-video-preview:-1"},"canonical":"https:\/\/eastmedical.vn\/ve-chung-toi\/","og_locale":"en_US","og_type":"article","og_title":"About us - C\u00d4NG TY TNHH TM DV Y T\u1ebe MI\u1ec0N \u0110\u00d4NG","og_description":"MEDITERRANEAN MEDICAL TRADING CO., LTD provides comprehensive solutions for medical facilities and aims to become a leading distributor of Medical Equipment in the area of technical services &amp; amp; trade. With our expertise and training, we are proud to make the difference in the most advanced medical technology equipment. Mission: &#8220;FOR HEALTH &#038; SAFETY VIETNAM&#8221; [...]","og_url":"https:\/\/eastmedical.vn\/ve-chung-toi\/","og_site_name":"C\u00d4NG TY TNHH TM DV Y T\u1ebe MI\u1ec0N \u0110\u00d4NG","article_modified_time":"2018-03-07T02:51:24+00:00","og_image":[{"url":"http:\/\/eastmedical.vn\/wp-content\/uploads\/2018\/03\/banner-y-te-md.png","type":"","width":"","height":""}],"twitter_card":"summary_large_image","twitter_misc":{"Est. reading time":"1 minute"},"schema":{"@context":"https:\/\/schema.org","@graph":[{"@type":"WebPage","@id":"https:\/\/eastmedical.vn\/ve-chung-toi\/","url":"https:\/\/eastmedical.vn\/ve-chung-toi\/","name":"About us - C\u00d4NG TY TNHH TM DV Y T\u1ebe MI\u1ec0N \u0110\u00d4NG","isPartOf":{"@id":"https:\/\/eastmedical.vn\/#website"},"primaryImageOfPage":{"@id":"https:\/\/eastmedical.vn\/ve-chung-toi\/#primaryimage"},"image":{"@id":"https:\/\/eastmedical.vn\/ve-chung-toi\/#primaryimage"},"thumbnailUrl":"http:\/\/eastmedical.vn\/wp-content\/uploads\/2018\/03\/banner-y-te-md.png","datePublished":"2018-03-06T03:55:55+00:00","dateModified":"2018-03-07T02:51:24+00:00","breadcrumb":{"@id":"https:\/\/eastmedical.vn\/ve-chung-toi\/#breadcrumb"},"inLanguage":"en-US","potentialAction":[{"@type":"ReadAction","target":["https:\/\/eastmedical.vn\/ve-chung-toi\/"]}]},{"@type":"ImageObject","inLanguage":"en-US","@id":"https:\/\/eastmedical.vn\/ve-chung-toi\/#primaryimage","url":"http:\/\/eastmedical.vn\/wp-content\/uploads\/2018\/03\/banner-y-te-md.png","contentUrl":"http:\/\/eastmedical.vn\/wp-content\/uploads\/2018\/03\/banner-y-te-md.png"},{"@type":"BreadcrumbList","@id":"https:\/\/eastmedical.vn\/ve-chung-toi\/#breadcrumb","itemListElement":[{"@type":"ListItem","position":1,"name":"Home","item":"https:\/\/eastmedical.vn\/en\/"},{"@type":"ListItem","position":2,"name":"About us"}]},{"@type":"WebSite","@id":"https:\/\/eastmedical.vn\/#website","url":"https:\/\/eastmedical.vn\/","name":"C\u00d4NG TY TNHH TM DV Y T\u1ebe MI\u1ec0N \u0110\u00d4NG","description":"C\u00d4NG TY TNHH TM DV Y T\u1ebe MI\u1ec0N \u0110\u00d4NG","potentialAction":[{"@type":"SearchAction","target":{"@type":"EntryPoint","urlTemplate":"https:\/\/eastmedical.vn\/?s={search_term_string}"},"query-input":{"@type":"PropertyValueSpecification","valueRequired":true,"valueName":"search_term_string"}}],"inLanguage":"en-US"}]}},"_links":{"self":[{"href":"https:\/\/eastmedical.vn\/en\/wp-json\/wp\/v2\/pages\/327","targetHints":{"allow":["GET"]}}],"collection":[{"href":"https:\/\/eastmedical.vn\/en\/wp-json\/wp\/v2\/pages"}],"about":[{"href":"https:\/\/eastmedical.vn\/en\/wp-json\/wp\/v2\/types\/page"}],"author":[{"embeddable":true,"href":"https:\/\/eastmedical.vn\/en\/wp-json\/wp\/v2\/users\/1"}],"replies":[{"embeddable":true,"href":"https:\/\/eastmedical.vn\/en\/wp-json\/wp\/v2\/comments?post=327"}],"version-history":[{"count":3,"href":"https:\/\/eastmedical.vn\/en\/wp-json\/wp\/v2\/pages\/327\/revisions"}],"predecessor-version":[{"id":523,"href":"https:\/\/eastmedical.vn\/en\/wp-json\/wp\/v2\/pages\/327\/revisions\/523"}],"wp:attachment":[{"href":"https:\/\/eastmedical.vn\/en\/wp-json\/wp\/v2\/media?parent=327"}],"curies":[{"name":"wp","href":"https:\/\/api.w.org\/{rel}","templated":true}]}}