{"id":1564,"date":"2019-03-15T10:32:01","date_gmt":"2019-03-15T10:32:01","guid":{"rendered":"http:\/\/eastmedical.vn\/shop\/den-mo-led-den-phau-thuat-led-2-nhanh\/"},"modified":"2019-05-29T16:08:59","modified_gmt":"2019-05-29T16:08:59","slug":"den-phau-thuat-amico-den-mo-led-treo-tran-thong-minh","status":"publish","type":"product","link":"https:\/\/eastmedical.vn\/en\/shop\/den-phau-thuat-amico-den-mo-led-treo-tran-thong-minh\/","title":{"rendered":"\u0110\u00e8n ph\u1eabu thu\u1eadt Amico- \u0110\u00e8n m\u1ed5 Led treo tr\u1ea7n th\u00f4ng minh"},"content":{"rendered":"<p><strong>C\u00f4ng Ty Mi\u1ec1n \u0110\u00f4ng<\/strong> t\u1ef1 h\u00e0o gi\u1edbi thi\u1ec7u gi\u1ea3i ph\u00e1p l\u00e2m s\u00e0ng G7 t\u1eeb h\u00e3ng Amico t\u1ea1o ra c\u00e1c s\u1ea3n ph\u1ea9m ti\u00ean ti\u1ebfn \u0111\u1ec3 \u0111\u1ea3m b\u1ea3o tr\u1ea3i nghi\u1ec7m t\u1ed1t nh\u1ea5t c\u00f3 th\u1ec3. H\u1ec7 th\u1ed1ng chi\u1ebfu s\u00e1ng ph\u1eabu thu\u1eadt LED iCE30m th\u1ebf h\u1ec7 m\u1edbi c\u1ee7a ch\u00fang t\u00f4i mang \u0111\u1ebfn c\u00f4ng ngh\u1ec7 LED cao nh\u1ea5t cho Ph\u00f2ng m\u1ed5.<br \/>\n\u0110\u00e8n ph\u1eabu thu\u1eadt iCE30m tu\u1ef3 ch\u1ec9nh nhi\u1ec1u m\u1ee9c \u0111\u1ed9 m\u00e0u \u0111\u01b0\u1ee3c thi\u1ebft k\u1ebf \u0111\u1ec3 ki\u1ec3m so\u00e1t b\u00f3ng v\u01b0\u1ee3t tr\u1ed9i v\u00e0 c\u01b0\u1eddng \u0111\u1ed9 \u00e1nh s\u00e1ng t\u1ed1i \u01b0u v\u1edbi tay c\u1ea7m th\u00f4ng minh Smart Handle c\u1ea3m \u1ee9ng \u0111i\u1ec7n dung, c\u00f9ng v\u1edbi vi\u1ec7c cung c\u1ea5p nhi\u1ec7t \u0111\u1ed9 m\u00e0u \u0111a d\u1ea1ng \u0111\u1ec3 ph\u00e2n bi\u1ec7t ch\u00ednh x\u00e1c gi\u1eefa c\u00e1c m\u00f4. Thi\u1ebft k\u1ebf m\u1ecfng v\u00e0 khe h\u1edf d\u00f2ng ch\u1ea3y th\u00fac \u0111\u1ea9y lu\u1ed3ng kh\u00f4ng kh\u00ed, cho ph\u00e9p \u0111i\u1ec1u khi\u1ec3n \u00e1nh s\u00e1ng d\u1ec5 d\u00e0ng v\u00e0 \u0111\u01b0\u1ee3c g\u1eafn v\u00e0o h\u1ec7 th\u1ed1ng treo b\u1ec1n b\u1ec9 \u0111\u1ec3 lo\u1ea1i b\u1ecf s\u1ef1 tr\u00f4i d\u1ea1t \u0111\u01b0\u1ee3c h\u1ed7 tr\u1ee3 v\u1edbi kho\u00e1 tr\u1ee3 l\u1ef1c \u0111i\u1ec7n. Thi\u1ebft k\u1ebf \u0111\u01b0\u1ee3c t\u1ea1o ra v\u1edbi c\u00e1c t\u00ednh n\u0103ng ki\u1ec3m so\u00e1t nhi\u1ec5m tr\u00f9ng \u0111\u1eb7c bi\u1ec7t \u0111\u1ec3 ng\u0103n ch\u1eb7n s\u1ef1 l\u00e2y lan c\u1ee7a vi khu\u1ea9n.<\/p>\n<p><strong>H\u1ec7 th\u1ed1ng GoLift<\/strong> n\u00e2ng b\u1ec7nh nh\u00e2n b\u1eb1ng \u0111i\u1ec7n t\u1eeb Amico c\u00f3 th\u1ec3 \u0111\u01b0\u1ee3c t\u00edch h\u1ee3p v\u00e0o h\u1ec7 th\u1ed1ng OR \u0111\u1ec3 h\u1ed7 tr\u1ee3 nh\u00e2n vi\u00ean l\u00e2m s\u00e0ng t\u00e1i \u0111\u1ecbnh v\u1ecb v\u00e0 chuy\u1ec3n b\u1ec7nh nh\u00e2n m\u1ed9t c\u00e1ch an to\u00e0n, \u0111\u1ea3m b\u1ea3o k\u1ebft qu\u1ea3 t\u1ed1t nh\u1ea5t c\u00f3 th\u1ec3 trong OR c\u1ee7a b\u1ea1n.<\/p>\n<p><strong>T\u00ednh n\u0103ng c\u00f4ng ngh\u1ec7 th\u00f4ng minh:<\/strong><br \/>\n\u2022 \u0110\u00e8n LED \u0111i\u1ec1u ch\u1ec9nh nhi\u1ec1u m\u1ee9c m\u00e0u cao c\u1ea5p (3.500K-5.000K) \u1edf \u0111\u1ed9 s\u00e1ng t\u1ed1i \u0111a 160.000 lux<br \/>\n\u2022 B\u1eadt v\u00e0 t\u1eaft \u0111\u00e8n b\u1eb1ng tay c\u1ea7m th\u00f4ng minh c\u1ea3m \u1ee9ng \u0111i\u1ec7n dung Smart Handle<br \/>\n\u2022 \u0110i\u1ec1u ch\u1ec9nh \u00e1nh s\u00e1ng BRIGHTNESS v\u1edbi tay c\u1ea7m th\u00f4ng minh c\u1ea3m \u1ee9ng \u0111i\u1ec7n dung<br \/>\n\u2022 Ch\u1ebf \u0111\u1ed9 \u0111\u00e8n kh\u1ea9n c\u1ea5p t\u1ef1 \u0111\u1ed9ng \u0111\u1ea3m b\u1ea3o \u00e1nh s\u00e1ng c\u1ee7a b\u1ea1n s\u1ebd ho\u1ea1t \u0111\u1ed9ng m\u1ecdi l\u00fac, m\u1ecdi n\u01a1i<br \/>\n\u2022 T\u1ef1 \u0111\u1ed9ng ki\u1ec3m so\u00e1t b\u00f3ng m\u1edd th\u00f4ng minh tri\u1ec7t ti\u00eau b\u00f3ng m\u1edd t\u1ed1t nh\u1ea5t<br \/>\n\u2022 M\u1ecfng, nh\u1eb9 v\u00e0 d\u1ec5 \u0111i\u1ec1u khi\u1ec3n<br \/>\n\u2022 Thi\u1ebft k\u1ebf kh\u00ed \u0111\u1ed9ng h\u1ecdc v\u1edbi c\u00e1c khe h\u1edf d\u00f2ng ch\u1ea3y, cho ph\u00e9p kh\u00f3i ph\u1eabu thu\u1eadt bay th\u00f4ng tho\u00e1ng<br \/>\n\u2022 Ch\u1ebf \u0111\u1ed9 endo \u0111\u1ec3 ph\u1eabu thu\u1eadt n\u1ed9i soi<br \/>\n\u2022 C\u00f3 th\u1ec3 b\u1ea3o tr\u00ec thay th\u1ebf t\u1eebng b\u00f3ng Led ri\u00eang l\u1ebb, ti\u1ebft ki\u1ec7m chi ph\u00ed l\u00e2u d\u00e0i.<br \/>\n\u2022 Thi\u1ebft k\u1ebf li\u1ec1n m\u1ea1ch cho ph\u00e9p d\u1ec5 d\u00e0ng l\u00e0m s\u1ea1ch ch\u1ed1ng b\u00e1m khu\u1ea9n \u1edf m\u1ee9c \u0111\u1ed9 cao .<br \/>\n\u2022 T\u00edch h\u1ee3p h\u1ec7 th\u1ed1ng camera ph\u1eabu thu\u1eadt HD &#8211; \u0110\u1ed9 ph\u00f3ng \u0111\u1ea1i quang h\u1ecdc k\u1ef9 thu\u1eadt s\u1ed1 10x,12x<\/p>\n<p><iframe loading=\"lazy\" src=\"\/\/player.vimeo.com\/video\/89303811?title=0&amp;amp;byline=0\" width=\"425\" height=\"350\" allowfullscreen=\"allowfullscreen\"><\/iframe><img loading=\"lazy\" decoding=\"async\" class=\"wp-image-1561 alignnone\" src=\"http:\/\/eastmedical.vn\/wp-content\/uploads\/2019\/03\/amico_System.jpg\" alt=\"\" width=\"795\" height=\"658\" srcset=\"https:\/\/eastmedical.vn\/wp-content\/uploads\/2019\/03\/amico_System.jpg 1582w, https:\/\/eastmedical.vn\/wp-content\/uploads\/2019\/03\/amico_System-483x400.jpg 483w, https:\/\/eastmedical.vn\/wp-content\/uploads\/2019\/03\/amico_System-768x636.jpg 768w, https:\/\/eastmedical.vn\/wp-content\/uploads\/2019\/03\/amico_System-966x800.jpg 966w, https:\/\/eastmedical.vn\/wp-content\/uploads\/2019\/03\/amico_System-36x30.jpg 36w, https:\/\/eastmedical.vn\/wp-content\/uploads\/2019\/03\/amico_System-600x497.jpg 600w\" sizes=\"auto, (max-width: 795px) 100vw, 795px\" \/><\/p>\n<p>&nbsp;<\/p>\n","protected":false},"excerpt":{"rendered":"<p>Tay c\u1ea7m smart handle c\u1ea3m \u1ee9ng \u0111i\u1ec7n dung<br \/>\nC\u01b0\u1eddng \u0111\u1ed9 s\u00e1ng: 160.000 x 2<br \/>\nH\u00e3ng: Amico<br \/>\nModel: iCE30 LED<br \/>\nN\u01b0\u1edbc sx: Canada<br \/>\nIso, FDA<\/p>\n","protected":false},"featured_media":1545,"comment_status":"open","ping_status":"closed","template":"","meta":{"_acf_changed":false},"product_brand":[],"product_cat":[168],"product_tag":[],"class_list":{"0":"post-1564","1":"product","2":"type-product","3":"status-publish","4":"has-post-thumbnail","6":"product_cat-medical-lights","7":"yith_product_brand-ice-30-led-hang-amico-en","9":"first","10":"instock","11":"shipping-taxable","12":"product-type-simple"},"acf":[],"yoast_head":"<!-- This site is optimized with the Yoast SEO plugin v24.5 - https:\/\/yoast.com\/wordpress\/plugins\/seo\/ -->\n<title>\u0110\u00e8n ph\u1eabu thu\u1eadt Amico- \u0110\u00e8n m\u1ed5 Led treo tr\u1ea7n th\u00f4ng minh - C\u00d4NG TY TNHH TM DV Y T\u1ebe MI\u1ec0N \u0110\u00d4NG<\/title>\n<meta name=\"robots\" content=\"index, follow, max-snippet:-1, max-image-preview:large, max-video-preview:-1\" \/>\n<link rel=\"canonical\" href=\"https:\/\/eastmedical.vn\/en\/shop\/den-phau-thuat-amico-den-mo-led-treo-tran-thong-minh\/\" \/>\n<meta property=\"og:locale\" content=\"en_US\" \/>\n<meta property=\"og:type\" content=\"article\" \/>\n<meta property=\"og:title\" content=\"\u0110\u00e8n ph\u1eabu thu\u1eadt Amico- \u0110\u00e8n m\u1ed5 Led treo tr\u1ea7n th\u00f4ng minh - C\u00d4NG TY TNHH TM DV Y T\u1ebe MI\u1ec0N \u0110\u00d4NG\" \/>\n<meta property=\"og:description\" content=\"Tay c\u1ea7m smart handle c\u1ea3m \u1ee9ng \u0111i\u1ec7n dung C\u01b0\u1eddng \u0111\u1ed9 s\u00e1ng: 160.000 x 2 H\u00e3ng: Amico Model: iCE30 LED N\u01b0\u1edbc sx: Canada Iso, FDA\" \/>\n<meta property=\"og:url\" content=\"https:\/\/eastmedical.vn\/en\/shop\/den-phau-thuat-amico-den-mo-led-treo-tran-thong-minh\/\" \/>\n<meta property=\"og:site_name\" content=\"C\u00d4NG TY TNHH TM DV Y T\u1ebe MI\u1ec0N \u0110\u00d4NG\" \/>\n<meta property=\"article:modified_time\" content=\"2019-05-29T16:08:59+00:00\" \/>\n<meta property=\"og:image\" content=\"https:\/\/eastmedical.vn\/wp-content\/uploads\/2019\/03\/amico_led-4.jpg\" \/>\n\t<meta property=\"og:image:width\" content=\"303\" \/>\n\t<meta property=\"og:image:height\" content=\"240\" \/>\n\t<meta property=\"og:image:type\" content=\"image\/jpeg\" \/>\n<meta name=\"twitter:card\" content=\"summary_large_image\" \/>\n<meta name=\"twitter:label1\" content=\"Est. reading time\" \/>\n\t<meta name=\"twitter:data1\" content=\"3 minutes\" \/>\n<script type=\"application\/ld+json\" class=\"yoast-schema-graph\">{\"@context\":\"https:\/\/schema.org\",\"@graph\":[{\"@type\":\"WebPage\",\"@id\":\"https:\/\/eastmedical.vn\/en\/shop\/den-phau-thuat-amico-den-mo-led-treo-tran-thong-minh\/\",\"url\":\"https:\/\/eastmedical.vn\/en\/shop\/den-phau-thuat-amico-den-mo-led-treo-tran-thong-minh\/\",\"name\":\"\u0110\u00e8n ph\u1eabu thu\u1eadt Amico- \u0110\u00e8n m\u1ed5 Led treo tr\u1ea7n th\u00f4ng minh - C\u00d4NG TY TNHH TM DV Y T\u1ebe MI\u1ec0N \u0110\u00d4NG\",\"isPartOf\":{\"@id\":\"https:\/\/eastmedical.vn\/#website\"},\"primaryImageOfPage\":{\"@id\":\"https:\/\/eastmedical.vn\/en\/shop\/den-phau-thuat-amico-den-mo-led-treo-tran-thong-minh\/#primaryimage\"},\"image\":{\"@id\":\"https:\/\/eastmedical.vn\/en\/shop\/den-phau-thuat-amico-den-mo-led-treo-tran-thong-minh\/#primaryimage\"},\"thumbnailUrl\":\"https:\/\/eastmedical.vn\/wp-content\/uploads\/2019\/03\/amico_led-4.jpg\",\"datePublished\":\"2019-03-15T10:32:01+00:00\",\"dateModified\":\"2019-05-29T16:08:59+00:00\",\"breadcrumb\":{\"@id\":\"https:\/\/eastmedical.vn\/en\/shop\/den-phau-thuat-amico-den-mo-led-treo-tran-thong-minh\/#breadcrumb\"},\"inLanguage\":\"en-US\",\"potentialAction\":[{\"@type\":\"ReadAction\",\"target\":[\"https:\/\/eastmedical.vn\/en\/shop\/den-phau-thuat-amico-den-mo-led-treo-tran-thong-minh\/\"]}]},{\"@type\":\"ImageObject\",\"inLanguage\":\"en-US\",\"@id\":\"https:\/\/eastmedical.vn\/en\/shop\/den-phau-thuat-amico-den-mo-led-treo-tran-thong-minh\/#primaryimage\",\"url\":\"https:\/\/eastmedical.vn\/wp-content\/uploads\/2019\/03\/amico_led-4.jpg\",\"contentUrl\":\"https:\/\/eastmedical.vn\/wp-content\/uploads\/2019\/03\/amico_led-4.jpg\",\"width\":303,\"height\":240},{\"@type\":\"BreadcrumbList\",\"@id\":\"https:\/\/eastmedical.vn\/en\/shop\/den-phau-thuat-amico-den-mo-led-treo-tran-thong-minh\/#breadcrumb\",\"itemListElement\":[{\"@type\":\"ListItem\",\"position\":1,\"name\":\"Home\",\"item\":\"https:\/\/eastmedical.vn\/en\/\"},{\"@type\":\"ListItem\",\"position\":2,\"name\":\"Products\",\"item\":\"https:\/\/eastmedical.vn\/en\/shop\/\"},{\"@type\":\"ListItem\",\"position\":3,\"name\":\"\u0110\u00e8n ph\u1eabu thu\u1eadt Amico- \u0110\u00e8n m\u1ed5 Led treo tr\u1ea7n th\u00f4ng minh\"}]},{\"@type\":\"WebSite\",\"@id\":\"https:\/\/eastmedical.vn\/#website\",\"url\":\"https:\/\/eastmedical.vn\/\",\"name\":\"C\u00d4NG TY TNHH TM DV Y T\u1ebe MI\u1ec0N \u0110\u00d4NG\",\"description\":\"C\u00d4NG TY TNHH TM DV Y T\u1ebe MI\u1ec0N \u0110\u00d4NG\",\"potentialAction\":[{\"@type\":\"SearchAction\",\"target\":{\"@type\":\"EntryPoint\",\"urlTemplate\":\"https:\/\/eastmedical.vn\/?s={search_term_string}\"},\"query-input\":{\"@type\":\"PropertyValueSpecification\",\"valueRequired\":true,\"valueName\":\"search_term_string\"}}],\"inLanguage\":\"en-US\"}]}<\/script>\n<!-- \/ Yoast SEO plugin. -->","yoast_head_json":{"title":"\u0110\u00e8n ph\u1eabu thu\u1eadt Amico- \u0110\u00e8n m\u1ed5 Led treo tr\u1ea7n th\u00f4ng minh - C\u00d4NG TY TNHH TM DV Y T\u1ebe MI\u1ec0N \u0110\u00d4NG","robots":{"index":"index","follow":"follow","max-snippet":"max-snippet:-1","max-image-preview":"max-image-preview:large","max-video-preview":"max-video-preview:-1"},"canonical":"https:\/\/eastmedical.vn\/en\/shop\/den-phau-thuat-amico-den-mo-led-treo-tran-thong-minh\/","og_locale":"en_US","og_type":"article","og_title":"\u0110\u00e8n ph\u1eabu thu\u1eadt Amico- \u0110\u00e8n m\u1ed5 Led treo tr\u1ea7n th\u00f4ng minh - C\u00d4NG TY TNHH TM DV Y T\u1ebe MI\u1ec0N \u0110\u00d4NG","og_description":"Tay c\u1ea7m smart handle c\u1ea3m \u1ee9ng \u0111i\u1ec7n dung C\u01b0\u1eddng \u0111\u1ed9 s\u00e1ng: 160.000 x 2 H\u00e3ng: Amico Model: iCE30 LED N\u01b0\u1edbc sx: Canada Iso, FDA","og_url":"https:\/\/eastmedical.vn\/en\/shop\/den-phau-thuat-amico-den-mo-led-treo-tran-thong-minh\/","og_site_name":"C\u00d4NG TY TNHH TM DV Y T\u1ebe MI\u1ec0N \u0110\u00d4NG","article_modified_time":"2019-05-29T16:08:59+00:00","og_image":[{"width":303,"height":240,"url":"https:\/\/eastmedical.vn\/wp-content\/uploads\/2019\/03\/amico_led-4.jpg","type":"image\/jpeg"}],"twitter_card":"summary_large_image","twitter_misc":{"Est. reading time":"3 minutes"},"schema":{"@context":"https:\/\/schema.org","@graph":[{"@type":"WebPage","@id":"https:\/\/eastmedical.vn\/en\/shop\/den-phau-thuat-amico-den-mo-led-treo-tran-thong-minh\/","url":"https:\/\/eastmedical.vn\/en\/shop\/den-phau-thuat-amico-den-mo-led-treo-tran-thong-minh\/","name":"\u0110\u00e8n ph\u1eabu thu\u1eadt Amico- \u0110\u00e8n m\u1ed5 Led treo tr\u1ea7n th\u00f4ng minh - C\u00d4NG TY TNHH TM DV Y T\u1ebe MI\u1ec0N \u0110\u00d4NG","isPartOf":{"@id":"https:\/\/eastmedical.vn\/#website"},"primaryImageOfPage":{"@id":"https:\/\/eastmedical.vn\/en\/shop\/den-phau-thuat-amico-den-mo-led-treo-tran-thong-minh\/#primaryimage"},"image":{"@id":"https:\/\/eastmedical.vn\/en\/shop\/den-phau-thuat-amico-den-mo-led-treo-tran-thong-minh\/#primaryimage"},"thumbnailUrl":"https:\/\/eastmedical.vn\/wp-content\/uploads\/2019\/03\/amico_led-4.jpg","datePublished":"2019-03-15T10:32:01+00:00","dateModified":"2019-05-29T16:08:59+00:00","breadcrumb":{"@id":"https:\/\/eastmedical.vn\/en\/shop\/den-phau-thuat-amico-den-mo-led-treo-tran-thong-minh\/#breadcrumb"},"inLanguage":"en-US","potentialAction":[{"@type":"ReadAction","target":["https:\/\/eastmedical.vn\/en\/shop\/den-phau-thuat-amico-den-mo-led-treo-tran-thong-minh\/"]}]},{"@type":"ImageObject","inLanguage":"en-US","@id":"https:\/\/eastmedical.vn\/en\/shop\/den-phau-thuat-amico-den-mo-led-treo-tran-thong-minh\/#primaryimage","url":"https:\/\/eastmedical.vn\/wp-content\/uploads\/2019\/03\/amico_led-4.jpg","contentUrl":"https:\/\/eastmedical.vn\/wp-content\/uploads\/2019\/03\/amico_led-4.jpg","width":303,"height":240},{"@type":"BreadcrumbList","@id":"https:\/\/eastmedical.vn\/en\/shop\/den-phau-thuat-amico-den-mo-led-treo-tran-thong-minh\/#breadcrumb","itemListElement":[{"@type":"ListItem","position":1,"name":"Home","item":"https:\/\/eastmedical.vn\/en\/"},{"@type":"ListItem","position":2,"name":"Products","item":"https:\/\/eastmedical.vn\/en\/shop\/"},{"@type":"ListItem","position":3,"name":"\u0110\u00e8n ph\u1eabu thu\u1eadt Amico- \u0110\u00e8n m\u1ed5 Led treo tr\u1ea7n th\u00f4ng minh"}]},{"@type":"WebSite","@id":"https:\/\/eastmedical.vn\/#website","url":"https:\/\/eastmedical.vn\/","name":"C\u00d4NG TY TNHH TM DV Y T\u1ebe MI\u1ec0N \u0110\u00d4NG","description":"C\u00d4NG TY TNHH TM DV Y T\u1ebe MI\u1ec0N \u0110\u00d4NG","potentialAction":[{"@type":"SearchAction","target":{"@type":"EntryPoint","urlTemplate":"https:\/\/eastmedical.vn\/?s={search_term_string}"},"query-input":{"@type":"PropertyValueSpecification","valueRequired":true,"valueName":"search_term_string"}}],"inLanguage":"en-US"}]}},"_links":{"self":[{"href":"https:\/\/eastmedical.vn\/en\/wp-json\/wp\/v2\/product\/1564","targetHints":{"allow":["GET"]}}],"collection":[{"href":"https:\/\/eastmedical.vn\/en\/wp-json\/wp\/v2\/product"}],"about":[{"href":"https:\/\/eastmedical.vn\/en\/wp-json\/wp\/v2\/types\/product"}],"replies":[{"embeddable":true,"href":"https:\/\/eastmedical.vn\/en\/wp-json\/wp\/v2\/comments?post=1564"}],"wp:featuredmedia":[{"embeddable":true,"href":"https:\/\/eastmedical.vn\/en\/wp-json\/wp\/v2\/media\/1545"}],"wp:attachment":[{"href":"https:\/\/eastmedical.vn\/en\/wp-json\/wp\/v2\/media?parent=1564"}],"wp:term":[{"taxonomy":"product_brand","embeddable":true,"href":"https:\/\/eastmedical.vn\/en\/wp-json\/wp\/v2\/product_brand?post=1564"},{"taxonomy":"product_cat","embeddable":true,"href":"https:\/\/eastmedical.vn\/en\/wp-json\/wp\/v2\/product_cat?post=1564"},{"taxonomy":"product_tag","embeddable":true,"href":"https:\/\/eastmedical.vn\/en\/wp-json\/wp\/v2\/product_tag?post=1564"}],"curies":[{"name":"wp","href":"https:\/\/api.w.org\/{rel}","templated":true}]}}