{"id":1675,"date":"2019-05-30T03:30:04","date_gmt":"2019-05-30T03:30:04","guid":{"rendered":"http:\/\/eastmedical.vn\/?post_type=product&#038;p=1675"},"modified":"2019-05-30T07:18:14","modified_gmt":"2019-05-30T07:18:14","slug":"den-phau-thuat-led-amico-tich-hop-camera-hd-phau-thuat","status":"publish","type":"product","link":"https:\/\/eastmedical.vn\/en\/shop\/den-phau-thuat-led-amico-tich-hop-camera-hd-phau-thuat\/","title":{"rendered":"\u0110\u00e8n ph\u1eabu thu\u1eadt Led Amico &#8211; T\u00edch h\u1ee3p Camera HD ph\u1eabu thu\u1eadt"},"content":{"rendered":"<p><strong>C\u00f4ng Ty Mi\u1ec1n \u0110\u00f4ng<\/strong> t\u1ef1 h\u00e0o l\u00e0 \u0111\u1ea1i di\u1ec7n h\u00e3ng Amico gi\u1edbi thi\u1ec7u gi\u1ea3i ph\u00e1p l\u00e2m s\u00e0ng G7 \u00a0t\u1ea1o ra c\u00e1c s\u1ea3n ph\u1ea9m ti\u00ean ti\u1ebfn \u0111\u1ec3 \u0111\u1ea3m b\u1ea3o tr\u1ea3i nghi\u1ec7m t\u1ed1t nh\u1ea5t c\u00f3 th\u1ec3.<\/p>\n<p><em><span style=\"font-size: 100%;\"><strong>\u0110\u1ea1t chu\u1ea9n 5 sao t\u1eeb t\u1ed5 ch\u1ee9c ECRI (T\u1ed5 ch\u1ee9c ki\u1ec3m \u0111\u1ecbnh ch\u1ea5t l\u01b0\u1ee3ng, an to\u00e0n v\u00e0 c\u00f4ng ngh\u1ec7 l\u00e2m s\u00e0ng thi\u1ebft b\u1ecb y t\u1ebf c\u1ee7a th\u1ebf gi\u1edbi)<\/strong><\/span><\/em><\/p>\n<p><span style=\"color: #d83131;\"><strong>T\u00ednh n\u0103ng c\u00f4ng ngh\u1ec7 th\u00f4ng minh:<\/strong><\/span><br \/>\n\u2022 \u0110\u00e8n LED \u0111i\u1ec1u ch\u1ec9nh nhi\u1ec1u m\u1ee9c m\u00e0u cao c\u1ea5p (t\u1eeb 3.500K-5.000K) \u1edf \u0111\u1ed9 s\u00e1ng t\u1ed1i \u0111a 160.000 lux<br \/>\n\u2022 B\u00f3ng Led \u0111\u01a1n s\u1eafc v\u1edbi c\u00f4ng ngh\u1ec7 \u0111\u1ed9c quy\u1ec1n s\u00e1ng ch\u1ebf, tu\u1ed5i th\u1ecd &gt;50.000h<br \/>\n\u2022 Smart Handle: Tay c\u1ea7m c\u1ea3m \u1ee9ng \u0111i\u1ec7n dung th\u00f4ng minh \u0111i\u1ec1u ch\u1ec9nh ch\u1ee9c n\u0103ng \u0111\u00e8n qua c\u1ea3m bi\u1ebfn gi\u00fap t\u1ed1i \u01b0u ho\u00e1 thao t\u00e1c v\u00e0 ch\u1ed1ng nhi\u1ec5m khu\u1ea9n ti\u1ebfp x\u00fac.<br \/>\n\u2022 Ch\u1ebf \u0111\u1ed9 \u0111\u00e8n kh\u1ea9n c\u1ea5p t\u1ef1 \u0111\u1ed9ng \u0111\u1ea3m b\u1ea3o \u00e1nh s\u00e1ng c\u1ee7a b\u1ea1n s\u1ebd ho\u1ea1t \u0111\u1ed9ng m\u1ecdi l\u00fac, m\u1ecdi n\u01a1i v\u00e0 khi g\u1eb7p s\u1ef1 c\u1ed1.<br \/>\n\u2022 T\u1ef1 \u0111\u1ed9ng ki\u1ec3m so\u00e1t b\u00f3ng m\u1edd th\u00f4ng minh, tr\u01b0\u1eddng s\u00e1ng l\u1edbn gi\u00fap tho\u1ea3i m\u00e1i thay \u0111\u1ed5i v\u1ecb tr\u00ed m\u00e0 kh\u00f4ng c\u1ea7n \u0111i\u1ec1u ch\u1ec9nh \u0111\u00e8n<br \/>\n\u2022 Thi\u1ebft k\u1ebf kh\u00ed \u0111\u1ed9ng h\u1ecdc v\u1edbi c\u00e1c khe h\u1edf d\u00f2ng ch\u1ea3y, cho ph\u00e9p kh\u00f3i ph\u1eabu thu\u1eadt bay th\u00f4ng tho\u00e1ng<br \/>\n\u2022 Ch\u1ebf \u0111\u1ed9 endo \u0111\u1ec3 ph\u1eabu thu\u1eadt n\u1ed9i soi<br \/>\n\u2022 C\u00f3 th\u1ec3 b\u1ea3o tr\u00ec thay th\u1ebf t\u1eebng b\u00f3ng Led ri\u00eang l\u1ebb, ti\u1ebft ki\u1ec7m chi ph\u00ed l\u00e2u d\u00e0i.<br \/>\n\u2022 Thi\u1ebft k\u1ebf li\u1ec1n m\u1ea1ch, v\u1eadt li\u1ec7u ch\u1ed1ng b\u00e1m khu\u1ea9n cho ph\u00e9p d\u1ec5 d\u00e0ng l\u00e0m s\u1ea1ch ch\u1ed1ng b\u00e1m khu\u1ea9n \u1edf m\u1ee9c \u0111\u1ed9 cao .<br \/>\n\u2022 T\u00edch h\u1ee3p h\u1ec7 th\u1ed1ng camera ph\u1eabu thu\u1eadt HD &#8211; \u0110\u1ed9 ph\u00f3ng \u0111\u1ea1i quang h\u1ecdc k\u1ef9 thu\u1eadt s\u1ed1 10x,12x<br \/>\nC\u1ea5u h\u00ecnh CAMERA:<br \/>\n\u2022 K\u1ebft n\u1ed1i m\u1ea1ng<br \/>\n\u2022 T\u00edch h\u1ee3p camera HD<br \/>\n\u2022 B\u1ea3ng \u0111i\u1ec1u khi\u1ec3n camera ri\u00eang bi\u1ec7t<br \/>\n\u2022 \u0110\u1ed9 ph\u00f3ng \u0111\u1ea1i quang h\u1ecdc k\u1ef9 thu\u1eadt s\u1ed1 10x,12x<br \/>\n\u2022 \u0110\u00e1p \u1ee9ng khung h\u00ecnh 60 \u1ea3nh tr\u00ean gi\u00e2y<br \/>\n\u2022 \u0110\u1ed9 ph\u00e2n gi\u1ea3i 2,380,000-pixel<br \/>\n\u2022 Kh\u1ea3ng c\u00e1ch l\u00e0m vi\u1ec7c 10 mm to 800 mm<br \/>\n\u2022 M\u00e0n h\u00ecnh ph\u1eabu thu\u1eadt l\u1edbn<br \/>\n\u2022 Kh\u1edbp n\u1ed1i tr\u1ee3 l\u1ef1c th\u1eb3ng<br \/>\n\u2022 New Gi\u00e1 treo m\u00e0n m\u00ecnh th\u1ebf h\u1ec7 m\u1edbi v\u1edbi g\u00f3c xoay &gt;360 \u0111\u1ed9<br \/>\n\u2022 Tu\u1ef3 ch\u1ecdn gi\u00e1 \u0111\u1ee1 m\u00e0n h\u00ecnh \u0111\u01a1n ho\u1eb7c k\u00e9p<br \/>\n\u2022 Ch\u1ebf \u0111\u1ed9 ph\u1eabu thu\u1eadt n\u1ed9i soi ri\u00eang<br \/>\n\u2022 Th\u00edch h\u1ee3p c\u00e1c chu\u1ea9n k\u1ebft n\u1ed1i chung<\/p>\n<p>L\u1ef1a ch\u1ecdn c\u1ea5u h\u00ecnh \u0111\u00e8n:<\/p>\n<p><iframe loading=\"lazy\" src=\"\/\/player.vimeo.com\/video\/89303811?title=0&amp;amp;byline=0\" width=\"425\" height=\"350\" allowfullscreen=\"allowfullscreen\"><\/iframe><img loading=\"lazy\" decoding=\"async\" class=\"wp-image-1561 alignnone\" src=\"http:\/\/eastmedical.vn\/wp-content\/uploads\/2019\/03\/amico_System.jpg\" alt=\"\" width=\"795\" height=\"658\" srcset=\"https:\/\/eastmedical.vn\/wp-content\/uploads\/2019\/03\/amico_System.jpg 1582w, https:\/\/eastmedical.vn\/wp-content\/uploads\/2019\/03\/amico_System-483x400.jpg 483w, https:\/\/eastmedical.vn\/wp-content\/uploads\/2019\/03\/amico_System-768x636.jpg 768w, https:\/\/eastmedical.vn\/wp-content\/uploads\/2019\/03\/amico_System-966x800.jpg 966w, https:\/\/eastmedical.vn\/wp-content\/uploads\/2019\/03\/amico_System-36x30.jpg 36w, https:\/\/eastmedical.vn\/wp-content\/uploads\/2019\/03\/amico_System-600x497.jpg 600w\" sizes=\"auto, (max-width: 795px) 100vw, 795px\" \/><\/p>\n<p>&nbsp;<\/p>\n","protected":false},"excerpt":{"rendered":"<p>C\u01b0\u1eddng \u0111\u1ed9 s\u00e1ng 90.000lux<br \/>\nModel: Mira 90 Led<br \/>\nH\u00e3ng s\u1ea3n xu\u1ea5t: Amico<br \/>\nXu\u1ea5t x\u1ee9 G7: Canada<\/p>\n","protected":false},"featured_media":1664,"comment_status":"open","ping_status":"closed","template":"","meta":{"_acf_changed":false},"product_brand":[],"product_cat":[168],"product_tag":[],"class_list":{"0":"post-1675","1":"product","2":"type-product","3":"status-publish","4":"has-post-thumbnail","6":"product_cat-medical-lights","7":"yith_product_brand-ice-30-led-hang-amico-en","9":"first","10":"instock","11":"shipping-taxable","12":"product-type-simple"},"acf":[],"yoast_head":"<!-- This site is optimized with the Yoast SEO plugin v24.5 - https:\/\/yoast.com\/wordpress\/plugins\/seo\/ -->\n<title>\u0110\u00e8n ph\u1eabu thu\u1eadt Led Amico - T\u00edch h\u1ee3p Camera HD ph\u1eabu thu\u1eadt - C\u00d4NG TY TNHH TM DV Y T\u1ebe MI\u1ec0N \u0110\u00d4NG<\/title>\n<meta name=\"robots\" content=\"index, follow, max-snippet:-1, max-image-preview:large, max-video-preview:-1\" \/>\n<link rel=\"canonical\" href=\"https:\/\/eastmedical.vn\/en\/shop\/den-phau-thuat-led-amico-tich-hop-camera-hd-phau-thuat\/\" \/>\n<meta property=\"og:locale\" content=\"en_US\" \/>\n<meta property=\"og:type\" content=\"article\" \/>\n<meta property=\"og:title\" content=\"\u0110\u00e8n ph\u1eabu thu\u1eadt Led Amico - T\u00edch h\u1ee3p Camera HD ph\u1eabu thu\u1eadt - C\u00d4NG TY TNHH TM DV Y T\u1ebe MI\u1ec0N \u0110\u00d4NG\" \/>\n<meta property=\"og:description\" content=\"C\u01b0\u1eddng \u0111\u1ed9 s\u00e1ng 90.000lux Model: Mira 90 Led H\u00e3ng s\u1ea3n xu\u1ea5t: Amico Xu\u1ea5t x\u1ee9 G7: Canada\" \/>\n<meta property=\"og:url\" content=\"https:\/\/eastmedical.vn\/en\/shop\/den-phau-thuat-led-amico-tich-hop-camera-hd-phau-thuat\/\" \/>\n<meta property=\"og:site_name\" content=\"C\u00d4NG TY TNHH TM DV Y T\u1ebe MI\u1ec0N \u0110\u00d4NG\" \/>\n<meta property=\"article:modified_time\" content=\"2019-05-30T07:18:14+00:00\" \/>\n<meta property=\"og:image\" content=\"https:\/\/eastmedical.vn\/wp-content\/uploads\/2019\/05\/amico_ice30.jpg\" \/>\n\t<meta property=\"og:image:width\" content=\"350\" \/>\n\t<meta property=\"og:image:height\" content=\"290\" \/>\n\t<meta property=\"og:image:type\" content=\"image\/jpeg\" \/>\n<meta name=\"twitter:card\" content=\"summary_large_image\" \/>\n<meta name=\"twitter:label1\" content=\"Est. reading time\" \/>\n\t<meta name=\"twitter:data1\" content=\"3 minutes\" \/>\n<script type=\"application\/ld+json\" class=\"yoast-schema-graph\">{\"@context\":\"https:\/\/schema.org\",\"@graph\":[{\"@type\":\"WebPage\",\"@id\":\"https:\/\/eastmedical.vn\/en\/shop\/den-phau-thuat-led-amico-tich-hop-camera-hd-phau-thuat\/\",\"url\":\"https:\/\/eastmedical.vn\/en\/shop\/den-phau-thuat-led-amico-tich-hop-camera-hd-phau-thuat\/\",\"name\":\"\u0110\u00e8n ph\u1eabu thu\u1eadt Led Amico - T\u00edch h\u1ee3p Camera HD ph\u1eabu thu\u1eadt - C\u00d4NG TY TNHH TM DV Y T\u1ebe MI\u1ec0N \u0110\u00d4NG\",\"isPartOf\":{\"@id\":\"https:\/\/eastmedical.vn\/#website\"},\"primaryImageOfPage\":{\"@id\":\"https:\/\/eastmedical.vn\/en\/shop\/den-phau-thuat-led-amico-tich-hop-camera-hd-phau-thuat\/#primaryimage\"},\"image\":{\"@id\":\"https:\/\/eastmedical.vn\/en\/shop\/den-phau-thuat-led-amico-tich-hop-camera-hd-phau-thuat\/#primaryimage\"},\"thumbnailUrl\":\"https:\/\/eastmedical.vn\/wp-content\/uploads\/2019\/05\/amico_ice30.jpg\",\"datePublished\":\"2019-05-30T03:30:04+00:00\",\"dateModified\":\"2019-05-30T07:18:14+00:00\",\"breadcrumb\":{\"@id\":\"https:\/\/eastmedical.vn\/en\/shop\/den-phau-thuat-led-amico-tich-hop-camera-hd-phau-thuat\/#breadcrumb\"},\"inLanguage\":\"en-US\",\"potentialAction\":[{\"@type\":\"ReadAction\",\"target\":[\"https:\/\/eastmedical.vn\/en\/shop\/den-phau-thuat-led-amico-tich-hop-camera-hd-phau-thuat\/\"]}]},{\"@type\":\"ImageObject\",\"inLanguage\":\"en-US\",\"@id\":\"https:\/\/eastmedical.vn\/en\/shop\/den-phau-thuat-led-amico-tich-hop-camera-hd-phau-thuat\/#primaryimage\",\"url\":\"https:\/\/eastmedical.vn\/wp-content\/uploads\/2019\/05\/amico_ice30.jpg\",\"contentUrl\":\"https:\/\/eastmedical.vn\/wp-content\/uploads\/2019\/05\/amico_ice30.jpg\",\"width\":350,\"height\":290},{\"@type\":\"BreadcrumbList\",\"@id\":\"https:\/\/eastmedical.vn\/en\/shop\/den-phau-thuat-led-amico-tich-hop-camera-hd-phau-thuat\/#breadcrumb\",\"itemListElement\":[{\"@type\":\"ListItem\",\"position\":1,\"name\":\"Home\",\"item\":\"https:\/\/eastmedical.vn\/en\/\"},{\"@type\":\"ListItem\",\"position\":2,\"name\":\"Products\",\"item\":\"https:\/\/eastmedical.vn\/en\/shop\/\"},{\"@type\":\"ListItem\",\"position\":3,\"name\":\"\u0110\u00e8n ph\u1eabu thu\u1eadt Led Amico &#8211; T\u00edch h\u1ee3p Camera HD ph\u1eabu thu\u1eadt\"}]},{\"@type\":\"WebSite\",\"@id\":\"https:\/\/eastmedical.vn\/#website\",\"url\":\"https:\/\/eastmedical.vn\/\",\"name\":\"C\u00d4NG TY TNHH TM DV Y T\u1ebe MI\u1ec0N \u0110\u00d4NG\",\"description\":\"C\u00d4NG TY TNHH TM DV Y T\u1ebe MI\u1ec0N \u0110\u00d4NG\",\"potentialAction\":[{\"@type\":\"SearchAction\",\"target\":{\"@type\":\"EntryPoint\",\"urlTemplate\":\"https:\/\/eastmedical.vn\/?s={search_term_string}\"},\"query-input\":{\"@type\":\"PropertyValueSpecification\",\"valueRequired\":true,\"valueName\":\"search_term_string\"}}],\"inLanguage\":\"en-US\"}]}<\/script>\n<!-- \/ Yoast SEO plugin. -->","yoast_head_json":{"title":"\u0110\u00e8n ph\u1eabu thu\u1eadt Led Amico - T\u00edch h\u1ee3p Camera HD ph\u1eabu thu\u1eadt - C\u00d4NG TY TNHH TM DV Y T\u1ebe MI\u1ec0N \u0110\u00d4NG","robots":{"index":"index","follow":"follow","max-snippet":"max-snippet:-1","max-image-preview":"max-image-preview:large","max-video-preview":"max-video-preview:-1"},"canonical":"https:\/\/eastmedical.vn\/en\/shop\/den-phau-thuat-led-amico-tich-hop-camera-hd-phau-thuat\/","og_locale":"en_US","og_type":"article","og_title":"\u0110\u00e8n ph\u1eabu thu\u1eadt Led Amico - T\u00edch h\u1ee3p Camera HD ph\u1eabu thu\u1eadt - C\u00d4NG TY TNHH TM DV Y T\u1ebe MI\u1ec0N \u0110\u00d4NG","og_description":"C\u01b0\u1eddng \u0111\u1ed9 s\u00e1ng 90.000lux Model: Mira 90 Led H\u00e3ng s\u1ea3n xu\u1ea5t: Amico Xu\u1ea5t x\u1ee9 G7: Canada","og_url":"https:\/\/eastmedical.vn\/en\/shop\/den-phau-thuat-led-amico-tich-hop-camera-hd-phau-thuat\/","og_site_name":"C\u00d4NG TY TNHH TM DV Y T\u1ebe MI\u1ec0N \u0110\u00d4NG","article_modified_time":"2019-05-30T07:18:14+00:00","og_image":[{"width":350,"height":290,"url":"https:\/\/eastmedical.vn\/wp-content\/uploads\/2019\/05\/amico_ice30.jpg","type":"image\/jpeg"}],"twitter_card":"summary_large_image","twitter_misc":{"Est. reading time":"3 minutes"},"schema":{"@context":"https:\/\/schema.org","@graph":[{"@type":"WebPage","@id":"https:\/\/eastmedical.vn\/en\/shop\/den-phau-thuat-led-amico-tich-hop-camera-hd-phau-thuat\/","url":"https:\/\/eastmedical.vn\/en\/shop\/den-phau-thuat-led-amico-tich-hop-camera-hd-phau-thuat\/","name":"\u0110\u00e8n ph\u1eabu thu\u1eadt Led Amico - T\u00edch h\u1ee3p Camera HD ph\u1eabu thu\u1eadt - C\u00d4NG TY TNHH TM DV Y T\u1ebe MI\u1ec0N \u0110\u00d4NG","isPartOf":{"@id":"https:\/\/eastmedical.vn\/#website"},"primaryImageOfPage":{"@id":"https:\/\/eastmedical.vn\/en\/shop\/den-phau-thuat-led-amico-tich-hop-camera-hd-phau-thuat\/#primaryimage"},"image":{"@id":"https:\/\/eastmedical.vn\/en\/shop\/den-phau-thuat-led-amico-tich-hop-camera-hd-phau-thuat\/#primaryimage"},"thumbnailUrl":"https:\/\/eastmedical.vn\/wp-content\/uploads\/2019\/05\/amico_ice30.jpg","datePublished":"2019-05-30T03:30:04+00:00","dateModified":"2019-05-30T07:18:14+00:00","breadcrumb":{"@id":"https:\/\/eastmedical.vn\/en\/shop\/den-phau-thuat-led-amico-tich-hop-camera-hd-phau-thuat\/#breadcrumb"},"inLanguage":"en-US","potentialAction":[{"@type":"ReadAction","target":["https:\/\/eastmedical.vn\/en\/shop\/den-phau-thuat-led-amico-tich-hop-camera-hd-phau-thuat\/"]}]},{"@type":"ImageObject","inLanguage":"en-US","@id":"https:\/\/eastmedical.vn\/en\/shop\/den-phau-thuat-led-amico-tich-hop-camera-hd-phau-thuat\/#primaryimage","url":"https:\/\/eastmedical.vn\/wp-content\/uploads\/2019\/05\/amico_ice30.jpg","contentUrl":"https:\/\/eastmedical.vn\/wp-content\/uploads\/2019\/05\/amico_ice30.jpg","width":350,"height":290},{"@type":"BreadcrumbList","@id":"https:\/\/eastmedical.vn\/en\/shop\/den-phau-thuat-led-amico-tich-hop-camera-hd-phau-thuat\/#breadcrumb","itemListElement":[{"@type":"ListItem","position":1,"name":"Home","item":"https:\/\/eastmedical.vn\/en\/"},{"@type":"ListItem","position":2,"name":"Products","item":"https:\/\/eastmedical.vn\/en\/shop\/"},{"@type":"ListItem","position":3,"name":"\u0110\u00e8n ph\u1eabu thu\u1eadt Led Amico &#8211; T\u00edch h\u1ee3p Camera HD ph\u1eabu thu\u1eadt"}]},{"@type":"WebSite","@id":"https:\/\/eastmedical.vn\/#website","url":"https:\/\/eastmedical.vn\/","name":"C\u00d4NG TY TNHH TM DV Y T\u1ebe MI\u1ec0N \u0110\u00d4NG","description":"C\u00d4NG TY TNHH TM DV Y T\u1ebe MI\u1ec0N \u0110\u00d4NG","potentialAction":[{"@type":"SearchAction","target":{"@type":"EntryPoint","urlTemplate":"https:\/\/eastmedical.vn\/?s={search_term_string}"},"query-input":{"@type":"PropertyValueSpecification","valueRequired":true,"valueName":"search_term_string"}}],"inLanguage":"en-US"}]}},"_links":{"self":[{"href":"https:\/\/eastmedical.vn\/en\/wp-json\/wp\/v2\/product\/1675","targetHints":{"allow":["GET"]}}],"collection":[{"href":"https:\/\/eastmedical.vn\/en\/wp-json\/wp\/v2\/product"}],"about":[{"href":"https:\/\/eastmedical.vn\/en\/wp-json\/wp\/v2\/types\/product"}],"replies":[{"embeddable":true,"href":"https:\/\/eastmedical.vn\/en\/wp-json\/wp\/v2\/comments?post=1675"}],"wp:featuredmedia":[{"embeddable":true,"href":"https:\/\/eastmedical.vn\/en\/wp-json\/wp\/v2\/media\/1664"}],"wp:attachment":[{"href":"https:\/\/eastmedical.vn\/en\/wp-json\/wp\/v2\/media?parent=1675"}],"wp:term":[{"taxonomy":"product_brand","embeddable":true,"href":"https:\/\/eastmedical.vn\/en\/wp-json\/wp\/v2\/product_brand?post=1675"},{"taxonomy":"product_cat","embeddable":true,"href":"https:\/\/eastmedical.vn\/en\/wp-json\/wp\/v2\/product_cat?post=1675"},{"taxonomy":"product_tag","embeddable":true,"href":"https:\/\/eastmedical.vn\/en\/wp-json\/wp\/v2\/product_tag?post=1675"}],"curies":[{"name":"wp","href":"https:\/\/api.w.org\/{rel}","templated":true}]}}