{"id":1754,"date":"2019-06-25T10:41:55","date_gmt":"2019-06-25T10:41:55","guid":{"rendered":"http:\/\/eastmedical.vn\/shop\/may-phun-khu-khuan-ecospray\/"},"modified":"2024-07-09T15:59:47","modified_gmt":"2024-07-09T15:59:47","slug":"may-phun-khu-khuan-y-te","status":"publish","type":"product","link":"https:\/\/eastmedical.vn\/en\/shop\/may-phun-khu-khuan-y-te\/","title":{"rendered":"M\u00e1y phun kh\u1eed khu\u1ea9n y t\u1ebf Ecospray"},"content":{"rendered":"<p><strong>M\u00e1y phun s\u01b0\u01a1ng kh\u1eed khu\u1ea9n ph\u00f2ng m\u1ed5 Biospray\/ Ecospray<\/strong><br \/>\nBioSpray: Phun di\u1ec7t khu\u1ea9n g\u1ed1c sinh h\u1ecdc : Anios, Sanosil&#8230;<br \/>\nEcoSpray: Phu di\u1ec7t khu\u1ea9n g\u1ed1c sinh th\u00e1i: BIOSANITIZE, OxyPharm Nocospray&#8230;<br \/>\nL\u00e0 d\u00f2ng m\u00e1y phun kh\u1eed tr\u00f9ng di\u1ec7t t\u1ea5t c\u1ea3 c\u00e1c lo\u1ea1i vi khu\u1ea9n, n\u1ea5m, di\u1ec7t khu\u1ea9n Corona COVID 19 d\u00f9ng \u0111\u01b0\u1ee3c t\u1ea5t c\u1ea3 c\u00e1c lo\u1ea1i dung d\u1ecbch ti\u1ec7t khu\u1ea9n chuy\u00ean m\u00f4n tr\u00ean th\u1ecb tr\u01b0\u1eddng b\u1eb1ng c\u01a1 ch\u1ebf khu\u1ebfch t\u00e1n kh\u00f4ng kh\u00ed kh\u00f4 d\u1ea1ng Ion b\u00e1m ph\u1ee7 t\u1ea5t c\u1ea3 c\u00e1c b\u1ec1 m\u1eb7t trong ph\u00f2ng k\u1ec3 c\u1ea3 c\u00e1c b\u1ec1 m\u1eb7t b\u1ecb khu\u1ea5t.<\/p>\n<p>Ch\u1ee9c n\u0103ng: kh\u1eed n\u1ea5m v\u00e0 vi khu\u1ea9n, virus, v\u00e0 m\u1ea7m d\u1ecbch b\u1ec7nh&#8230; to\u00e0n b\u1ed9 b\u1ec1 m\u1eb7t ti\u1ebfp x\u00fac th\u00f4ng qua \u0111\u01b0\u1eddng kh\u00f4ng kh\u00ed c\u00e1c thi\u1ebft b\u1ecb, \u0111\u1ed3 d\u00f9ng trong ph\u00f2ng m\u1ed5, ICU, ph\u00f2ng b\u1ec7nh nh\u00e2n,khu v\u1ef1c sinh ho\u1ea1t c\u00f4ng c\u1ed9ng, ph\u01b0\u01a1ng ti\u1ec7n giao th\u00f4ng c\u00f4ng c\u1ed9ng, xe c\u1ee9u th\u01b0\u01a1ng, ch\u0103m s\u00f3c b\u1ec7nh nh\u00e2n, tr\u01b0\u1eddng h\u1ecdc v\u00e0 nh\u00e0 tr\u1ebb, chung c\u01b0 v.v.<\/p>\n<p><strong>\u0110\u1eb7c \u0111i\u1ec3m thi\u1ebft b\u1ecb:<\/strong><br \/>\nM\u00e0n h\u00ecnh th\u00f4ng s\u1ed1 LCD<br \/>\nT\u1ef1 \u0111\u1ed9ng t\u00ednh to\u00e1n th\u1eddi gian phun theo s\u1ef1 thi\u1ebft l\u1eadp di\u1ec7n t\u00edch ph\u00f2ng<br \/>\nC\u00f4ng ngh\u1ec7 Aerosol \u0111\u1ed9c quy\u1ec1n c\u00f3 th\u1ec3 tu\u1ef3 ch\u1ec9nh t\u1ea1o ra h\u1ea1t kh\u00f4ng kh\u00ed khu\u1ebfch t\u00e1n t\u1eeb 0.7 &#8211; 20 micron kh\u00f4 v\u00e0 \u01b0\u1edbt t\u1ed1t nh\u1ea5t th\u1ecb tr\u01b0\u1eddng .<br \/>\nKh\u1ea3 n\u0103ng s\u1eed d\u1ee5ng \u0111\u01b0\u1ee3c t\u1ea5t c\u1ea3 c\u00e1c lo\u1ea1i dung d\u1ecbch ti\u1ec7t khu\u1ea9n chuy\u00ean m\u00f4n, k\u1ec3 c\u1ea3 acid.<br \/>\nChi ph\u00ed \u0111\u1ea7u t\u01b0 th\u1ea5p ph\u00f9 h\u1ee3p cho c\u00e1c c\u01a1 s\u1edf Y T\u1ebf, home care, c\u00f4ng nghi\u1ec7p, th\u1ef1c ph\u1ea9m,&#8230;<br \/>\nTh\u1ec3 t\u00edch kh\u00f4ng gian phun l\u00ean \u0111\u1ebfn 1000m3<br \/>\n\u0110\u1ebf xoay 360 \u0111\u1ed9 c\u00f3 th\u1ec3 \u0111i\u1ec1u ch\u1ec9nh t\u1ed1c \u0111\u1ed9 ph\u00f9 h\u1ee3p<\/p>\n<p><strong>Th\u00f4ng s\u1ed1 k\u1ef9 thu\u1eadt:<\/strong><br \/>\nTr\u1ecdng l\u01b0\u1ee3ng 6,3 kg<br \/>\n\u0110\u1ed9ng c\u01a1 \u0111i\u1ec7n 1100 watt 220 V AC 50-60 Hz<br \/>\n\u0110i\u1ec1u ch\u1ec9nh t\u1ed1c \u0111\u1ed9 quay<br \/>\n\u0110\u1ea3m b\u1ea3o ph\u00e2n ph\u1ed1i s\u01b0\u01a1ng m\u00f9 \u0111\u1ed3ng nh\u1ea5t qua tr\u1ed1ng xoay 360 \u00b0<br \/>\nPh\u00e1t t\u00e1n s\u01b0\u01a1ng kh\u00f4 b\u1eb1ng hi\u1ec7u \u1ee9ng Venturi c\u00e1ch thi\u1ebft b\u1ecb \u0111\u1ebfn 15 m\u00e9t<br \/>\nT\u1ed1c \u0111\u1ed9 d\u00f2ng kh\u00ed 80 m\/s<br \/>\nK\u00edch th\u01b0\u1edbc h\u1ea1t: 7-20 micron<br \/>\nKhay ch\u1ee9a b\u00ecnh d\u1ecbch 05-1L.<br \/>\nN\u1ed3ng \u0111\u1ed9 h\u1ea1t phun t\u1eeb 0,5-1-2 ml cho 1 m3 theo k\u00edch th\u01b0\u1edbc h\u1ea1t c\u00f3 th\u1ec3 \u0111i\u1ec1u ch\u1ec9nh.<br \/>\nTh\u1ec3 t\u00edch trong nh\u00e0 c\u00f3 th\u1ec3 l\u1eadp tr\u00ecnh trong kho\u1ea3ng t\u1eeb 0-1000 m3<br \/>\nCh\u1ee9ng nh\u1eadn CE, Iso.<\/p>\n<p><iframe loading=\"lazy\" title=\"Ecopsray\/Biospray disinfection machine\" width=\"1020\" height=\"574\" src=\"https:\/\/www.youtube.com\/embed\/05ARHAQzLxQ?feature=oembed\" frameborder=\"0\" allow=\"accelerometer; autoplay; encrypted-media; gyroscope; picture-in-picture\" allowfullscreen><\/iframe><\/p>\n","protected":false},"excerpt":{"rendered":"<p>Model: Biospray<br \/>\nH\u00e3ng SX: Macro teknik<br \/>\nN\u01b0\u1edbc Sx: Turkey<br \/>\nS\u1eed d\u1ee5ng \u0111\u01b0\u1ee3c t\u1ea5t c\u1ea3 c\u00e1c lo\u1ea1i dung d\u1ecbch<\/p>\n","protected":false},"featured_media":1731,"comment_status":"open","ping_status":"closed","template":"","meta":{"_acf_changed":false},"product_brand":[],"product_cat":[395,396],"product_tag":[278,279,280],"class_list":{"0":"post-1754","1":"product","2":"type-product","3":"status-publish","4":"has-post-thumbnail","6":"product_cat-may-phun-khu-khuan-en","7":"product_cat-may-phun-khu-khuan-phun-suong-khu-khuan-en","8":"product_tag-may-phun-khu-khuan-en","9":"product_tag-may-phun-khu-khuan-phong-mo-en","10":"product_tag-may-phun-suong-diet-khuan-en","11":"yith_product_brand-ecospray-turkey-en","13":"first","14":"instock","15":"shipping-taxable","16":"product-type-simple"},"acf":[],"yoast_head":"<!-- This site is optimized with the Yoast SEO plugin v24.5 - https:\/\/yoast.com\/wordpress\/plugins\/seo\/ -->\n<title>M\u00e1y phun kh\u1eed khu\u1ea9n y t\u1ebf Ecospray - C\u00d4NG TY TNHH TM DV Y T\u1ebe MI\u1ec0N \u0110\u00d4NG<\/title>\n<meta name=\"robots\" content=\"index, follow, max-snippet:-1, max-image-preview:large, max-video-preview:-1\" \/>\n<link rel=\"canonical\" href=\"https:\/\/eastmedical.vn\/en\/shop\/may-phun-khu-khuan-y-te\/\" \/>\n<meta property=\"og:locale\" content=\"en_US\" \/>\n<meta property=\"og:type\" content=\"article\" \/>\n<meta property=\"og:title\" content=\"M\u00e1y phun kh\u1eed khu\u1ea9n y t\u1ebf Ecospray - C\u00d4NG TY TNHH TM DV Y T\u1ebe MI\u1ec0N \u0110\u00d4NG\" \/>\n<meta property=\"og:description\" content=\"Model: Biospray H\u00e3ng SX: Macro teknik N\u01b0\u1edbc Sx: Turkey S\u1eed d\u1ee5ng \u0111\u01b0\u1ee3c t\u1ea5t c\u1ea3 c\u00e1c lo\u1ea1i dung d\u1ecbch\" \/>\n<meta property=\"og:url\" content=\"https:\/\/eastmedical.vn\/en\/shop\/may-phun-khu-khuan-y-te\/\" \/>\n<meta property=\"og:site_name\" content=\"C\u00d4NG TY TNHH TM DV Y T\u1ebe MI\u1ec0N \u0110\u00d4NG\" \/>\n<meta property=\"article:modified_time\" content=\"2024-07-09T15:59:47+00:00\" \/>\n<meta property=\"og:image\" content=\"https:\/\/eastmedical.vn\/wp-content\/uploads\/2019\/06\/Fogger_ecospray-.jpg\" \/>\n\t<meta property=\"og:image:width\" content=\"321\" \/>\n\t<meta property=\"og:image:height\" content=\"266\" \/>\n\t<meta property=\"og:image:type\" content=\"image\/jpeg\" \/>\n<meta name=\"twitter:card\" content=\"summary_large_image\" \/>\n<meta name=\"twitter:label1\" content=\"Est. reading time\" \/>\n\t<meta name=\"twitter:data1\" content=\"3 minutes\" \/>\n<script type=\"application\/ld+json\" class=\"yoast-schema-graph\">{\"@context\":\"https:\/\/schema.org\",\"@graph\":[{\"@type\":\"WebPage\",\"@id\":\"https:\/\/eastmedical.vn\/en\/shop\/may-phun-khu-khuan-y-te\/\",\"url\":\"https:\/\/eastmedical.vn\/en\/shop\/may-phun-khu-khuan-y-te\/\",\"name\":\"M\u00e1y phun kh\u1eed khu\u1ea9n y t\u1ebf Ecospray - C\u00d4NG TY TNHH TM DV Y T\u1ebe MI\u1ec0N \u0110\u00d4NG\",\"isPartOf\":{\"@id\":\"https:\/\/eastmedical.vn\/#website\"},\"primaryImageOfPage\":{\"@id\":\"https:\/\/eastmedical.vn\/en\/shop\/may-phun-khu-khuan-y-te\/#primaryimage\"},\"image\":{\"@id\":\"https:\/\/eastmedical.vn\/en\/shop\/may-phun-khu-khuan-y-te\/#primaryimage\"},\"thumbnailUrl\":\"https:\/\/eastmedical.vn\/wp-content\/uploads\/2019\/06\/Fogger_ecospray-.jpg\",\"datePublished\":\"2019-06-25T10:41:55+00:00\",\"dateModified\":\"2024-07-09T15:59:47+00:00\",\"breadcrumb\":{\"@id\":\"https:\/\/eastmedical.vn\/en\/shop\/may-phun-khu-khuan-y-te\/#breadcrumb\"},\"inLanguage\":\"en-US\",\"potentialAction\":[{\"@type\":\"ReadAction\",\"target\":[\"https:\/\/eastmedical.vn\/en\/shop\/may-phun-khu-khuan-y-te\/\"]}]},{\"@type\":\"ImageObject\",\"inLanguage\":\"en-US\",\"@id\":\"https:\/\/eastmedical.vn\/en\/shop\/may-phun-khu-khuan-y-te\/#primaryimage\",\"url\":\"https:\/\/eastmedical.vn\/wp-content\/uploads\/2019\/06\/Fogger_ecospray-.jpg\",\"contentUrl\":\"https:\/\/eastmedical.vn\/wp-content\/uploads\/2019\/06\/Fogger_ecospray-.jpg\",\"width\":321,\"height\":266},{\"@type\":\"BreadcrumbList\",\"@id\":\"https:\/\/eastmedical.vn\/en\/shop\/may-phun-khu-khuan-y-te\/#breadcrumb\",\"itemListElement\":[{\"@type\":\"ListItem\",\"position\":1,\"name\":\"Home\",\"item\":\"https:\/\/eastmedical.vn\/en\/\"},{\"@type\":\"ListItem\",\"position\":2,\"name\":\"Products\",\"item\":\"https:\/\/eastmedical.vn\/en\/shop\/\"},{\"@type\":\"ListItem\",\"position\":3,\"name\":\"M\u00e1y phun kh\u1eed khu\u1ea9n y t\u1ebf Ecospray\"}]},{\"@type\":\"WebSite\",\"@id\":\"https:\/\/eastmedical.vn\/#website\",\"url\":\"https:\/\/eastmedical.vn\/\",\"name\":\"C\u00d4NG TY TNHH TM DV Y T\u1ebe MI\u1ec0N \u0110\u00d4NG\",\"description\":\"C\u00d4NG TY TNHH TM DV Y T\u1ebe MI\u1ec0N \u0110\u00d4NG\",\"potentialAction\":[{\"@type\":\"SearchAction\",\"target\":{\"@type\":\"EntryPoint\",\"urlTemplate\":\"https:\/\/eastmedical.vn\/?s={search_term_string}\"},\"query-input\":{\"@type\":\"PropertyValueSpecification\",\"valueRequired\":true,\"valueName\":\"search_term_string\"}}],\"inLanguage\":\"en-US\"}]}<\/script>\n<!-- \/ Yoast SEO plugin. -->","yoast_head_json":{"title":"M\u00e1y phun kh\u1eed khu\u1ea9n y t\u1ebf Ecospray - C\u00d4NG TY TNHH TM DV Y T\u1ebe MI\u1ec0N \u0110\u00d4NG","robots":{"index":"index","follow":"follow","max-snippet":"max-snippet:-1","max-image-preview":"max-image-preview:large","max-video-preview":"max-video-preview:-1"},"canonical":"https:\/\/eastmedical.vn\/en\/shop\/may-phun-khu-khuan-y-te\/","og_locale":"en_US","og_type":"article","og_title":"M\u00e1y phun kh\u1eed khu\u1ea9n y t\u1ebf Ecospray - C\u00d4NG TY TNHH TM DV Y T\u1ebe MI\u1ec0N \u0110\u00d4NG","og_description":"Model: Biospray H\u00e3ng SX: Macro teknik N\u01b0\u1edbc Sx: Turkey S\u1eed d\u1ee5ng \u0111\u01b0\u1ee3c t\u1ea5t c\u1ea3 c\u00e1c lo\u1ea1i dung d\u1ecbch","og_url":"https:\/\/eastmedical.vn\/en\/shop\/may-phun-khu-khuan-y-te\/","og_site_name":"C\u00d4NG TY TNHH TM DV Y T\u1ebe MI\u1ec0N \u0110\u00d4NG","article_modified_time":"2024-07-09T15:59:47+00:00","og_image":[{"width":321,"height":266,"url":"https:\/\/eastmedical.vn\/wp-content\/uploads\/2019\/06\/Fogger_ecospray-.jpg","type":"image\/jpeg"}],"twitter_card":"summary_large_image","twitter_misc":{"Est. reading time":"3 minutes"},"schema":{"@context":"https:\/\/schema.org","@graph":[{"@type":"WebPage","@id":"https:\/\/eastmedical.vn\/en\/shop\/may-phun-khu-khuan-y-te\/","url":"https:\/\/eastmedical.vn\/en\/shop\/may-phun-khu-khuan-y-te\/","name":"M\u00e1y phun kh\u1eed khu\u1ea9n y t\u1ebf Ecospray - C\u00d4NG TY TNHH TM DV Y T\u1ebe MI\u1ec0N \u0110\u00d4NG","isPartOf":{"@id":"https:\/\/eastmedical.vn\/#website"},"primaryImageOfPage":{"@id":"https:\/\/eastmedical.vn\/en\/shop\/may-phun-khu-khuan-y-te\/#primaryimage"},"image":{"@id":"https:\/\/eastmedical.vn\/en\/shop\/may-phun-khu-khuan-y-te\/#primaryimage"},"thumbnailUrl":"https:\/\/eastmedical.vn\/wp-content\/uploads\/2019\/06\/Fogger_ecospray-.jpg","datePublished":"2019-06-25T10:41:55+00:00","dateModified":"2024-07-09T15:59:47+00:00","breadcrumb":{"@id":"https:\/\/eastmedical.vn\/en\/shop\/may-phun-khu-khuan-y-te\/#breadcrumb"},"inLanguage":"en-US","potentialAction":[{"@type":"ReadAction","target":["https:\/\/eastmedical.vn\/en\/shop\/may-phun-khu-khuan-y-te\/"]}]},{"@type":"ImageObject","inLanguage":"en-US","@id":"https:\/\/eastmedical.vn\/en\/shop\/may-phun-khu-khuan-y-te\/#primaryimage","url":"https:\/\/eastmedical.vn\/wp-content\/uploads\/2019\/06\/Fogger_ecospray-.jpg","contentUrl":"https:\/\/eastmedical.vn\/wp-content\/uploads\/2019\/06\/Fogger_ecospray-.jpg","width":321,"height":266},{"@type":"BreadcrumbList","@id":"https:\/\/eastmedical.vn\/en\/shop\/may-phun-khu-khuan-y-te\/#breadcrumb","itemListElement":[{"@type":"ListItem","position":1,"name":"Home","item":"https:\/\/eastmedical.vn\/en\/"},{"@type":"ListItem","position":2,"name":"Products","item":"https:\/\/eastmedical.vn\/en\/shop\/"},{"@type":"ListItem","position":3,"name":"M\u00e1y phun kh\u1eed khu\u1ea9n y t\u1ebf Ecospray"}]},{"@type":"WebSite","@id":"https:\/\/eastmedical.vn\/#website","url":"https:\/\/eastmedical.vn\/","name":"C\u00d4NG TY TNHH TM DV Y T\u1ebe MI\u1ec0N \u0110\u00d4NG","description":"C\u00d4NG TY TNHH TM DV Y T\u1ebe MI\u1ec0N \u0110\u00d4NG","potentialAction":[{"@type":"SearchAction","target":{"@type":"EntryPoint","urlTemplate":"https:\/\/eastmedical.vn\/?s={search_term_string}"},"query-input":{"@type":"PropertyValueSpecification","valueRequired":true,"valueName":"search_term_string"}}],"inLanguage":"en-US"}]}},"_links":{"self":[{"href":"https:\/\/eastmedical.vn\/en\/wp-json\/wp\/v2\/product\/1754","targetHints":{"allow":["GET"]}}],"collection":[{"href":"https:\/\/eastmedical.vn\/en\/wp-json\/wp\/v2\/product"}],"about":[{"href":"https:\/\/eastmedical.vn\/en\/wp-json\/wp\/v2\/types\/product"}],"replies":[{"embeddable":true,"href":"https:\/\/eastmedical.vn\/en\/wp-json\/wp\/v2\/comments?post=1754"}],"wp:featuredmedia":[{"embeddable":true,"href":"https:\/\/eastmedical.vn\/en\/wp-json\/wp\/v2\/media\/1731"}],"wp:attachment":[{"href":"https:\/\/eastmedical.vn\/en\/wp-json\/wp\/v2\/media?parent=1754"}],"wp:term":[{"taxonomy":"product_brand","embeddable":true,"href":"https:\/\/eastmedical.vn\/en\/wp-json\/wp\/v2\/product_brand?post=1754"},{"taxonomy":"product_cat","embeddable":true,"href":"https:\/\/eastmedical.vn\/en\/wp-json\/wp\/v2\/product_cat?post=1754"},{"taxonomy":"product_tag","embeddable":true,"href":"https:\/\/eastmedical.vn\/en\/wp-json\/wp\/v2\/product_tag?post=1754"}],"curies":[{"name":"wp","href":"https:\/\/api.w.org\/{rel}","templated":true}]}}