{"id":1930,"date":"2020-04-29T08:31:32","date_gmt":"2020-04-29T08:31:32","guid":{"rendered":"http:\/\/eastmedical.vn\/?post_type=product&#038;p=1930"},"modified":"2024-07-20T17:21:24","modified_gmt":"2024-07-20T17:21:24","slug":"may-hut-dich-ap-luc-thap-di-dong","status":"publish","type":"product","link":"https:\/\/eastmedical.vn\/en\/shop\/may-hut-dich-ap-luc-thap-di-dong\/","title":{"rendered":"M\u00e1y h\u00fat d\u1ecbch \u00e1p l\u1ef1c th\u1ea5p &#8211; Di \u0110\u1ed9ng"},"content":{"rendered":"<p>D\u00f9ng h\u1ed7 tr\u1ee3 ch\u1ed1ng d\u1ecbch Corona &#8211; nCOVID<br \/>\nM\u00e1y h\u00fat d\u1ecbch ph\u1eabu thu\u1eadt INSPITAL (SURGICAL SUCTION UNITS) thi\u1ebft k\u1ebf \u0111\u1ec3 h\u00fat ch\u1ea5t l\u1ecfng, kh\u00ed v\u00e0 ch\u1ea5t th\u1ea3i ph\u1eabu thu\u1eadt. K\u1ebft h\u1ee3p k\u0129 thu\u1eadt h\u00fat \u0111\u00e0m, m\u1ee1&#8230;<br \/>\nThi\u1ebft b\u1ecb t\u1ea1o ra hi\u1ec7u su\u1ea5t \u00e1p l\u1ef1c \u00e2m \u1ed5n \u0111\u1ecbnh, \u0111\u01b0\u1ee3c \u0111i\u1ec1u ch\u1ec9nh.<br \/>\nS\u1eed d\u1ee5ng c\u00f4ng ngh\u1ec7 m\u00e1y h\u00fat m\u00e0n rung kh\u00f4ng d\u1ea7u b\u1ec1n b\u1ec9 kh\u00f4ng c\u1ea7n b\u1ea3o tr\u00ec, kh\u00f4ng \u1ed3n, kh\u00f4ng rung<br \/>\nC\u00f4ng ngh\u1ec7 b\u1ea3o v\u1ec7 ng\u0103n ch\u1eb7n tr\u00e0n v\u00e0 r\u00f2 r\u1ec9 ch\u1ea5t l\u1ecfng v\u00e0o h\u1ec7 th\u1ed1ng b\u01a1m b\u1eb1ng h\u1ec7 th\u1ed1ng phao t\u00edch h\u1ee3p v\u00e0 b\u1ed9 l\u1ecdc ch\u1ed1ng n\u01b0\u1edbc<br \/>\nM\u1ed9t lo\u1ea1t c\u00e1c ph\u1ee5 ki\u1ec7n l\u00e0m cho thi\u1ebft b\u1ecb r\u1ea5t ph\u00f9 h\u1ee3p cho nhi\u1ec1u khoa kh\u00e1c nhau trong b\u1ec7nh vi\u1ec7n.<br \/>\nTu\u1ef3 ch\u1ecdn b\u00ecnh ch\u1ee9a: Plastic \/ t\u00fai d\u00f9ng 1 l\u1ea7n Single Jar: 2 l\u00edt<br \/>\nInput Voltage Flow Rate: 220-240 VAC \/ 50-60<br \/>\nFlow Rate: 22 l\/ph<br \/>\nMax. Vacuuming Power: 0-450 mmHg<br \/>\nMax. Noise Level: Max. 45 dB<br \/>\nDevice Class: Max: Class IIa Device 10079- 1EN 60601-1,<br \/>\nTu\u1ef3 ch\u1ecdn PIN d\u1ef1 ph\u00f2ng 24V<\/p>\n<p>Video:<\/p>\n","protected":false},"excerpt":{"rendered":"<p>H\u00e3ng: INSPITAL<br \/>\nXu\u1ea5t x\u1ee9: Th\u1ed5 Nh\u0129 K\u00ec<\/p>\n","protected":false},"featured_media":0,"comment_status":"open","ping_status":"closed","template":"","meta":{"_acf_changed":false},"product_brand":[],"product_cat":[179],"product_tag":[],"class_list":{"0":"post-1930","1":"product","2":"type-product","3":"status-publish","5":"product_cat-dao-cat-dot-dien-cao-tan","6":"yith_product_brand-inspital-tuskey-en","8":"first","9":"instock","10":"shipping-taxable","11":"product-type-simple"},"acf":[],"yoast_head":"<!-- This site is optimized with the Yoast SEO plugin v24.5 - https:\/\/yoast.com\/wordpress\/plugins\/seo\/ -->\n<title>M\u00e1y h\u00fat d\u1ecbch \u00e1p l\u1ef1c th\u1ea5p - Di \u0110\u1ed9ng - C\u00d4NG TY TNHH TM DV Y T\u1ebe MI\u1ec0N \u0110\u00d4NG<\/title>\n<meta name=\"description\" content=\"nCovid\" \/>\n<meta name=\"robots\" content=\"index, follow, max-snippet:-1, max-image-preview:large, max-video-preview:-1\" \/>\n<link rel=\"canonical\" href=\"https:\/\/eastmedical.vn\/en\/shop\/may-hut-dich-ap-luc-thap-di-dong\/\" \/>\n<meta property=\"og:locale\" content=\"en_US\" \/>\n<meta property=\"og:type\" content=\"article\" \/>\n<meta property=\"og:title\" content=\"M\u00e1y h\u00fat d\u1ecbch \u00e1p l\u1ef1c th\u1ea5p - Di \u0110\u1ed9ng - C\u00d4NG TY TNHH TM DV Y T\u1ebe MI\u1ec0N \u0110\u00d4NG\" \/>\n<meta property=\"og:description\" content=\"nCovid\" \/>\n<meta property=\"og:url\" content=\"https:\/\/eastmedical.vn\/en\/shop\/may-hut-dich-ap-luc-thap-di-dong\/\" \/>\n<meta property=\"og:site_name\" content=\"C\u00d4NG TY TNHH TM DV Y T\u1ebe MI\u1ec0N \u0110\u00d4NG\" \/>\n<meta property=\"article:modified_time\" content=\"2024-07-20T17:21:24+00:00\" \/>\n<meta name=\"twitter:card\" content=\"summary_large_image\" \/>\n<meta name=\"twitter:label1\" content=\"Est. reading time\" \/>\n\t<meta name=\"twitter:data1\" content=\"1 minute\" \/>\n<script type=\"application\/ld+json\" class=\"yoast-schema-graph\">{\"@context\":\"https:\/\/schema.org\",\"@graph\":[{\"@type\":\"WebPage\",\"@id\":\"https:\/\/eastmedical.vn\/en\/shop\/may-hut-dich-ap-luc-thap-di-dong\/\",\"url\":\"https:\/\/eastmedical.vn\/en\/shop\/may-hut-dich-ap-luc-thap-di-dong\/\",\"name\":\"M\u00e1y h\u00fat d\u1ecbch \u00e1p l\u1ef1c th\u1ea5p - Di \u0110\u1ed9ng - C\u00d4NG TY TNHH TM DV Y T\u1ebe MI\u1ec0N \u0110\u00d4NG\",\"isPartOf\":{\"@id\":\"https:\/\/eastmedical.vn\/#website\"},\"datePublished\":\"2020-04-29T08:31:32+00:00\",\"dateModified\":\"2024-07-20T17:21:24+00:00\",\"description\":\"nCovid\",\"breadcrumb\":{\"@id\":\"https:\/\/eastmedical.vn\/en\/shop\/may-hut-dich-ap-luc-thap-di-dong\/#breadcrumb\"},\"inLanguage\":\"en-US\",\"potentialAction\":[{\"@type\":\"ReadAction\",\"target\":[\"https:\/\/eastmedical.vn\/en\/shop\/may-hut-dich-ap-luc-thap-di-dong\/\"]}]},{\"@type\":\"BreadcrumbList\",\"@id\":\"https:\/\/eastmedical.vn\/en\/shop\/may-hut-dich-ap-luc-thap-di-dong\/#breadcrumb\",\"itemListElement\":[{\"@type\":\"ListItem\",\"position\":1,\"name\":\"Home\",\"item\":\"https:\/\/eastmedical.vn\/en\/\"},{\"@type\":\"ListItem\",\"position\":2,\"name\":\"Products\",\"item\":\"https:\/\/eastmedical.vn\/en\/shop\/\"},{\"@type\":\"ListItem\",\"position\":3,\"name\":\"M\u00e1y h\u00fat d\u1ecbch \u00e1p l\u1ef1c th\u1ea5p &#8211; Di \u0110\u1ed9ng\"}]},{\"@type\":\"WebSite\",\"@id\":\"https:\/\/eastmedical.vn\/#website\",\"url\":\"https:\/\/eastmedical.vn\/\",\"name\":\"C\u00d4NG TY TNHH TM DV Y T\u1ebe MI\u1ec0N \u0110\u00d4NG\",\"description\":\"C\u00d4NG TY TNHH TM DV Y T\u1ebe MI\u1ec0N \u0110\u00d4NG\",\"potentialAction\":[{\"@type\":\"SearchAction\",\"target\":{\"@type\":\"EntryPoint\",\"urlTemplate\":\"https:\/\/eastmedical.vn\/?s={search_term_string}\"},\"query-input\":{\"@type\":\"PropertyValueSpecification\",\"valueRequired\":true,\"valueName\":\"search_term_string\"}}],\"inLanguage\":\"en-US\"}]}<\/script>\n<!-- \/ Yoast SEO plugin. -->","yoast_head_json":{"title":"M\u00e1y h\u00fat d\u1ecbch \u00e1p l\u1ef1c th\u1ea5p - Di \u0110\u1ed9ng - C\u00d4NG TY TNHH TM DV Y T\u1ebe MI\u1ec0N \u0110\u00d4NG","description":"nCovid","robots":{"index":"index","follow":"follow","max-snippet":"max-snippet:-1","max-image-preview":"max-image-preview:large","max-video-preview":"max-video-preview:-1"},"canonical":"https:\/\/eastmedical.vn\/en\/shop\/may-hut-dich-ap-luc-thap-di-dong\/","og_locale":"en_US","og_type":"article","og_title":"M\u00e1y h\u00fat d\u1ecbch \u00e1p l\u1ef1c th\u1ea5p - Di \u0110\u1ed9ng - C\u00d4NG TY TNHH TM DV Y T\u1ebe MI\u1ec0N \u0110\u00d4NG","og_description":"nCovid","og_url":"https:\/\/eastmedical.vn\/en\/shop\/may-hut-dich-ap-luc-thap-di-dong\/","og_site_name":"C\u00d4NG TY TNHH TM DV Y T\u1ebe MI\u1ec0N \u0110\u00d4NG","article_modified_time":"2024-07-20T17:21:24+00:00","twitter_card":"summary_large_image","twitter_misc":{"Est. reading time":"1 minute"},"schema":{"@context":"https:\/\/schema.org","@graph":[{"@type":"WebPage","@id":"https:\/\/eastmedical.vn\/en\/shop\/may-hut-dich-ap-luc-thap-di-dong\/","url":"https:\/\/eastmedical.vn\/en\/shop\/may-hut-dich-ap-luc-thap-di-dong\/","name":"M\u00e1y h\u00fat d\u1ecbch \u00e1p l\u1ef1c th\u1ea5p - Di \u0110\u1ed9ng - C\u00d4NG TY TNHH TM DV Y T\u1ebe MI\u1ec0N \u0110\u00d4NG","isPartOf":{"@id":"https:\/\/eastmedical.vn\/#website"},"datePublished":"2020-04-29T08:31:32+00:00","dateModified":"2024-07-20T17:21:24+00:00","description":"nCovid","breadcrumb":{"@id":"https:\/\/eastmedical.vn\/en\/shop\/may-hut-dich-ap-luc-thap-di-dong\/#breadcrumb"},"inLanguage":"en-US","potentialAction":[{"@type":"ReadAction","target":["https:\/\/eastmedical.vn\/en\/shop\/may-hut-dich-ap-luc-thap-di-dong\/"]}]},{"@type":"BreadcrumbList","@id":"https:\/\/eastmedical.vn\/en\/shop\/may-hut-dich-ap-luc-thap-di-dong\/#breadcrumb","itemListElement":[{"@type":"ListItem","position":1,"name":"Home","item":"https:\/\/eastmedical.vn\/en\/"},{"@type":"ListItem","position":2,"name":"Products","item":"https:\/\/eastmedical.vn\/en\/shop\/"},{"@type":"ListItem","position":3,"name":"M\u00e1y h\u00fat d\u1ecbch \u00e1p l\u1ef1c th\u1ea5p &#8211; Di \u0110\u1ed9ng"}]},{"@type":"WebSite","@id":"https:\/\/eastmedical.vn\/#website","url":"https:\/\/eastmedical.vn\/","name":"C\u00d4NG TY TNHH TM DV Y T\u1ebe MI\u1ec0N \u0110\u00d4NG","description":"C\u00d4NG TY TNHH TM DV Y T\u1ebe MI\u1ec0N \u0110\u00d4NG","potentialAction":[{"@type":"SearchAction","target":{"@type":"EntryPoint","urlTemplate":"https:\/\/eastmedical.vn\/?s={search_term_string}"},"query-input":{"@type":"PropertyValueSpecification","valueRequired":true,"valueName":"search_term_string"}}],"inLanguage":"en-US"}]}},"_links":{"self":[{"href":"https:\/\/eastmedical.vn\/en\/wp-json\/wp\/v2\/product\/1930","targetHints":{"allow":["GET"]}}],"collection":[{"href":"https:\/\/eastmedical.vn\/en\/wp-json\/wp\/v2\/product"}],"about":[{"href":"https:\/\/eastmedical.vn\/en\/wp-json\/wp\/v2\/types\/product"}],"replies":[{"embeddable":true,"href":"https:\/\/eastmedical.vn\/en\/wp-json\/wp\/v2\/comments?post=1930"}],"wp:attachment":[{"href":"https:\/\/eastmedical.vn\/en\/wp-json\/wp\/v2\/media?parent=1930"}],"wp:term":[{"taxonomy":"product_brand","embeddable":true,"href":"https:\/\/eastmedical.vn\/en\/wp-json\/wp\/v2\/product_brand?post=1930"},{"taxonomy":"product_cat","embeddable":true,"href":"https:\/\/eastmedical.vn\/en\/wp-json\/wp\/v2\/product_cat?post=1930"},{"taxonomy":"product_tag","embeddable":true,"href":"https:\/\/eastmedical.vn\/en\/wp-json\/wp\/v2\/product_tag?post=1930"}],"curies":[{"name":"wp","href":"https:\/\/api.w.org\/{rel}","templated":true}]}}