{"id":860,"date":"2018-03-09T06:55:20","date_gmt":"2018-03-09T06:55:20","guid":{"rendered":"http:\/\/12014.lamdx.vinawebsite.vn\/shop\/air-dehumidifier-surface\/"},"modified":"2024-09-02T03:52:50","modified_gmt":"2024-09-02T03:52:50","slug":"air-dehumidifier-surface","status":"publish","type":"product","link":"https:\/\/eastmedical.vn\/en\/shop\/air-dehumidifier-surface\/","title":{"rendered":"Air Dehumidifier &#8211; Surface"},"content":{"rendered":"<p>Airbio l\u00e0 thi\u1ebft b\u1ecb phun s\u01b0\u01a1ng kh\u1eed khu\u1ea9n b\u1ec1 m\u1eb7t b\u1eb1ng c\u01a1 ch\u1ebf sinh h\u1ecdc, 100% thi\u00ean nhi\u00ean. T\u00e1c d\u1ee5ng tr\u00ean vi khu\u1ea9n, virus, n\u1ea5m, men, b\u00e0o t\u1eed, vi khu\u1ea9n lao v\u1edbi hi\u1ec7u su\u1ea5t tr\u00ean 99,9999% theo ti\u00eau chu\u1ea9n France v\u00e0 Euro.<br \/>\nC\u01a1 ch\u1ebf kh\u00ed n\u00e9n c\u1ee7a thi\u1ebft b\u1ecb khu\u1ebfch t\u00e1n ho\u1ea1t ch\u1ea5t sinh h\u1ecdc Hydrogen peroxide d\u1ea1ng h\u1ea1t s\u01b0\u01a1ng kh\u00f4 ra kh\u00f4ng gian, bao ph\u1ee7 to\u00e0n b\u1ed9 b\u1ec1 m\u1eb7t ti\u1ebfp x\u00fac v\u1edbi c\u00f4ng ngh\u1ec7 s\u00e1ng ch\u1ebf \u0111\u1ed9c quy\u1ec1n <strong><span style=\"color: #ff0000;\">RFID<\/span><\/strong> (B\u00e1m ph\u1ee7 t\u0129nh \u0111i\u1ec7n b\u1eb1ng t\u1ea7n s\u1ed1 Radio) v\u00e0 \u0111\u1ea3m b\u1ea3o theo ti\u00eau chu\u1ea9n <strong><span style=\"color: #ff0000;\">NFT 72-281<\/span><\/strong>.<br \/>\nH\u1ea1t s\u01b0\u01a1ng kh\u00f4 Hydrogen peroxide khi x\u00e2m nh\u1eadp v\u00e0o t\u1ebf b\u00e0o vi khu\u1ea9n b\u1eb1ng c\u01a1 ch\u1ebf sinh h\u1ecdc r\u1ed3i \u1ee9c ch\u1ebf kh\u1ea3 n\u0103ng th\u1ea9m th\u1ea5u c\u1ee7a m\u00e0ng t\u1ebf b\u00e0o v\u00e0 ph\u00e1 v\u1ee1 nh\u00e2n t\u1ebf b\u00e0o, nh\u1edd \u0111\u00f3 b\u1ea3o \u0111\u1ea3m kh\u1ea3 n\u0103ng di\u1ec7t khu\u1ea9n t\u1ed1i \u01b0u b\u1eb1ng sinh h\u1ecdc, kh\u00f4ng g\u00e2y ra nh\u01b0\u1ee3c \u0111i\u1ec3m nh\u01b0 h\u00f3a ch\u1ea5t kh\u1eed khu\u1ea9n truy\u1ec1n th\u1ed1ng: kh\u00f4ng ch\u1ee9a h\u00f3a ch\u1ea5t \u0111\u1ed9c h\u1ea1i (AgNO3), kh\u00f4ng t\u1ea1o ra vi khu\u1ea9n kh\u00e1ng.<br \/>\nTh\u00f4ng s\u1ed1 k\u1ef9 thu\u1eadt:<br \/>\n\u2013 Ngu\u1ed3n \u0111i\u1ec7n: 230V\/ 370W<br \/>\n\u2013 \u0110o l\u01b0u l\u01b0\u01a1ng phun: C\u00f3<br \/>\n\u2013 C\u00e0i \u0111\u1eb7t phun: 100% t\u1ef1 \u0111\u1ed9ng<br \/>\n\u2013 Truy xu\u1ea5t d\u1eef li\u1ec7u: C\u00f3<br \/>\n\u2013 K\u00edch th\u01b0\u1edbc: Cao 340mm x D\u00e0i 380mm x R\u1ed9ng 280mm<br \/>\n\u2013 Tr\u1ecdng l\u01b0\u1ee3ng: 18kg<\/p>\n<table width=\"588\">\n<tbody>\n<tr>\n<td width=\"75\"><strong>S\u1ea2N PH\u1ea8M<\/strong><\/td>\n<td width=\"69\"><strong>CH\u1ea4T T\u1ea8Y<\/strong><\/td>\n<td width=\"84\"><strong>DI\u1ec6T KHU\u1ea8N<\/strong><\/td>\n<td width=\"96\"><strong>DI\u1ec6T VIRUT<\/strong><\/td>\n<td width=\"92\"><strong>DI\u1ec6T B\u00c0O T\u1eec<\/strong><\/td>\n<td width=\"86\"><strong>DI\u1ec6T N\u1ea4M<\/strong><\/td>\n<td width=\"86\"><strong>TH\u00c0NH PH\u1ea6N<\/strong><\/td>\n<\/tr>\n<tr>\n<td width=\"75\"><strong>APABIO<\/strong><\/td>\n<td width=\"69\">Kh\u00f4ng<\/td>\n<td width=\"84\">EN 1040<\/p>\n<p>EN 1276<\/p>\n<p>NF T72-281<\/p>\n<\/td>\n<td width=\"96\">NF T 72-180<\/p>\n<p>NF T 72-281<\/p>\n<\/td>\n<td width=\"92\">NF T72-231<\/p>\n<p>NF T72-281<\/p>\n<\/td>\n<td width=\"86\">EN 1275<\/p>\n<p>NF T72-281<\/p>\n<\/td>\n<td width=\"86\">HYDROGEN PEROXIDE TR\u00caN AXIT ACETIC<\/td>\n<\/tr>\n<\/tbody>\n<\/table>\n","protected":false},"excerpt":{"rendered":"<p>Model: Biospray<br \/>\nH\u00e3ng SX: Macro teknik<br \/>\nN\u01b0\u1edbc Sx: Turkey<br \/>\nS\u1eed d\u1ee5ng \u0111\u01b0\u1ee3c t\u1ea5t c\u1ea3 c\u00e1c lo\u1ea1i dung d\u1ecbch<\/p>\n","protected":false},"featured_media":1750,"comment_status":"open","ping_status":"closed","template":"","meta":{"_acf_changed":false},"product_brand":[],"product_cat":[396,266,67],"product_tag":[],"class_list":{"0":"post-860","1":"product","2":"type-product","3":"status-publish","4":"has-post-thumbnail","6":"product_cat-may-phun-khu-khuan-phun-suong-khu-khuan-en","7":"product_cat-may-phun-khu-khuan","8":"product_cat-uncategorized","9":"yith_product_brand-macro-teknik-turkey-en","11":"first","12":"instock","13":"shipping-taxable","14":"product-type-simple"},"acf":[],"yoast_head":"<!-- This site is optimized with the Yoast SEO plugin v24.5 - https:\/\/yoast.com\/wordpress\/plugins\/seo\/ -->\n<title>Air Dehumidifier - Surface - C\u00d4NG TY TNHH TM DV Y T\u1ebe MI\u1ec0N \u0110\u00d4NG<\/title>\n<meta name=\"robots\" content=\"index, follow, max-snippet:-1, max-image-preview:large, max-video-preview:-1\" \/>\n<link rel=\"canonical\" href=\"https:\/\/eastmedical.vn\/shop\/may-phun-suong-khu-khuan-khong-khi-mat\/\" \/>\n<meta property=\"og:locale\" content=\"en_US\" \/>\n<meta property=\"og:type\" content=\"article\" \/>\n<meta property=\"og:title\" content=\"Air Dehumidifier - Surface - C\u00d4NG TY TNHH TM DV Y T\u1ebe MI\u1ec0N \u0110\u00d4NG\" \/>\n<meta property=\"og:description\" content=\"Model: Biospray H\u00e3ng SX: Macro teknik N\u01b0\u1edbc Sx: Turkey S\u1eed d\u1ee5ng \u0111\u01b0\u1ee3c t\u1ea5t c\u1ea3 c\u00e1c lo\u1ea1i dung d\u1ecbch\" \/>\n<meta property=\"og:url\" content=\"https:\/\/eastmedical.vn\/shop\/may-phun-suong-khu-khuan-khong-khi-mat\/\" \/>\n<meta property=\"og:site_name\" content=\"C\u00d4NG TY TNHH TM DV Y T\u1ebe MI\u1ec0N \u0110\u00d4NG\" \/>\n<meta property=\"article:modified_time\" content=\"2024-09-02T03:52:50+00:00\" \/>\n<meta property=\"og:image\" content=\"https:\/\/eastmedical.vn\/wp-content\/uploads\/2019\/06\/Biospray_Fogger.jpg\" \/>\n\t<meta property=\"og:image:width\" content=\"326\" \/>\n\t<meta property=\"og:image:height\" content=\"259\" \/>\n\t<meta property=\"og:image:type\" content=\"image\/jpeg\" \/>\n<meta name=\"twitter:card\" content=\"summary_large_image\" \/>\n<meta name=\"twitter:label1\" content=\"Est. reading time\" \/>\n\t<meta name=\"twitter:data1\" content=\"2 minutes\" \/>\n<script type=\"application\/ld+json\" class=\"yoast-schema-graph\">{\"@context\":\"https:\/\/schema.org\",\"@graph\":[{\"@type\":\"WebPage\",\"@id\":\"https:\/\/eastmedical.vn\/shop\/may-phun-suong-khu-khuan-khong-khi-mat\/\",\"url\":\"https:\/\/eastmedical.vn\/shop\/may-phun-suong-khu-khuan-khong-khi-mat\/\",\"name\":\"Air Dehumidifier - Surface - C\u00d4NG TY TNHH TM DV Y T\u1ebe MI\u1ec0N \u0110\u00d4NG\",\"isPartOf\":{\"@id\":\"https:\/\/eastmedical.vn\/#website\"},\"primaryImageOfPage\":{\"@id\":\"https:\/\/eastmedical.vn\/shop\/may-phun-suong-khu-khuan-khong-khi-mat\/#primaryimage\"},\"image\":{\"@id\":\"https:\/\/eastmedical.vn\/shop\/may-phun-suong-khu-khuan-khong-khi-mat\/#primaryimage\"},\"thumbnailUrl\":\"https:\/\/eastmedical.vn\/wp-content\/uploads\/2019\/06\/Biospray_Fogger.jpg\",\"datePublished\":\"2018-03-09T06:55:20+00:00\",\"dateModified\":\"2024-09-02T03:52:50+00:00\",\"breadcrumb\":{\"@id\":\"https:\/\/eastmedical.vn\/shop\/may-phun-suong-khu-khuan-khong-khi-mat\/#breadcrumb\"},\"inLanguage\":\"en-US\",\"potentialAction\":[{\"@type\":\"ReadAction\",\"target\":[\"https:\/\/eastmedical.vn\/shop\/may-phun-suong-khu-khuan-khong-khi-mat\/\"]}]},{\"@type\":\"ImageObject\",\"inLanguage\":\"en-US\",\"@id\":\"https:\/\/eastmedical.vn\/shop\/may-phun-suong-khu-khuan-khong-khi-mat\/#primaryimage\",\"url\":\"https:\/\/eastmedical.vn\/wp-content\/uploads\/2019\/06\/Biospray_Fogger.jpg\",\"contentUrl\":\"https:\/\/eastmedical.vn\/wp-content\/uploads\/2019\/06\/Biospray_Fogger.jpg\",\"width\":326,\"height\":259},{\"@type\":\"BreadcrumbList\",\"@id\":\"https:\/\/eastmedical.vn\/shop\/may-phun-suong-khu-khuan-khong-khi-mat\/#breadcrumb\",\"itemListElement\":[{\"@type\":\"ListItem\",\"position\":1,\"name\":\"Home\",\"item\":\"https:\/\/eastmedical.vn\/en\/\"},{\"@type\":\"ListItem\",\"position\":2,\"name\":\"Products\",\"item\":\"https:\/\/eastmedical.vn\/en\/shop\/\"},{\"@type\":\"ListItem\",\"position\":3,\"name\":\"Air Dehumidifier &#8211; Surface\"}]},{\"@type\":\"WebSite\",\"@id\":\"https:\/\/eastmedical.vn\/#website\",\"url\":\"https:\/\/eastmedical.vn\/\",\"name\":\"C\u00d4NG TY TNHH TM DV Y T\u1ebe MI\u1ec0N \u0110\u00d4NG\",\"description\":\"C\u00d4NG TY TNHH TM DV Y T\u1ebe MI\u1ec0N \u0110\u00d4NG\",\"potentialAction\":[{\"@type\":\"SearchAction\",\"target\":{\"@type\":\"EntryPoint\",\"urlTemplate\":\"https:\/\/eastmedical.vn\/?s={search_term_string}\"},\"query-input\":{\"@type\":\"PropertyValueSpecification\",\"valueRequired\":true,\"valueName\":\"search_term_string\"}}],\"inLanguage\":\"en-US\"}]}<\/script>\n<!-- \/ Yoast SEO plugin. -->","yoast_head_json":{"title":"Air Dehumidifier - Surface - C\u00d4NG TY TNHH TM DV Y T\u1ebe MI\u1ec0N \u0110\u00d4NG","robots":{"index":"index","follow":"follow","max-snippet":"max-snippet:-1","max-image-preview":"max-image-preview:large","max-video-preview":"max-video-preview:-1"},"canonical":"https:\/\/eastmedical.vn\/shop\/may-phun-suong-khu-khuan-khong-khi-mat\/","og_locale":"en_US","og_type":"article","og_title":"Air Dehumidifier - Surface - C\u00d4NG TY TNHH TM DV Y T\u1ebe MI\u1ec0N \u0110\u00d4NG","og_description":"Model: Biospray H\u00e3ng SX: Macro teknik N\u01b0\u1edbc Sx: Turkey S\u1eed d\u1ee5ng \u0111\u01b0\u1ee3c t\u1ea5t c\u1ea3 c\u00e1c lo\u1ea1i dung d\u1ecbch","og_url":"https:\/\/eastmedical.vn\/shop\/may-phun-suong-khu-khuan-khong-khi-mat\/","og_site_name":"C\u00d4NG TY TNHH TM DV Y T\u1ebe MI\u1ec0N \u0110\u00d4NG","article_modified_time":"2024-09-02T03:52:50+00:00","og_image":[{"width":326,"height":259,"url":"https:\/\/eastmedical.vn\/wp-content\/uploads\/2019\/06\/Biospray_Fogger.jpg","type":"image\/jpeg"}],"twitter_card":"summary_large_image","twitter_misc":{"Est. reading time":"2 minutes"},"schema":{"@context":"https:\/\/schema.org","@graph":[{"@type":"WebPage","@id":"https:\/\/eastmedical.vn\/shop\/may-phun-suong-khu-khuan-khong-khi-mat\/","url":"https:\/\/eastmedical.vn\/shop\/may-phun-suong-khu-khuan-khong-khi-mat\/","name":"Air Dehumidifier - Surface - C\u00d4NG TY TNHH TM DV Y T\u1ebe MI\u1ec0N \u0110\u00d4NG","isPartOf":{"@id":"https:\/\/eastmedical.vn\/#website"},"primaryImageOfPage":{"@id":"https:\/\/eastmedical.vn\/shop\/may-phun-suong-khu-khuan-khong-khi-mat\/#primaryimage"},"image":{"@id":"https:\/\/eastmedical.vn\/shop\/may-phun-suong-khu-khuan-khong-khi-mat\/#primaryimage"},"thumbnailUrl":"https:\/\/eastmedical.vn\/wp-content\/uploads\/2019\/06\/Biospray_Fogger.jpg","datePublished":"2018-03-09T06:55:20+00:00","dateModified":"2024-09-02T03:52:50+00:00","breadcrumb":{"@id":"https:\/\/eastmedical.vn\/shop\/may-phun-suong-khu-khuan-khong-khi-mat\/#breadcrumb"},"inLanguage":"en-US","potentialAction":[{"@type":"ReadAction","target":["https:\/\/eastmedical.vn\/shop\/may-phun-suong-khu-khuan-khong-khi-mat\/"]}]},{"@type":"ImageObject","inLanguage":"en-US","@id":"https:\/\/eastmedical.vn\/shop\/may-phun-suong-khu-khuan-khong-khi-mat\/#primaryimage","url":"https:\/\/eastmedical.vn\/wp-content\/uploads\/2019\/06\/Biospray_Fogger.jpg","contentUrl":"https:\/\/eastmedical.vn\/wp-content\/uploads\/2019\/06\/Biospray_Fogger.jpg","width":326,"height":259},{"@type":"BreadcrumbList","@id":"https:\/\/eastmedical.vn\/shop\/may-phun-suong-khu-khuan-khong-khi-mat\/#breadcrumb","itemListElement":[{"@type":"ListItem","position":1,"name":"Home","item":"https:\/\/eastmedical.vn\/en\/"},{"@type":"ListItem","position":2,"name":"Products","item":"https:\/\/eastmedical.vn\/en\/shop\/"},{"@type":"ListItem","position":3,"name":"Air Dehumidifier &#8211; Surface"}]},{"@type":"WebSite","@id":"https:\/\/eastmedical.vn\/#website","url":"https:\/\/eastmedical.vn\/","name":"C\u00d4NG TY TNHH TM DV Y T\u1ebe MI\u1ec0N \u0110\u00d4NG","description":"C\u00d4NG TY TNHH TM DV Y T\u1ebe MI\u1ec0N \u0110\u00d4NG","potentialAction":[{"@type":"SearchAction","target":{"@type":"EntryPoint","urlTemplate":"https:\/\/eastmedical.vn\/?s={search_term_string}"},"query-input":{"@type":"PropertyValueSpecification","valueRequired":true,"valueName":"search_term_string"}}],"inLanguage":"en-US"}]}},"_links":{"self":[{"href":"https:\/\/eastmedical.vn\/en\/wp-json\/wp\/v2\/product\/860","targetHints":{"allow":["GET"]}}],"collection":[{"href":"https:\/\/eastmedical.vn\/en\/wp-json\/wp\/v2\/product"}],"about":[{"href":"https:\/\/eastmedical.vn\/en\/wp-json\/wp\/v2\/types\/product"}],"replies":[{"embeddable":true,"href":"https:\/\/eastmedical.vn\/en\/wp-json\/wp\/v2\/comments?post=860"}],"wp:featuredmedia":[{"embeddable":true,"href":"https:\/\/eastmedical.vn\/en\/wp-json\/wp\/v2\/media\/1750"}],"wp:attachment":[{"href":"https:\/\/eastmedical.vn\/en\/wp-json\/wp\/v2\/media?parent=860"}],"wp:term":[{"taxonomy":"product_brand","embeddable":true,"href":"https:\/\/eastmedical.vn\/en\/wp-json\/wp\/v2\/product_brand?post=860"},{"taxonomy":"product_cat","embeddable":true,"href":"https:\/\/eastmedical.vn\/en\/wp-json\/wp\/v2\/product_cat?post=860"},{"taxonomy":"product_tag","embeddable":true,"href":"https:\/\/eastmedical.vn\/en\/wp-json\/wp\/v2\/product_tag?post=860"}],"curies":[{"name":"wp","href":"https:\/\/api.w.org\/{rel}","templated":true}]}}