{"id":862,"date":"2018-03-09T06:47:27","date_gmt":"2018-03-09T06:47:27","guid":{"rendered":"http:\/\/12014.lamdx.vinawebsite.vn\/shop\/multifunctional-surgery-table-electric\/"},"modified":"2020-12-21T16:34:21","modified_gmt":"2020-12-21T16:34:21","slug":"multifunctional-surgery-table-electric","status":"publish","type":"product","link":"https:\/\/eastmedical.vn\/en\/shop\/multifunctional-surgery-table-electric\/","title":{"rendered":"Multifunctional surgery table &#8211; Electric"},"content":{"rendered":"","protected":false},"excerpt":{"rendered":"<p>Production: Korea<br \/>\nMultifunctional positioning for aesthetic, general, &#8230;<br \/>\nHydraulic control &#8211; power, durability, smooth.<br \/>\nAnti-bacterial stainless steel material<br \/>\nAntistatic wheel and positioning brake<br \/>\n3 year warranty<br \/>\nMien Dong Company officially imported<\/p>\n","protected":false},"featured_media":822,"comment_status":"open","ping_status":"closed","template":"","meta":{"_acf_changed":false},"product_brand":[],"product_cat":[],"product_tag":[],"class_list":{"0":"post-862","1":"product","2":"type-product","3":"status-publish","4":"has-post-thumbnail","6":"yith_product_brand-korean","8":"first","9":"instock","10":"shipping-taxable","11":"product-type-simple"},"acf":[],"yoast_head":"<!-- This site is optimized with the Yoast SEO plugin v24.5 - https:\/\/yoast.com\/wordpress\/plugins\/seo\/ -->\n<title>Multifunctional surgery table - Electric - C\u00d4NG TY TNHH TM DV Y T\u1ebe MI\u1ec0N \u0110\u00d4NG<\/title>\n<meta name=\"robots\" content=\"index, follow, max-snippet:-1, max-image-preview:large, max-video-preview:-1\" \/>\n<link rel=\"canonical\" href=\"https:\/\/eastmedical.vn\/shop\/ban-phau-thuat-da-nang-dien\/\" \/>\n<meta property=\"og:locale\" content=\"en_US\" \/>\n<meta property=\"og:type\" content=\"article\" \/>\n<meta property=\"og:title\" content=\"Multifunctional surgery table - Electric - C\u00d4NG TY TNHH TM DV Y T\u1ebe MI\u1ec0N \u0110\u00d4NG\" \/>\n<meta property=\"og:description\" content=\"Production: Korea Multifunctional positioning for aesthetic, general, ... Hydraulic control - power, durability, smooth. Anti-bacterial stainless steel material Antistatic wheel and positioning brake 3 year warranty Mien Dong Company officially imported\" \/>\n<meta property=\"og:url\" content=\"https:\/\/eastmedical.vn\/shop\/ban-phau-thuat-da-nang-dien\/\" \/>\n<meta property=\"og:site_name\" content=\"C\u00d4NG TY TNHH TM DV Y T\u1ebe MI\u1ec0N \u0110\u00d4NG\" \/>\n<meta property=\"article:modified_time\" content=\"2020-12-21T16:34:21+00:00\" \/>\n<meta property=\"og:image\" content=\"https:\/\/eastmedical.vn\/wp-content\/uploads\/2018\/03\/EL-OT050.png\" \/>\n\t<meta property=\"og:image:width\" content=\"318\" \/>\n\t<meta property=\"og:image:height\" content=\"240\" \/>\n\t<meta property=\"og:image:type\" content=\"image\/png\" \/>\n<meta name=\"twitter:card\" content=\"summary_large_image\" \/>\n<script type=\"application\/ld+json\" class=\"yoast-schema-graph\">{\"@context\":\"https:\/\/schema.org\",\"@graph\":[{\"@type\":\"WebPage\",\"@id\":\"https:\/\/eastmedical.vn\/shop\/ban-phau-thuat-da-nang-dien\/\",\"url\":\"https:\/\/eastmedical.vn\/shop\/ban-phau-thuat-da-nang-dien\/\",\"name\":\"Multifunctional surgery table - Electric - C\u00d4NG TY TNHH TM DV Y T\u1ebe MI\u1ec0N \u0110\u00d4NG\",\"isPartOf\":{\"@id\":\"https:\/\/eastmedical.vn\/#website\"},\"primaryImageOfPage\":{\"@id\":\"https:\/\/eastmedical.vn\/shop\/ban-phau-thuat-da-nang-dien\/#primaryimage\"},\"image\":{\"@id\":\"https:\/\/eastmedical.vn\/shop\/ban-phau-thuat-da-nang-dien\/#primaryimage\"},\"thumbnailUrl\":\"https:\/\/eastmedical.vn\/wp-content\/uploads\/2018\/03\/EL-OT050.png\",\"datePublished\":\"2018-03-09T06:47:27+00:00\",\"dateModified\":\"2020-12-21T16:34:21+00:00\",\"breadcrumb\":{\"@id\":\"https:\/\/eastmedical.vn\/shop\/ban-phau-thuat-da-nang-dien\/#breadcrumb\"},\"inLanguage\":\"en-US\",\"potentialAction\":[{\"@type\":\"ReadAction\",\"target\":[\"https:\/\/eastmedical.vn\/shop\/ban-phau-thuat-da-nang-dien\/\"]}]},{\"@type\":\"ImageObject\",\"inLanguage\":\"en-US\",\"@id\":\"https:\/\/eastmedical.vn\/shop\/ban-phau-thuat-da-nang-dien\/#primaryimage\",\"url\":\"https:\/\/eastmedical.vn\/wp-content\/uploads\/2018\/03\/EL-OT050.png\",\"contentUrl\":\"https:\/\/eastmedical.vn\/wp-content\/uploads\/2018\/03\/EL-OT050.png\",\"width\":318,\"height\":240,\"caption\":\"EL-OT050\"},{\"@type\":\"BreadcrumbList\",\"@id\":\"https:\/\/eastmedical.vn\/shop\/ban-phau-thuat-da-nang-dien\/#breadcrumb\",\"itemListElement\":[{\"@type\":\"ListItem\",\"position\":1,\"name\":\"Home\",\"item\":\"https:\/\/eastmedical.vn\/en\/\"},{\"@type\":\"ListItem\",\"position\":2,\"name\":\"Products\",\"item\":\"https:\/\/eastmedical.vn\/en\/shop\/\"},{\"@type\":\"ListItem\",\"position\":3,\"name\":\"Multifunctional surgery table &#8211; Electric\"}]},{\"@type\":\"WebSite\",\"@id\":\"https:\/\/eastmedical.vn\/#website\",\"url\":\"https:\/\/eastmedical.vn\/\",\"name\":\"C\u00d4NG TY TNHH TM DV Y T\u1ebe MI\u1ec0N \u0110\u00d4NG\",\"description\":\"C\u00d4NG TY TNHH TM DV Y T\u1ebe MI\u1ec0N \u0110\u00d4NG\",\"potentialAction\":[{\"@type\":\"SearchAction\",\"target\":{\"@type\":\"EntryPoint\",\"urlTemplate\":\"https:\/\/eastmedical.vn\/?s={search_term_string}\"},\"query-input\":{\"@type\":\"PropertyValueSpecification\",\"valueRequired\":true,\"valueName\":\"search_term_string\"}}],\"inLanguage\":\"en-US\"}]}<\/script>\n<!-- \/ Yoast SEO plugin. -->","yoast_head_json":{"title":"Multifunctional surgery table - Electric - C\u00d4NG TY TNHH TM DV Y T\u1ebe MI\u1ec0N \u0110\u00d4NG","robots":{"index":"index","follow":"follow","max-snippet":"max-snippet:-1","max-image-preview":"max-image-preview:large","max-video-preview":"max-video-preview:-1"},"canonical":"https:\/\/eastmedical.vn\/shop\/ban-phau-thuat-da-nang-dien\/","og_locale":"en_US","og_type":"article","og_title":"Multifunctional surgery table - Electric - C\u00d4NG TY TNHH TM DV Y T\u1ebe MI\u1ec0N \u0110\u00d4NG","og_description":"Production: Korea Multifunctional positioning for aesthetic, general, ... Hydraulic control - power, durability, smooth. Anti-bacterial stainless steel material Antistatic wheel and positioning brake 3 year warranty Mien Dong Company officially imported","og_url":"https:\/\/eastmedical.vn\/shop\/ban-phau-thuat-da-nang-dien\/","og_site_name":"C\u00d4NG TY TNHH TM DV Y T\u1ebe MI\u1ec0N \u0110\u00d4NG","article_modified_time":"2020-12-21T16:34:21+00:00","og_image":[{"width":318,"height":240,"url":"https:\/\/eastmedical.vn\/wp-content\/uploads\/2018\/03\/EL-OT050.png","type":"image\/png"}],"twitter_card":"summary_large_image","schema":{"@context":"https:\/\/schema.org","@graph":[{"@type":"WebPage","@id":"https:\/\/eastmedical.vn\/shop\/ban-phau-thuat-da-nang-dien\/","url":"https:\/\/eastmedical.vn\/shop\/ban-phau-thuat-da-nang-dien\/","name":"Multifunctional surgery table - Electric - C\u00d4NG TY TNHH TM DV Y T\u1ebe MI\u1ec0N \u0110\u00d4NG","isPartOf":{"@id":"https:\/\/eastmedical.vn\/#website"},"primaryImageOfPage":{"@id":"https:\/\/eastmedical.vn\/shop\/ban-phau-thuat-da-nang-dien\/#primaryimage"},"image":{"@id":"https:\/\/eastmedical.vn\/shop\/ban-phau-thuat-da-nang-dien\/#primaryimage"},"thumbnailUrl":"https:\/\/eastmedical.vn\/wp-content\/uploads\/2018\/03\/EL-OT050.png","datePublished":"2018-03-09T06:47:27+00:00","dateModified":"2020-12-21T16:34:21+00:00","breadcrumb":{"@id":"https:\/\/eastmedical.vn\/shop\/ban-phau-thuat-da-nang-dien\/#breadcrumb"},"inLanguage":"en-US","potentialAction":[{"@type":"ReadAction","target":["https:\/\/eastmedical.vn\/shop\/ban-phau-thuat-da-nang-dien\/"]}]},{"@type":"ImageObject","inLanguage":"en-US","@id":"https:\/\/eastmedical.vn\/shop\/ban-phau-thuat-da-nang-dien\/#primaryimage","url":"https:\/\/eastmedical.vn\/wp-content\/uploads\/2018\/03\/EL-OT050.png","contentUrl":"https:\/\/eastmedical.vn\/wp-content\/uploads\/2018\/03\/EL-OT050.png","width":318,"height":240,"caption":"EL-OT050"},{"@type":"BreadcrumbList","@id":"https:\/\/eastmedical.vn\/shop\/ban-phau-thuat-da-nang-dien\/#breadcrumb","itemListElement":[{"@type":"ListItem","position":1,"name":"Home","item":"https:\/\/eastmedical.vn\/en\/"},{"@type":"ListItem","position":2,"name":"Products","item":"https:\/\/eastmedical.vn\/en\/shop\/"},{"@type":"ListItem","position":3,"name":"Multifunctional surgery table &#8211; Electric"}]},{"@type":"WebSite","@id":"https:\/\/eastmedical.vn\/#website","url":"https:\/\/eastmedical.vn\/","name":"C\u00d4NG TY TNHH TM DV Y T\u1ebe MI\u1ec0N \u0110\u00d4NG","description":"C\u00d4NG TY TNHH TM DV Y T\u1ebe MI\u1ec0N \u0110\u00d4NG","potentialAction":[{"@type":"SearchAction","target":{"@type":"EntryPoint","urlTemplate":"https:\/\/eastmedical.vn\/?s={search_term_string}"},"query-input":{"@type":"PropertyValueSpecification","valueRequired":true,"valueName":"search_term_string"}}],"inLanguage":"en-US"}]}},"_links":{"self":[{"href":"https:\/\/eastmedical.vn\/en\/wp-json\/wp\/v2\/product\/862","targetHints":{"allow":["GET"]}}],"collection":[{"href":"https:\/\/eastmedical.vn\/en\/wp-json\/wp\/v2\/product"}],"about":[{"href":"https:\/\/eastmedical.vn\/en\/wp-json\/wp\/v2\/types\/product"}],"replies":[{"embeddable":true,"href":"https:\/\/eastmedical.vn\/en\/wp-json\/wp\/v2\/comments?post=862"}],"wp:featuredmedia":[{"embeddable":true,"href":"https:\/\/eastmedical.vn\/en\/wp-json\/wp\/v2\/media\/822"}],"wp:attachment":[{"href":"https:\/\/eastmedical.vn\/en\/wp-json\/wp\/v2\/media?parent=862"}],"wp:term":[{"taxonomy":"product_brand","embeddable":true,"href":"https:\/\/eastmedical.vn\/en\/wp-json\/wp\/v2\/product_brand?post=862"},{"taxonomy":"product_cat","embeddable":true,"href":"https:\/\/eastmedical.vn\/en\/wp-json\/wp\/v2\/product_cat?post=862"},{"taxonomy":"product_tag","embeddable":true,"href":"https:\/\/eastmedical.vn\/en\/wp-json\/wp\/v2\/product_tag?post=862"}],"curies":[{"name":"wp","href":"https:\/\/api.w.org\/{rel}","templated":true}]}}