{"id":863,"date":"2018-03-09T06:43:48","date_gmt":"2018-03-09T06:43:48","guid":{"rendered":"http:\/\/12014.lamdx.vinawebsite.vn\/shop\/multifunctional-surgery-table\/"},"modified":"2018-03-09T06:43:48","modified_gmt":"2018-03-09T06:43:48","slug":"multifunctional-surgery-table","status":"publish","type":"product","link":"https:\/\/eastmedical.vn\/en\/shop\/multifunctional-surgery-table\/","title":{"rendered":"Multifunctional surgery table"},"content":{"rendered":"<p>\u0110\u1ecbnh v\u1ecb \u0111a v\u1ecb tr\u00ed b\u1ec7nh nh\u00e2n cho c\u00e1c chuy\u00ean khoa ph\u1ee5 s\u1ea3n, khoa ph\u1eabu thu\u1eadt th\u1ea9m m\u1ef9, khoa ch\u1ea5n th\u01b0\u01a1ng ch\u1ec9nh h\u00ecnh<br \/>\nB\u00e0n g\u1ed3m 5 ph\u1ea7n: \u0110\u1ea7u, l\u01b0ng, m\u00f4ng \u0111\u00f9i, ch\u00e2n v\u00e0 ph\u1ea7n tay c\u00f3 th\u1ec3 th\u00e1o r\u1eddi<br \/>\nR\u00e3nh \u0111\u1eb7t cassette \u0111\u01b0\u1ee3c ph\u1ee7 kh\u1eafp m\u1eb7t b\u00e0n m\u1ed5 cho ph\u00e9p chi\u1ebfu x\u1ea1 tia X m\u1ed9t c\u00e1ch kh\u00f4ng gi\u1edbi h\u1ea1n.<br \/>\nM\u1eb7t b\u00e0n c\u00f3 th\u1ec3 tr\u01b0\u1ee3t \u0111\u1ec3 s\u1eed d\u1ee5ng v\u1edbi c\u00e1c thi\u1ebft b\u1ecb C-Arm<br \/>\nB\u00e1nh xe ch\u1ed1ng t\u0129nh \u0111i\u1ec7n v\u00e0 phanh \u0111\u1eb7c bi\u1ec7t cho ph\u00e9p d\u1ec5 d\u00e0ng di chuy\u1ec3n v\u00e0 c\u1ed1 \u0111\u1ecbnh v\u1ecb tr\u00ed.<\/p>\n","protected":false},"excerpt":{"rendered":"<p>Production: Korea<br \/>\nMultifunctional positioning for aesthetic, general, &#8230;<br \/>\nHydraulic control &#8211; power, durability, smooth.<br \/>\nAnti-bacterial, shiny stainless steel<br \/>\n3 year warranty<br \/>\nMien Dong Company officially imported<\/p>\n","protected":false},"featured_media":819,"comment_status":"open","ping_status":"closed","template":"","meta":{"_acf_changed":false},"product_brand":[],"product_cat":[],"product_tag":[],"class_list":{"0":"post-863","1":"product","2":"type-product","3":"status-publish","4":"has-post-thumbnail","6":"yith_product_brand-korean","8":"first","9":"instock","10":"shipping-taxable","11":"product-type-simple"},"acf":[],"yoast_head":"<!-- This site is optimized with the Yoast SEO plugin v24.5 - https:\/\/yoast.com\/wordpress\/plugins\/seo\/ -->\n<title>Multifunctional surgery table - C\u00d4NG TY TNHH TM DV Y T\u1ebe MI\u1ec0N \u0110\u00d4NG<\/title>\n<meta name=\"robots\" content=\"index, follow, max-snippet:-1, max-image-preview:large, max-video-preview:-1\" \/>\n<link rel=\"canonical\" href=\"https:\/\/eastmedical.vn\/shop\/ban-phau-thuat-da-nang\/\" \/>\n<meta property=\"og:locale\" content=\"en_US\" \/>\n<meta property=\"og:type\" content=\"article\" \/>\n<meta property=\"og:title\" content=\"Multifunctional surgery table - C\u00d4NG TY TNHH TM DV Y T\u1ebe MI\u1ec0N \u0110\u00d4NG\" \/>\n<meta property=\"og:description\" content=\"Production: Korea Multifunctional positioning for aesthetic, general, ... Hydraulic control - power, durability, smooth. Anti-bacterial, shiny stainless steel 3 year warranty Mien Dong Company officially imported\" \/>\n<meta property=\"og:url\" content=\"https:\/\/eastmedical.vn\/shop\/ban-phau-thuat-da-nang\/\" \/>\n<meta property=\"og:site_name\" content=\"C\u00d4NG TY TNHH TM DV Y T\u1ebe MI\u1ec0N \u0110\u00d4NG\" \/>\n<meta property=\"og:image\" content=\"https:\/\/eastmedical.vn\/wp-content\/uploads\/2018\/03\/EL-OT100OT100S.png\" \/>\n\t<meta property=\"og:image:width\" content=\"320\" \/>\n\t<meta property=\"og:image:height\" content=\"221\" \/>\n\t<meta property=\"og:image:type\" content=\"image\/png\" \/>\n<meta name=\"twitter:card\" content=\"summary_large_image\" \/>\n<meta name=\"twitter:label1\" content=\"Est. reading time\" \/>\n\t<meta name=\"twitter:data1\" content=\"1 minute\" \/>\n<script type=\"application\/ld+json\" class=\"yoast-schema-graph\">{\"@context\":\"https:\/\/schema.org\",\"@graph\":[{\"@type\":\"WebPage\",\"@id\":\"https:\/\/eastmedical.vn\/shop\/ban-phau-thuat-da-nang\/\",\"url\":\"https:\/\/eastmedical.vn\/shop\/ban-phau-thuat-da-nang\/\",\"name\":\"Multifunctional surgery table - C\u00d4NG TY TNHH TM DV Y T\u1ebe MI\u1ec0N \u0110\u00d4NG\",\"isPartOf\":{\"@id\":\"https:\/\/eastmedical.vn\/#website\"},\"primaryImageOfPage\":{\"@id\":\"https:\/\/eastmedical.vn\/shop\/ban-phau-thuat-da-nang\/#primaryimage\"},\"image\":{\"@id\":\"https:\/\/eastmedical.vn\/shop\/ban-phau-thuat-da-nang\/#primaryimage\"},\"thumbnailUrl\":\"https:\/\/eastmedical.vn\/wp-content\/uploads\/2018\/03\/EL-OT100OT100S.png\",\"datePublished\":\"2018-03-09T06:43:48+00:00\",\"breadcrumb\":{\"@id\":\"https:\/\/eastmedical.vn\/shop\/ban-phau-thuat-da-nang\/#breadcrumb\"},\"inLanguage\":\"en-US\",\"potentialAction\":[{\"@type\":\"ReadAction\",\"target\":[\"https:\/\/eastmedical.vn\/shop\/ban-phau-thuat-da-nang\/\"]}]},{\"@type\":\"ImageObject\",\"inLanguage\":\"en-US\",\"@id\":\"https:\/\/eastmedical.vn\/shop\/ban-phau-thuat-da-nang\/#primaryimage\",\"url\":\"https:\/\/eastmedical.vn\/wp-content\/uploads\/2018\/03\/EL-OT100OT100S.png\",\"contentUrl\":\"https:\/\/eastmedical.vn\/wp-content\/uploads\/2018\/03\/EL-OT100OT100S.png\",\"width\":320,\"height\":221,\"caption\":\"EL-OT100OT100S\"},{\"@type\":\"BreadcrumbList\",\"@id\":\"https:\/\/eastmedical.vn\/shop\/ban-phau-thuat-da-nang\/#breadcrumb\",\"itemListElement\":[{\"@type\":\"ListItem\",\"position\":1,\"name\":\"Home\",\"item\":\"https:\/\/eastmedical.vn\/en\/\"},{\"@type\":\"ListItem\",\"position\":2,\"name\":\"Products\",\"item\":\"https:\/\/eastmedical.vn\/en\/shop\/\"},{\"@type\":\"ListItem\",\"position\":3,\"name\":\"Multifunctional surgery table\"}]},{\"@type\":\"WebSite\",\"@id\":\"https:\/\/eastmedical.vn\/#website\",\"url\":\"https:\/\/eastmedical.vn\/\",\"name\":\"C\u00d4NG TY TNHH TM DV Y T\u1ebe MI\u1ec0N \u0110\u00d4NG\",\"description\":\"C\u00d4NG TY TNHH TM DV Y T\u1ebe MI\u1ec0N \u0110\u00d4NG\",\"potentialAction\":[{\"@type\":\"SearchAction\",\"target\":{\"@type\":\"EntryPoint\",\"urlTemplate\":\"https:\/\/eastmedical.vn\/?s={search_term_string}\"},\"query-input\":{\"@type\":\"PropertyValueSpecification\",\"valueRequired\":true,\"valueName\":\"search_term_string\"}}],\"inLanguage\":\"en-US\"}]}<\/script>\n<!-- \/ Yoast SEO plugin. -->","yoast_head_json":{"title":"Multifunctional surgery table - C\u00d4NG TY TNHH TM DV Y T\u1ebe MI\u1ec0N \u0110\u00d4NG","robots":{"index":"index","follow":"follow","max-snippet":"max-snippet:-1","max-image-preview":"max-image-preview:large","max-video-preview":"max-video-preview:-1"},"canonical":"https:\/\/eastmedical.vn\/shop\/ban-phau-thuat-da-nang\/","og_locale":"en_US","og_type":"article","og_title":"Multifunctional surgery table - C\u00d4NG TY TNHH TM DV Y T\u1ebe MI\u1ec0N \u0110\u00d4NG","og_description":"Production: Korea Multifunctional positioning for aesthetic, general, ... Hydraulic control - power, durability, smooth. Anti-bacterial, shiny stainless steel 3 year warranty Mien Dong Company officially imported","og_url":"https:\/\/eastmedical.vn\/shop\/ban-phau-thuat-da-nang\/","og_site_name":"C\u00d4NG TY TNHH TM DV Y T\u1ebe MI\u1ec0N \u0110\u00d4NG","og_image":[{"width":320,"height":221,"url":"https:\/\/eastmedical.vn\/wp-content\/uploads\/2018\/03\/EL-OT100OT100S.png","type":"image\/png"}],"twitter_card":"summary_large_image","twitter_misc":{"Est. reading time":"1 minute"},"schema":{"@context":"https:\/\/schema.org","@graph":[{"@type":"WebPage","@id":"https:\/\/eastmedical.vn\/shop\/ban-phau-thuat-da-nang\/","url":"https:\/\/eastmedical.vn\/shop\/ban-phau-thuat-da-nang\/","name":"Multifunctional surgery table - C\u00d4NG TY TNHH TM DV Y T\u1ebe MI\u1ec0N \u0110\u00d4NG","isPartOf":{"@id":"https:\/\/eastmedical.vn\/#website"},"primaryImageOfPage":{"@id":"https:\/\/eastmedical.vn\/shop\/ban-phau-thuat-da-nang\/#primaryimage"},"image":{"@id":"https:\/\/eastmedical.vn\/shop\/ban-phau-thuat-da-nang\/#primaryimage"},"thumbnailUrl":"https:\/\/eastmedical.vn\/wp-content\/uploads\/2018\/03\/EL-OT100OT100S.png","datePublished":"2018-03-09T06:43:48+00:00","breadcrumb":{"@id":"https:\/\/eastmedical.vn\/shop\/ban-phau-thuat-da-nang\/#breadcrumb"},"inLanguage":"en-US","potentialAction":[{"@type":"ReadAction","target":["https:\/\/eastmedical.vn\/shop\/ban-phau-thuat-da-nang\/"]}]},{"@type":"ImageObject","inLanguage":"en-US","@id":"https:\/\/eastmedical.vn\/shop\/ban-phau-thuat-da-nang\/#primaryimage","url":"https:\/\/eastmedical.vn\/wp-content\/uploads\/2018\/03\/EL-OT100OT100S.png","contentUrl":"https:\/\/eastmedical.vn\/wp-content\/uploads\/2018\/03\/EL-OT100OT100S.png","width":320,"height":221,"caption":"EL-OT100OT100S"},{"@type":"BreadcrumbList","@id":"https:\/\/eastmedical.vn\/shop\/ban-phau-thuat-da-nang\/#breadcrumb","itemListElement":[{"@type":"ListItem","position":1,"name":"Home","item":"https:\/\/eastmedical.vn\/en\/"},{"@type":"ListItem","position":2,"name":"Products","item":"https:\/\/eastmedical.vn\/en\/shop\/"},{"@type":"ListItem","position":3,"name":"Multifunctional surgery table"}]},{"@type":"WebSite","@id":"https:\/\/eastmedical.vn\/#website","url":"https:\/\/eastmedical.vn\/","name":"C\u00d4NG TY TNHH TM DV Y T\u1ebe MI\u1ec0N \u0110\u00d4NG","description":"C\u00d4NG TY TNHH TM DV Y T\u1ebe MI\u1ec0N \u0110\u00d4NG","potentialAction":[{"@type":"SearchAction","target":{"@type":"EntryPoint","urlTemplate":"https:\/\/eastmedical.vn\/?s={search_term_string}"},"query-input":{"@type":"PropertyValueSpecification","valueRequired":true,"valueName":"search_term_string"}}],"inLanguage":"en-US"}]}},"_links":{"self":[{"href":"https:\/\/eastmedical.vn\/en\/wp-json\/wp\/v2\/product\/863","targetHints":{"allow":["GET"]}}],"collection":[{"href":"https:\/\/eastmedical.vn\/en\/wp-json\/wp\/v2\/product"}],"about":[{"href":"https:\/\/eastmedical.vn\/en\/wp-json\/wp\/v2\/types\/product"}],"replies":[{"embeddable":true,"href":"https:\/\/eastmedical.vn\/en\/wp-json\/wp\/v2\/comments?post=863"}],"wp:featuredmedia":[{"embeddable":true,"href":"https:\/\/eastmedical.vn\/en\/wp-json\/wp\/v2\/media\/819"}],"wp:attachment":[{"href":"https:\/\/eastmedical.vn\/en\/wp-json\/wp\/v2\/media?parent=863"}],"wp:term":[{"taxonomy":"product_brand","embeddable":true,"href":"https:\/\/eastmedical.vn\/en\/wp-json\/wp\/v2\/product_brand?post=863"},{"taxonomy":"product_cat","embeddable":true,"href":"https:\/\/eastmedical.vn\/en\/wp-json\/wp\/v2\/product_cat?post=863"},{"taxonomy":"product_tag","embeddable":true,"href":"https:\/\/eastmedical.vn\/en\/wp-json\/wp\/v2\/product_tag?post=863"}],"curies":[{"name":"wp","href":"https:\/\/api.w.org\/{rel}","templated":true}]}}