{"id":866,"date":"2018-03-09T06:32:51","date_gmt":"2018-03-09T06:32:51","guid":{"rendered":"http:\/\/12014.lamdx.vinawebsite.vn\/shop\/light-fixture-ceiling-mounted\/"},"modified":"2018-03-09T06:32:51","modified_gmt":"2018-03-09T06:32:51","slug":"light-fixture-ceiling-mounted","status":"publish","type":"product","link":"https:\/\/eastmedical.vn\/en\/shop\/light-fixture-ceiling-mounted\/","title":{"rendered":"Light fixture ceiling mounted"},"content":{"rendered":"<p><span style=\"color: #993300;\">C\u00f4ng ngh\u1ec7 \u00e1nh s\u00e1ng Led kh\u00f4ng ch\u1ee9a tia UV, thu\u1ef7 ng\u00e2n \u0111\u1ed9c h\u1ea1i.<\/span><br \/>\n<span style=\"color: #993300;\">\u00c1nh s\u00e1ng l\u1ea1nh \u0111\u01a1n s\u1eafc cho c\u00e1c ph\u1eabu tr\u01b0\u1eddng d\u00e0i,&nbsp;<\/span><br \/>\n<span style=\"color: #993300;\">Kho\u1ea3ng h\u1ed9i t\u1ee5 cao, l\u00e0m n\u1ed5i b\u1eadt \u0111i\u1ec3m ph\u1eabu thu\u1eadt<\/span><br \/>\n<span style=\"color: #993300;\">Tu\u1ed5i th\u1ecd Led &gt;40000h, g\u1eafp 50 l\u1ea7n \u0111\u00e8n Halogen th\u00f4ng th\u01b0\u1eddng.<\/span><br \/>\n<span style=\"color: #993300;\">Ti\u1ebft ki\u1ec7m n\u0103ng l\u01b0\u1ee3ng, chi ph\u00ed b\u1ea3o d\u01b0\u1ee1ng<\/span><br \/>\n<span style=\"color: #993300;\">Th\u00e2n \u0111\u00e8n v\u1eefng ch\u1eafc<\/span><br \/>\n<span style=\"color: #993300;\">B\u00e1nh xe&nbsp;\u00d8 80 mm, c\u00f3 kho\u00e1<\/span><br \/>\n<span style=\"color: #993300;\">B\u1ea3o h\u00e0nh 2 n\u0103m<\/span><\/p>\n<table>\n<tbody>\n<tr style=\"height: 21px;\">\n<td style=\"height: 21px;\" width=\"248\"><strong>Model<\/strong><\/td>\n<td style=\"height: 21px;\" width=\"243\"><b>L33-38<\/b><\/td>\n<\/tr>\n<tr style=\"height: 21px;\">\n<td style=\"height: 21px;\" width=\"248\">\u0110\u01b0\u1eddng k\u00ednh ch\u00f3a \u0111\u00e8n:<\/td>\n<td style=\"height: 21px;\" width=\"243\">330mm<\/td>\n<\/tr>\n<tr style=\"height: 21px;\">\n<td style=\"height: 21px;\" width=\"248\">Lo\u1ea1i \u0111\u00e8n<\/td>\n<td style=\"height: 21px;\" width=\"243\">G\u01b0\u01a1ng c\u1ea7u<\/td>\n<\/tr>\n<tr style=\"height: 21px;\">\n<td style=\"height: 21px;\" width=\"248\">C\u01b0\u1eddng \u0111\u1ed9 s\u00e1ng t\u1ed1i \u0111a (Lux)<\/td>\n<td style=\"height: 21px;\" width=\"243\">70,000Lux<\/td>\n<\/tr>\n<tr style=\"height: 24px;\">\n<td style=\"height: 24px;\" width=\"248\">Nhi\u1ec7t \u0111\u1ed9 m\u00e0u (K)<\/td>\n<td style=\"height: 24px;\" width=\"243\">4,750&nbsp;<sup>0<\/sup>K<\/td>\n<\/tr>\n<tr style=\"height: 21px;\">\n<td style=\"height: 21px;\" width=\"248\">Ch\u1ec9 s\u1ed1 t\u1ea1o m\u00e0u<\/td>\n<td style=\"height: 21px;\" width=\"243\">&nbsp;RAL 9002<\/td>\n<\/tr>\n<tr style=\"height: 21px;\">\n<td style=\"height: 21px;\" width=\"248\">\u0110\u1ed9 s\u00e2u v\u00f9ng h\u1ed9i t\u1ee5<\/td>\n<td style=\"height: 21px;\" width=\"243\">150mm<\/td>\n<\/tr>\n<tr style=\"height: 21px;\">\n<td style=\"height: 21px;\" width=\"248\">Kho\u1ea3ng h\u1ed9i t\u1ee5:<\/td>\n<td style=\"height: 21px;\" width=\"243\">700-1400mm<\/td>\n<\/tr>\n<tr style=\"height: 21px;\">\n<td style=\"height: 21px;\" width=\"248\">S\u1ed1 l\u01b0\u1ee3ng \u0111\u00e8n LED<\/td>\n<td style=\"height: 21px;\" width=\"243\">08<\/td>\n<\/tr>\n<tr style=\"height: 21px;\">\n<td style=\"height: 21px;\" width=\"248\">\u0110i\u1ec1u khi\u1ec3n<\/td>\n<td style=\"height: 21px;\" width=\"243\">Touch<\/td>\n<\/tr>\n<tr style=\"height: 21px;\">\n<td style=\"height: 21px;\" width=\"248\">Tu\u1ed5i th\u1ecd LED<\/td>\n<td style=\"height: 21px;\" width=\"243\">40,000 gi\u1edd<\/td>\n<\/tr>\n<tr style=\"height: 21px;\">\n<td style=\"height: 21px;\" width=\"248\">Tr\u1ecdng l\u01b0\u1ee3ng<\/td>\n<td style=\"height: 21px;\" width=\"243\">19,5Kg<\/td>\n<\/tr>\n<tr style=\"height: 21.5625px;\">\n<td style=\"height: 21.5625px;\" width=\"248\">Ngu\u1ed3n \u0111i\u1ec7n s\u1eed d\u1ee5ng<\/td>\n<td style=\"height: 21.5625px;\" width=\"243\">100 \u2013 240 V \/ 47-63 Hz<\/td>\n<\/tr>\n<\/tbody>\n<\/table>\n","protected":false},"excerpt":{"rendered":"<p>Made in: Spain<br \/>\nLighting: 70000Lux<br \/>\nLow color temperature: 4,750k<br \/>\nNumber of Led: 08EA<br \/>\nThe depth of focus is 1,500mm<br \/>\nLongevity Led Lighting:&gt; 40000h<br \/>\n2 years warranty<\/p>\n","protected":false},"featured_media":1055,"comment_status":"open","ping_status":"closed","template":"","meta":{"_acf_changed":false},"product_brand":[],"product_cat":[168,169],"product_tag":[],"class_list":{"0":"post-866","1":"product","2":"type-product","3":"status-publish","4":"has-post-thumbnail","6":"product_cat-medical-lights","7":"product_cat-surgical-lights","9":"first","10":"instock","11":"shipping-taxable","12":"product-type-simple"},"acf":[],"yoast_head":"<!-- This site is optimized with the Yoast SEO plugin v24.5 - https:\/\/yoast.com\/wordpress\/plugins\/seo\/ -->\n<title>Light fixture ceiling mounted - C\u00d4NG TY TNHH TM DV Y T\u1ebe MI\u1ec0N \u0110\u00d4NG<\/title>\n<meta name=\"robots\" content=\"index, follow, max-snippet:-1, max-image-preview:large, max-video-preview:-1\" \/>\n<link rel=\"canonical\" href=\"https:\/\/eastmedical.vn\/?post_type=product&p=794\" \/>\n<meta property=\"og:locale\" content=\"en_US\" \/>\n<meta property=\"og:type\" content=\"article\" \/>\n<meta property=\"og:title\" content=\"Light fixture ceiling mounted - C\u00d4NG TY TNHH TM DV Y T\u1ebe MI\u1ec0N \u0110\u00d4NG\" \/>\n<meta property=\"og:description\" content=\"Made in: Spain Lighting: 70000Lux Low color temperature: 4,750k Number of Led: 08EA The depth of focus is 1,500mm Longevity Led Lighting:&gt; 40000h 2 years warranty\" \/>\n<meta property=\"og:url\" content=\"https:\/\/eastmedical.vn\/?post_type=product&amp;p=794\" \/>\n<meta property=\"og:site_name\" content=\"C\u00d4NG TY TNHH TM DV Y T\u1ebe MI\u1ec0N \u0110\u00d4NG\" \/>\n<meta property=\"og:image\" content=\"https:\/\/eastmedical.vn\/wp-content\/uploads\/2018\/03\/Screen-Shot-2018-03-26-at-10.55.10-AM.png\" \/>\n\t<meta property=\"og:image:width\" content=\"484\" \/>\n\t<meta property=\"og:image:height\" content=\"352\" \/>\n\t<meta property=\"og:image:type\" content=\"image\/png\" \/>\n<meta name=\"twitter:card\" content=\"summary_large_image\" \/>\n<meta name=\"twitter:label1\" content=\"Est. reading time\" \/>\n\t<meta name=\"twitter:data1\" content=\"1 minute\" \/>\n<script type=\"application\/ld+json\" class=\"yoast-schema-graph\">{\"@context\":\"https:\/\/schema.org\",\"@graph\":[{\"@type\":\"WebPage\",\"@id\":\"https:\/\/eastmedical.vn\/?post_type=product&p=794\",\"url\":\"https:\/\/eastmedical.vn\/?post_type=product&p=794\",\"name\":\"Light fixture ceiling mounted - C\u00d4NG TY TNHH TM DV Y T\u1ebe MI\u1ec0N \u0110\u00d4NG\",\"isPartOf\":{\"@id\":\"https:\/\/eastmedical.vn\/#website\"},\"primaryImageOfPage\":{\"@id\":\"https:\/\/eastmedical.vn\/?post_type=product&p=794#primaryimage\"},\"image\":{\"@id\":\"https:\/\/eastmedical.vn\/?post_type=product&p=794#primaryimage\"},\"thumbnailUrl\":\"https:\/\/eastmedical.vn\/wp-content\/uploads\/2018\/03\/Screen-Shot-2018-03-26-at-10.55.10-AM.png\",\"datePublished\":\"2018-03-09T06:32:51+00:00\",\"breadcrumb\":{\"@id\":\"https:\/\/eastmedical.vn\/?post_type=product&p=794#breadcrumb\"},\"inLanguage\":\"en-US\",\"potentialAction\":[{\"@type\":\"ReadAction\",\"target\":[\"https:\/\/eastmedical.vn\/?post_type=product&p=794\"]}]},{\"@type\":\"ImageObject\",\"inLanguage\":\"en-US\",\"@id\":\"https:\/\/eastmedical.vn\/?post_type=product&p=794#primaryimage\",\"url\":\"https:\/\/eastmedical.vn\/wp-content\/uploads\/2018\/03\/Screen-Shot-2018-03-26-at-10.55.10-AM.png\",\"contentUrl\":\"https:\/\/eastmedical.vn\/wp-content\/uploads\/2018\/03\/Screen-Shot-2018-03-26-at-10.55.10-AM.png\",\"width\":484,\"height\":352},{\"@type\":\"BreadcrumbList\",\"@id\":\"https:\/\/eastmedical.vn\/?post_type=product&p=794#breadcrumb\",\"itemListElement\":[{\"@type\":\"ListItem\",\"position\":1,\"name\":\"Home\",\"item\":\"https:\/\/eastmedical.vn\/en\/\"},{\"@type\":\"ListItem\",\"position\":2,\"name\":\"Products\",\"item\":\"https:\/\/eastmedical.vn\/en\/shop\/\"},{\"@type\":\"ListItem\",\"position\":3,\"name\":\"Light fixture ceiling mounted\"}]},{\"@type\":\"WebSite\",\"@id\":\"https:\/\/eastmedical.vn\/#website\",\"url\":\"https:\/\/eastmedical.vn\/\",\"name\":\"C\u00d4NG TY TNHH TM DV Y T\u1ebe MI\u1ec0N \u0110\u00d4NG\",\"description\":\"C\u00d4NG TY TNHH TM DV Y T\u1ebe MI\u1ec0N \u0110\u00d4NG\",\"potentialAction\":[{\"@type\":\"SearchAction\",\"target\":{\"@type\":\"EntryPoint\",\"urlTemplate\":\"https:\/\/eastmedical.vn\/?s={search_term_string}\"},\"query-input\":{\"@type\":\"PropertyValueSpecification\",\"valueRequired\":true,\"valueName\":\"search_term_string\"}}],\"inLanguage\":\"en-US\"}]}<\/script>\n<!-- \/ Yoast SEO plugin. -->","yoast_head_json":{"title":"Light fixture ceiling mounted - C\u00d4NG TY TNHH TM DV Y T\u1ebe MI\u1ec0N \u0110\u00d4NG","robots":{"index":"index","follow":"follow","max-snippet":"max-snippet:-1","max-image-preview":"max-image-preview:large","max-video-preview":"max-video-preview:-1"},"canonical":"https:\/\/eastmedical.vn\/?post_type=product&p=794","og_locale":"en_US","og_type":"article","og_title":"Light fixture ceiling mounted - C\u00d4NG TY TNHH TM DV Y T\u1ebe MI\u1ec0N \u0110\u00d4NG","og_description":"Made in: Spain Lighting: 70000Lux Low color temperature: 4,750k Number of Led: 08EA The depth of focus is 1,500mm Longevity Led Lighting:&gt; 40000h 2 years warranty","og_url":"https:\/\/eastmedical.vn\/?post_type=product&p=794","og_site_name":"C\u00d4NG TY TNHH TM DV Y T\u1ebe MI\u1ec0N \u0110\u00d4NG","og_image":[{"width":484,"height":352,"url":"https:\/\/eastmedical.vn\/wp-content\/uploads\/2018\/03\/Screen-Shot-2018-03-26-at-10.55.10-AM.png","type":"image\/png"}],"twitter_card":"summary_large_image","twitter_misc":{"Est. reading time":"1 minute"},"schema":{"@context":"https:\/\/schema.org","@graph":[{"@type":"WebPage","@id":"https:\/\/eastmedical.vn\/?post_type=product&p=794","url":"https:\/\/eastmedical.vn\/?post_type=product&p=794","name":"Light fixture ceiling mounted - C\u00d4NG TY TNHH TM DV Y T\u1ebe MI\u1ec0N \u0110\u00d4NG","isPartOf":{"@id":"https:\/\/eastmedical.vn\/#website"},"primaryImageOfPage":{"@id":"https:\/\/eastmedical.vn\/?post_type=product&p=794#primaryimage"},"image":{"@id":"https:\/\/eastmedical.vn\/?post_type=product&p=794#primaryimage"},"thumbnailUrl":"https:\/\/eastmedical.vn\/wp-content\/uploads\/2018\/03\/Screen-Shot-2018-03-26-at-10.55.10-AM.png","datePublished":"2018-03-09T06:32:51+00:00","breadcrumb":{"@id":"https:\/\/eastmedical.vn\/?post_type=product&p=794#breadcrumb"},"inLanguage":"en-US","potentialAction":[{"@type":"ReadAction","target":["https:\/\/eastmedical.vn\/?post_type=product&p=794"]}]},{"@type":"ImageObject","inLanguage":"en-US","@id":"https:\/\/eastmedical.vn\/?post_type=product&p=794#primaryimage","url":"https:\/\/eastmedical.vn\/wp-content\/uploads\/2018\/03\/Screen-Shot-2018-03-26-at-10.55.10-AM.png","contentUrl":"https:\/\/eastmedical.vn\/wp-content\/uploads\/2018\/03\/Screen-Shot-2018-03-26-at-10.55.10-AM.png","width":484,"height":352},{"@type":"BreadcrumbList","@id":"https:\/\/eastmedical.vn\/?post_type=product&p=794#breadcrumb","itemListElement":[{"@type":"ListItem","position":1,"name":"Home","item":"https:\/\/eastmedical.vn\/en\/"},{"@type":"ListItem","position":2,"name":"Products","item":"https:\/\/eastmedical.vn\/en\/shop\/"},{"@type":"ListItem","position":3,"name":"Light fixture ceiling mounted"}]},{"@type":"WebSite","@id":"https:\/\/eastmedical.vn\/#website","url":"https:\/\/eastmedical.vn\/","name":"C\u00d4NG TY TNHH TM DV Y T\u1ebe MI\u1ec0N \u0110\u00d4NG","description":"C\u00d4NG TY TNHH TM DV Y T\u1ebe MI\u1ec0N \u0110\u00d4NG","potentialAction":[{"@type":"SearchAction","target":{"@type":"EntryPoint","urlTemplate":"https:\/\/eastmedical.vn\/?s={search_term_string}"},"query-input":{"@type":"PropertyValueSpecification","valueRequired":true,"valueName":"search_term_string"}}],"inLanguage":"en-US"}]}},"_links":{"self":[{"href":"https:\/\/eastmedical.vn\/en\/wp-json\/wp\/v2\/product\/866","targetHints":{"allow":["GET"]}}],"collection":[{"href":"https:\/\/eastmedical.vn\/en\/wp-json\/wp\/v2\/product"}],"about":[{"href":"https:\/\/eastmedical.vn\/en\/wp-json\/wp\/v2\/types\/product"}],"replies":[{"embeddable":true,"href":"https:\/\/eastmedical.vn\/en\/wp-json\/wp\/v2\/comments?post=866"}],"wp:featuredmedia":[{"embeddable":true,"href":"https:\/\/eastmedical.vn\/en\/wp-json\/wp\/v2\/media\/1055"}],"wp:attachment":[{"href":"https:\/\/eastmedical.vn\/en\/wp-json\/wp\/v2\/media?parent=866"}],"wp:term":[{"taxonomy":"product_brand","embeddable":true,"href":"https:\/\/eastmedical.vn\/en\/wp-json\/wp\/v2\/product_brand?post=866"},{"taxonomy":"product_cat","embeddable":true,"href":"https:\/\/eastmedical.vn\/en\/wp-json\/wp\/v2\/product_cat?post=866"},{"taxonomy":"product_tag","embeddable":true,"href":"https:\/\/eastmedical.vn\/en\/wp-json\/wp\/v2\/product_tag?post=866"}],"curies":[{"name":"wp","href":"https:\/\/api.w.org\/{rel}","templated":true}]}}