{"id":868,"date":"2018-03-09T06:28:00","date_gmt":"2018-03-09T06:28:00","guid":{"rendered":"http:\/\/12014.lamdx.vinawebsite.vn\/shop\/led-portable-surgical-lamp\/"},"modified":"2018-03-09T06:28:00","modified_gmt":"2018-03-09T06:28:00","slug":"led-portable-surgical-lamp","status":"publish","type":"product","link":"https:\/\/eastmedical.vn\/en\/shop\/led-portable-surgical-lamp\/","title":{"rendered":"LED portable surgical lamp"},"content":{"rendered":"<p><span style=\"color: #993300;\">C\u00f4ng ngh\u1ec7 \u00e1nh s\u00e1ng Led kh\u00f4ng ch\u1ee9a tia UV, thu\u1ef7 ng\u00e2n \u0111\u1ed9c h\u1ea1i.<\/span><br \/>\n<span style=\"color: #993300;\"> \u00c1nh s\u00e1ng l\u1ea1nh \u0111\u01a1n s\u1eafc cho c\u00e1c ph\u1eabu tr\u01b0\u1eddng d\u00e0i,&nbsp;<\/span><br \/>\n<span style=\"color: #993300;\"> Kho\u1ea3ng h\u1ed9i t\u1ee5 cao, l\u00e0m n\u1ed5i b\u1eadt \u0111i\u1ec3m ph\u1eabu thu\u1eadt<\/span><br \/>\n<span style=\"color: #993300;\"> Tu\u1ed5i th\u1ecd Led &gt;50000h, g\u1eafp 50 l\u1ea7n \u0111\u00e8n Halogen th\u00f4ng th\u01b0\u1eddng.<\/span><br \/>\n<span style=\"color: #993300;\"> Ti\u1ebft ki\u1ec7m n\u0103ng l\u01b0\u1ee3ng, chi ph\u00ed b\u1ea3o d\u01b0\u1ee1ng<\/span><br \/>\n<span style=\"color: #993300;\"> B\u00f3ng Osram Led c\u1ee7a \u0110\u1ee9c<\/span><br \/>\n<span style=\"color: #993300;\"> Th\u00e2n + Ch\u1ee5p \u0111\u00e8n c\u1ee7a H\u00e0n Qu\u1ed1c<\/span><br \/>\n<span style=\"color: #993300;\"> B\u1ea3o h\u00e0nh 3 n\u0103m<\/span><\/p>\n<table>\n<tbody>\n<tr>\n<td width=\"248\"><strong>Model<\/strong><\/td>\n<td width=\"243\"><b>BIOL 210<\/b><\/td>\n<\/tr>\n<tr>\n<td width=\"248\">\u0110\u01b0\u1eddng k\u00ednh c\u00e1c ch\u00f3a \u0111\u00e8n:<\/td>\n<td width=\"243\">830mm<\/td>\n<\/tr>\n<tr>\n<td width=\"248\">Lo\u1ea1i \u0111\u00e8n:<\/td>\n<td width=\"243\">G\u01b0\u01a1ng c\u1ea7u<\/td>\n<\/tr>\n<tr>\n<td width=\"248\">C\u01b0\u1eddng \u0111\u1ed9 s\u00e1ng t\u1ed1i \u0111a (Lux)<\/td>\n<td width=\"243\">60,000Lux<\/td>\n<\/tr>\n<tr>\n<td width=\"248\">Nhi\u1ec7t \u0111\u1ed9 m\u00e0u (K)<\/td>\n<td width=\"243\">3,500 \u00b1 200<\/td>\n<\/tr>\n<tr>\n<td width=\"248\">CRI(Ch\u1ec9 s\u1ed1 t\u1ea1o m\u00e0u)<\/td>\n<td width=\"243\">\u2265 96<\/td>\n<\/tr>\n<tr>\n<td width=\"248\">\u0110\u01b0\u1eddng k\u00ednh v\u00f9ng h\u1ed9i t\u1ee5 \u00e1nh s\u00e1ng:<\/td>\n<td width=\"243\">\u03a6100~300mm<\/td>\n<\/tr>\n<tr>\n<td width=\"248\">Kho\u1ea3ng h\u1ed9i t\u1ee5:<\/td>\n<td width=\"243\">700-1400mm<\/td>\n<\/tr>\n<tr>\n<td width=\"248\">S\u1ed1 l\u01b0\u1ee3ng \u0111\u00e8n LED<\/td>\n<td width=\"243\">20<\/td>\n<\/tr>\n<tr>\n<td width=\"248\">\u0110i\u1ec1u khi\u1ec3n<\/td>\n<td width=\"243\">Touch<\/td>\n<\/tr>\n<tr>\n<td width=\"248\">Tu\u1ed5i th\u1ecd LED<\/td>\n<td width=\"243\">50,000 gi\u1edd<\/td>\n<\/tr>\n<tr>\n<td width=\"248\">B\u00f3ng LED<\/td>\n<td width=\"243\">Osram \u2013 \u0110\u1ee9c<\/td>\n<\/tr>\n<tr>\n<td width=\"248\">Cho\u00e1 + Th\u00e2n \u0111\u00e8n<\/td>\n<td width=\"243\">Ondal \u2013 H\u00e0n Qu\u1ed1c<\/td>\n<\/tr>\n<\/tbody>\n<\/table>\n","protected":false},"excerpt":{"rendered":"<p>Made in: China<br \/>\nLighting: 40000-60000Lux<br \/>\nLow color temperature: 3500k<br \/>\nNumber of Led: 20EA<br \/>\nGerman Led Osram<br \/>\nBody + Lampshade of Korea<br \/>\nThe depth of focus is 1,400mm<br \/>\nLongevity Led Lighting:&gt; 50000h<br \/>\n3 year warranty<\/p>\n","protected":false},"featured_media":788,"comment_status":"open","ping_status":"closed","template":"","meta":{"_acf_changed":false},"product_brand":[],"product_cat":[168,169],"product_tag":[],"class_list":{"0":"post-868","1":"product","2":"type-product","3":"status-publish","4":"has-post-thumbnail","6":"product_cat-medical-lights","7":"product_cat-surgical-lights","8":"yith_product_brand-china","10":"first","11":"instock","12":"shipping-taxable","13":"product-type-simple"},"acf":[],"yoast_head":"<!-- This site is optimized with the Yoast SEO plugin v24.5 - https:\/\/yoast.com\/wordpress\/plugins\/seo\/ -->\n<title>LED portable surgical lamp - C\u00d4NG TY TNHH TM DV Y T\u1ebe MI\u1ec0N \u0110\u00d4NG<\/title>\n<meta name=\"robots\" content=\"index, follow, max-snippet:-1, max-image-preview:large, max-video-preview:-1\" \/>\n<link rel=\"canonical\" href=\"https:\/\/eastmedical.vn\/en\/shop\/led-portable-surgical-lamp\/\" \/>\n<meta property=\"og:locale\" content=\"en_US\" \/>\n<meta property=\"og:type\" content=\"article\" \/>\n<meta property=\"og:title\" content=\"LED portable surgical lamp - C\u00d4NG TY TNHH TM DV Y T\u1ebe MI\u1ec0N \u0110\u00d4NG\" \/>\n<meta property=\"og:description\" content=\"Made in: China Lighting: 40000-60000Lux Low color temperature: 3500k Number of Led: 20EA German Led Osram Body + Lampshade of Korea The depth of focus is 1,400mm Longevity Led Lighting:&gt; 50000h 3 year warranty\" \/>\n<meta property=\"og:url\" content=\"https:\/\/eastmedical.vn\/en\/shop\/led-portable-surgical-lamp\/\" \/>\n<meta property=\"og:site_name\" content=\"C\u00d4NG TY TNHH TM DV Y T\u1ebe MI\u1ec0N \u0110\u00d4NG\" \/>\n<meta property=\"og:image\" content=\"https:\/\/eastmedical.vn\/wp-content\/uploads\/2018\/03\/BIOL210.png\" \/>\n\t<meta property=\"og:image:width\" content=\"303\" \/>\n\t<meta property=\"og:image:height\" content=\"225\" \/>\n\t<meta property=\"og:image:type\" content=\"image\/png\" \/>\n<meta name=\"twitter:card\" content=\"summary_large_image\" \/>\n<meta name=\"twitter:label1\" content=\"Est. reading time\" \/>\n\t<meta name=\"twitter:data1\" content=\"1 minute\" \/>\n<script type=\"application\/ld+json\" class=\"yoast-schema-graph\">{\"@context\":\"https:\/\/schema.org\",\"@graph\":[{\"@type\":\"WebPage\",\"@id\":\"https:\/\/eastmedical.vn\/en\/shop\/led-portable-surgical-lamp\/\",\"url\":\"https:\/\/eastmedical.vn\/en\/shop\/led-portable-surgical-lamp\/\",\"name\":\"LED portable surgical lamp - C\u00d4NG TY TNHH TM DV Y T\u1ebe MI\u1ec0N \u0110\u00d4NG\",\"isPartOf\":{\"@id\":\"https:\/\/eastmedical.vn\/#website\"},\"primaryImageOfPage\":{\"@id\":\"https:\/\/eastmedical.vn\/en\/shop\/led-portable-surgical-lamp\/#primaryimage\"},\"image\":{\"@id\":\"https:\/\/eastmedical.vn\/en\/shop\/led-portable-surgical-lamp\/#primaryimage\"},\"thumbnailUrl\":\"https:\/\/eastmedical.vn\/wp-content\/uploads\/2018\/03\/BIOL210.png\",\"datePublished\":\"2018-03-09T06:28:00+00:00\",\"breadcrumb\":{\"@id\":\"https:\/\/eastmedical.vn\/en\/shop\/led-portable-surgical-lamp\/#breadcrumb\"},\"inLanguage\":\"en-US\",\"potentialAction\":[{\"@type\":\"ReadAction\",\"target\":[\"https:\/\/eastmedical.vn\/en\/shop\/led-portable-surgical-lamp\/\"]}]},{\"@type\":\"ImageObject\",\"inLanguage\":\"en-US\",\"@id\":\"https:\/\/eastmedical.vn\/en\/shop\/led-portable-surgical-lamp\/#primaryimage\",\"url\":\"https:\/\/eastmedical.vn\/wp-content\/uploads\/2018\/03\/BIOL210.png\",\"contentUrl\":\"https:\/\/eastmedical.vn\/wp-content\/uploads\/2018\/03\/BIOL210.png\",\"width\":303,\"height\":225,\"caption\":\"BIOL210\"},{\"@type\":\"BreadcrumbList\",\"@id\":\"https:\/\/eastmedical.vn\/en\/shop\/led-portable-surgical-lamp\/#breadcrumb\",\"itemListElement\":[{\"@type\":\"ListItem\",\"position\":1,\"name\":\"Home\",\"item\":\"https:\/\/eastmedical.vn\/en\/\"},{\"@type\":\"ListItem\",\"position\":2,\"name\":\"Products\",\"item\":\"https:\/\/eastmedical.vn\/en\/shop\/\"},{\"@type\":\"ListItem\",\"position\":3,\"name\":\"LED portable surgical lamp\"}]},{\"@type\":\"WebSite\",\"@id\":\"https:\/\/eastmedical.vn\/#website\",\"url\":\"https:\/\/eastmedical.vn\/\",\"name\":\"C\u00d4NG TY TNHH TM DV Y T\u1ebe MI\u1ec0N \u0110\u00d4NG\",\"description\":\"C\u00d4NG TY TNHH TM DV Y T\u1ebe MI\u1ec0N \u0110\u00d4NG\",\"potentialAction\":[{\"@type\":\"SearchAction\",\"target\":{\"@type\":\"EntryPoint\",\"urlTemplate\":\"https:\/\/eastmedical.vn\/?s={search_term_string}\"},\"query-input\":{\"@type\":\"PropertyValueSpecification\",\"valueRequired\":true,\"valueName\":\"search_term_string\"}}],\"inLanguage\":\"en-US\"}]}<\/script>\n<!-- \/ Yoast SEO plugin. -->","yoast_head_json":{"title":"LED portable surgical lamp - C\u00d4NG TY TNHH TM DV Y T\u1ebe MI\u1ec0N \u0110\u00d4NG","robots":{"index":"index","follow":"follow","max-snippet":"max-snippet:-1","max-image-preview":"max-image-preview:large","max-video-preview":"max-video-preview:-1"},"canonical":"https:\/\/eastmedical.vn\/en\/shop\/led-portable-surgical-lamp\/","og_locale":"en_US","og_type":"article","og_title":"LED portable surgical lamp - C\u00d4NG TY TNHH TM DV Y T\u1ebe MI\u1ec0N \u0110\u00d4NG","og_description":"Made in: China Lighting: 40000-60000Lux Low color temperature: 3500k Number of Led: 20EA German Led Osram Body + Lampshade of Korea The depth of focus is 1,400mm Longevity Led Lighting:&gt; 50000h 3 year warranty","og_url":"https:\/\/eastmedical.vn\/en\/shop\/led-portable-surgical-lamp\/","og_site_name":"C\u00d4NG TY TNHH TM DV Y T\u1ebe MI\u1ec0N \u0110\u00d4NG","og_image":[{"width":303,"height":225,"url":"https:\/\/eastmedical.vn\/wp-content\/uploads\/2018\/03\/BIOL210.png","type":"image\/png"}],"twitter_card":"summary_large_image","twitter_misc":{"Est. reading time":"1 minute"},"schema":{"@context":"https:\/\/schema.org","@graph":[{"@type":"WebPage","@id":"https:\/\/eastmedical.vn\/en\/shop\/led-portable-surgical-lamp\/","url":"https:\/\/eastmedical.vn\/en\/shop\/led-portable-surgical-lamp\/","name":"LED portable surgical lamp - C\u00d4NG TY TNHH TM DV Y T\u1ebe MI\u1ec0N \u0110\u00d4NG","isPartOf":{"@id":"https:\/\/eastmedical.vn\/#website"},"primaryImageOfPage":{"@id":"https:\/\/eastmedical.vn\/en\/shop\/led-portable-surgical-lamp\/#primaryimage"},"image":{"@id":"https:\/\/eastmedical.vn\/en\/shop\/led-portable-surgical-lamp\/#primaryimage"},"thumbnailUrl":"https:\/\/eastmedical.vn\/wp-content\/uploads\/2018\/03\/BIOL210.png","datePublished":"2018-03-09T06:28:00+00:00","breadcrumb":{"@id":"https:\/\/eastmedical.vn\/en\/shop\/led-portable-surgical-lamp\/#breadcrumb"},"inLanguage":"en-US","potentialAction":[{"@type":"ReadAction","target":["https:\/\/eastmedical.vn\/en\/shop\/led-portable-surgical-lamp\/"]}]},{"@type":"ImageObject","inLanguage":"en-US","@id":"https:\/\/eastmedical.vn\/en\/shop\/led-portable-surgical-lamp\/#primaryimage","url":"https:\/\/eastmedical.vn\/wp-content\/uploads\/2018\/03\/BIOL210.png","contentUrl":"https:\/\/eastmedical.vn\/wp-content\/uploads\/2018\/03\/BIOL210.png","width":303,"height":225,"caption":"BIOL210"},{"@type":"BreadcrumbList","@id":"https:\/\/eastmedical.vn\/en\/shop\/led-portable-surgical-lamp\/#breadcrumb","itemListElement":[{"@type":"ListItem","position":1,"name":"Home","item":"https:\/\/eastmedical.vn\/en\/"},{"@type":"ListItem","position":2,"name":"Products","item":"https:\/\/eastmedical.vn\/en\/shop\/"},{"@type":"ListItem","position":3,"name":"LED portable surgical lamp"}]},{"@type":"WebSite","@id":"https:\/\/eastmedical.vn\/#website","url":"https:\/\/eastmedical.vn\/","name":"C\u00d4NG TY TNHH TM DV Y T\u1ebe MI\u1ec0N \u0110\u00d4NG","description":"C\u00d4NG TY TNHH TM DV Y T\u1ebe MI\u1ec0N \u0110\u00d4NG","potentialAction":[{"@type":"SearchAction","target":{"@type":"EntryPoint","urlTemplate":"https:\/\/eastmedical.vn\/?s={search_term_string}"},"query-input":{"@type":"PropertyValueSpecification","valueRequired":true,"valueName":"search_term_string"}}],"inLanguage":"en-US"}]}},"_links":{"self":[{"href":"https:\/\/eastmedical.vn\/en\/wp-json\/wp\/v2\/product\/868","targetHints":{"allow":["GET"]}}],"collection":[{"href":"https:\/\/eastmedical.vn\/en\/wp-json\/wp\/v2\/product"}],"about":[{"href":"https:\/\/eastmedical.vn\/en\/wp-json\/wp\/v2\/types\/product"}],"replies":[{"embeddable":true,"href":"https:\/\/eastmedical.vn\/en\/wp-json\/wp\/v2\/comments?post=868"}],"wp:featuredmedia":[{"embeddable":true,"href":"https:\/\/eastmedical.vn\/en\/wp-json\/wp\/v2\/media\/788"}],"wp:attachment":[{"href":"https:\/\/eastmedical.vn\/en\/wp-json\/wp\/v2\/media?parent=868"}],"wp:term":[{"taxonomy":"product_brand","embeddable":true,"href":"https:\/\/eastmedical.vn\/en\/wp-json\/wp\/v2\/product_brand?post=868"},{"taxonomy":"product_cat","embeddable":true,"href":"https:\/\/eastmedical.vn\/en\/wp-json\/wp\/v2\/product_cat?post=868"},{"taxonomy":"product_tag","embeddable":true,"href":"https:\/\/eastmedical.vn\/en\/wp-json\/wp\/v2\/product_tag?post=868"}],"curies":[{"name":"wp","href":"https:\/\/api.w.org\/{rel}","templated":true}]}}