{"id":870,"date":"2018-03-09T06:22:52","date_gmt":"2018-03-09T06:22:52","guid":{"rendered":"http:\/\/12014.lamdx.vinawebsite.vn\/shop\/surgical-lights-led\/"},"modified":"2018-03-09T06:22:52","modified_gmt":"2018-03-09T06:22:52","slug":"surgical-lights-led","status":"publish","type":"product","link":"https:\/\/eastmedical.vn\/en\/shop\/surgical-lights-led\/","title":{"rendered":"Surgical Lights- LED"},"content":{"rendered":"<table>\n<tbody>\n<tr>\n<td width=\"248\"><strong>Model<\/strong><\/td>\n<td width=\"243\"><b>Di \u0111\u1ed9ng LED160<\/b><\/td>\n<\/tr>\n<tr>\n<td width=\"248\">\u0110\u01b0\u1eddng k\u00ednh c\u00e1c ch\u00f3a \u0111\u00e8n:<\/td>\n<td width=\"243\">830mm<\/td>\n<\/tr>\n<tr>\n<td width=\"248\">Lo\u1ea1i \u0111\u00e8n:<\/td>\n<td width=\"243\">G\u01b0\u01a1ng c\u1ea7u<\/td>\n<\/tr>\n<tr>\n<td width=\"248\">C\u01b0\u1eddng \u0111\u1ed9 s\u00e1ng t\u1ed1i \u0111a (Lux)<\/td>\n<td width=\"243\">160,000Lux<\/td>\n<\/tr>\n<tr>\n<td width=\"248\">Nhi\u1ec7t \u0111\u1ed9 m\u00e0u (K)<\/td>\n<td width=\"243\">4,300 \u00b1 200<\/td>\n<\/tr>\n<tr>\n<td width=\"248\">CRI(Ch\u1ec9 s\u1ed1 t\u1ea1o m\u00e0u)<\/td>\n<td width=\"243\">\u2265 96<\/td>\n<\/tr>\n<tr>\n<td width=\"248\">\u0110\u01b0\u1eddng k\u00ednh v\u00f9ng h\u1ed9i t\u1ee5 \u00e1nh s\u00e1ng:<\/td>\n<td width=\"243\">\u03a6100~300mm<\/td>\n<\/tr>\n<tr>\n<td width=\"248\">Kho\u1ea3ng h\u1ed9i t\u1ee5:<\/td>\n<td width=\"243\">850mm<\/td>\n<\/tr>\n<tr>\n<td width=\"248\">S\u1ed1 l\u01b0\u1ee3ng \u0111\u00e8n LED<\/td>\n<td width=\"243\">160<\/td>\n<\/tr>\n<tr>\n<td width=\"248\">\u0110i\u1ec1u khi\u1ec3n<\/td>\n<td width=\"243\">C\u1ea3m \u1ee9ng ch\u1ea1m + Remote<\/td>\n<\/tr>\n<tr>\n<td width=\"248\">Tu\u1ed5i th\u1ecd LED<\/td>\n<td width=\"243\">50,000 gi\u1edd<\/td>\n<\/tr>\n<tr>\n<td width=\"248\">B\u00f3ng LED<\/td>\n<td width=\"243\">Osram \u2013 \u0110\u1ee9c<\/td>\n<\/tr>\n<tr>\n<td width=\"248\">Cho\u00e1 + Th\u00e2n \u0111\u00e8n<\/td>\n<td width=\"243\">Ondal \u2013 \u0110\u1ee9c<\/td>\n<\/tr>\n<\/tbody>\n<\/table>\n","protected":false},"excerpt":{"rendered":"<p>Lighting: 160,000Lux<br \/>\nColor temperature 4,300 \u00b1 200<br \/>\nQuantity Led 160EA<br \/>\nGerman Led Osram<br \/>\nBody + Lampshade Ondal Germany<br \/>\nLongevity led bulb \u226550,000h<br \/>\n3 year warranty<\/p>\n","protected":false},"featured_media":778,"comment_status":"open","ping_status":"closed","template":"","meta":{"_acf_changed":false},"product_brand":[],"product_cat":[168,169],"product_tag":[],"class_list":{"0":"post-870","1":"product","2":"type-product","3":"status-publish","4":"has-post-thumbnail","6":"product_cat-medical-lights","7":"product_cat-surgical-lights","8":"yith_product_brand-korean","10":"first","11":"instock","12":"shipping-taxable","13":"product-type-simple"},"acf":[],"yoast_head":"<!-- This site is optimized with the Yoast SEO plugin v24.5 - https:\/\/yoast.com\/wordpress\/plugins\/seo\/ -->\n<title>Surgical Lights- LED - C\u00d4NG TY TNHH TM DV Y T\u1ebe MI\u1ec0N \u0110\u00d4NG<\/title>\n<meta name=\"robots\" content=\"index, follow, max-snippet:-1, max-image-preview:large, max-video-preview:-1\" \/>\n<link rel=\"canonical\" href=\"https:\/\/eastmedical.vn\/?post_type=product&p=770\" \/>\n<meta property=\"og:locale\" content=\"en_US\" \/>\n<meta property=\"og:type\" content=\"article\" \/>\n<meta property=\"og:title\" content=\"Surgical Lights- LED - C\u00d4NG TY TNHH TM DV Y T\u1ebe MI\u1ec0N \u0110\u00d4NG\" \/>\n<meta property=\"og:description\" content=\"Lighting: 160,000Lux Color temperature 4,300 \u00b1 200 Quantity Led 160EA German Led Osram Body + Lampshade Ondal Germany Longevity led bulb \u226550,000h 3 year warranty\" \/>\n<meta property=\"og:url\" content=\"https:\/\/eastmedical.vn\/?post_type=product&amp;p=770\" \/>\n<meta property=\"og:site_name\" content=\"C\u00d4NG TY TNHH TM DV Y T\u1ebe MI\u1ec0N \u0110\u00d4NG\" \/>\n<meta property=\"og:image\" content=\"https:\/\/eastmedical.vn\/wp-content\/uploads\/2018\/03\/Mobile.png\" \/>\n\t<meta property=\"og:image:width\" content=\"406\" \/>\n\t<meta property=\"og:image:height\" content=\"369\" \/>\n\t<meta property=\"og:image:type\" content=\"image\/png\" \/>\n<meta name=\"twitter:card\" content=\"summary_large_image\" \/>\n<script type=\"application\/ld+json\" class=\"yoast-schema-graph\">{\"@context\":\"https:\/\/schema.org\",\"@graph\":[{\"@type\":\"WebPage\",\"@id\":\"https:\/\/eastmedical.vn\/?post_type=product&p=770\",\"url\":\"https:\/\/eastmedical.vn\/?post_type=product&p=770\",\"name\":\"Surgical Lights- LED - C\u00d4NG TY TNHH TM DV Y T\u1ebe MI\u1ec0N \u0110\u00d4NG\",\"isPartOf\":{\"@id\":\"https:\/\/eastmedical.vn\/#website\"},\"primaryImageOfPage\":{\"@id\":\"https:\/\/eastmedical.vn\/?post_type=product&p=770#primaryimage\"},\"image\":{\"@id\":\"https:\/\/eastmedical.vn\/?post_type=product&p=770#primaryimage\"},\"thumbnailUrl\":\"https:\/\/eastmedical.vn\/wp-content\/uploads\/2018\/03\/Mobile.png\",\"datePublished\":\"2018-03-09T06:22:52+00:00\",\"breadcrumb\":{\"@id\":\"https:\/\/eastmedical.vn\/?post_type=product&p=770#breadcrumb\"},\"inLanguage\":\"en-US\",\"potentialAction\":[{\"@type\":\"ReadAction\",\"target\":[\"https:\/\/eastmedical.vn\/?post_type=product&p=770\"]}]},{\"@type\":\"ImageObject\",\"inLanguage\":\"en-US\",\"@id\":\"https:\/\/eastmedical.vn\/?post_type=product&p=770#primaryimage\",\"url\":\"https:\/\/eastmedical.vn\/wp-content\/uploads\/2018\/03\/Mobile.png\",\"contentUrl\":\"https:\/\/eastmedical.vn\/wp-content\/uploads\/2018\/03\/Mobile.png\",\"width\":406,\"height\":369,\"caption\":\"Mobile\"},{\"@type\":\"BreadcrumbList\",\"@id\":\"https:\/\/eastmedical.vn\/?post_type=product&p=770#breadcrumb\",\"itemListElement\":[{\"@type\":\"ListItem\",\"position\":1,\"name\":\"Home\",\"item\":\"https:\/\/eastmedical.vn\/en\/\"},{\"@type\":\"ListItem\",\"position\":2,\"name\":\"Products\",\"item\":\"https:\/\/eastmedical.vn\/en\/shop\/\"},{\"@type\":\"ListItem\",\"position\":3,\"name\":\"Surgical Lights- LED\"}]},{\"@type\":\"WebSite\",\"@id\":\"https:\/\/eastmedical.vn\/#website\",\"url\":\"https:\/\/eastmedical.vn\/\",\"name\":\"C\u00d4NG TY TNHH TM DV Y T\u1ebe MI\u1ec0N \u0110\u00d4NG\",\"description\":\"C\u00d4NG TY TNHH TM DV Y T\u1ebe MI\u1ec0N \u0110\u00d4NG\",\"potentialAction\":[{\"@type\":\"SearchAction\",\"target\":{\"@type\":\"EntryPoint\",\"urlTemplate\":\"https:\/\/eastmedical.vn\/?s={search_term_string}\"},\"query-input\":{\"@type\":\"PropertyValueSpecification\",\"valueRequired\":true,\"valueName\":\"search_term_string\"}}],\"inLanguage\":\"en-US\"}]}<\/script>\n<!-- \/ Yoast SEO plugin. -->","yoast_head_json":{"title":"Surgical Lights- LED - C\u00d4NG TY TNHH TM DV Y T\u1ebe MI\u1ec0N \u0110\u00d4NG","robots":{"index":"index","follow":"follow","max-snippet":"max-snippet:-1","max-image-preview":"max-image-preview:large","max-video-preview":"max-video-preview:-1"},"canonical":"https:\/\/eastmedical.vn\/?post_type=product&p=770","og_locale":"en_US","og_type":"article","og_title":"Surgical Lights- LED - C\u00d4NG TY TNHH TM DV Y T\u1ebe MI\u1ec0N \u0110\u00d4NG","og_description":"Lighting: 160,000Lux Color temperature 4,300 \u00b1 200 Quantity Led 160EA German Led Osram Body + Lampshade Ondal Germany Longevity led bulb \u226550,000h 3 year warranty","og_url":"https:\/\/eastmedical.vn\/?post_type=product&p=770","og_site_name":"C\u00d4NG TY TNHH TM DV Y T\u1ebe MI\u1ec0N \u0110\u00d4NG","og_image":[{"width":406,"height":369,"url":"https:\/\/eastmedical.vn\/wp-content\/uploads\/2018\/03\/Mobile.png","type":"image\/png"}],"twitter_card":"summary_large_image","schema":{"@context":"https:\/\/schema.org","@graph":[{"@type":"WebPage","@id":"https:\/\/eastmedical.vn\/?post_type=product&p=770","url":"https:\/\/eastmedical.vn\/?post_type=product&p=770","name":"Surgical Lights- LED - C\u00d4NG TY TNHH TM DV Y T\u1ebe MI\u1ec0N \u0110\u00d4NG","isPartOf":{"@id":"https:\/\/eastmedical.vn\/#website"},"primaryImageOfPage":{"@id":"https:\/\/eastmedical.vn\/?post_type=product&p=770#primaryimage"},"image":{"@id":"https:\/\/eastmedical.vn\/?post_type=product&p=770#primaryimage"},"thumbnailUrl":"https:\/\/eastmedical.vn\/wp-content\/uploads\/2018\/03\/Mobile.png","datePublished":"2018-03-09T06:22:52+00:00","breadcrumb":{"@id":"https:\/\/eastmedical.vn\/?post_type=product&p=770#breadcrumb"},"inLanguage":"en-US","potentialAction":[{"@type":"ReadAction","target":["https:\/\/eastmedical.vn\/?post_type=product&p=770"]}]},{"@type":"ImageObject","inLanguage":"en-US","@id":"https:\/\/eastmedical.vn\/?post_type=product&p=770#primaryimage","url":"https:\/\/eastmedical.vn\/wp-content\/uploads\/2018\/03\/Mobile.png","contentUrl":"https:\/\/eastmedical.vn\/wp-content\/uploads\/2018\/03\/Mobile.png","width":406,"height":369,"caption":"Mobile"},{"@type":"BreadcrumbList","@id":"https:\/\/eastmedical.vn\/?post_type=product&p=770#breadcrumb","itemListElement":[{"@type":"ListItem","position":1,"name":"Home","item":"https:\/\/eastmedical.vn\/en\/"},{"@type":"ListItem","position":2,"name":"Products","item":"https:\/\/eastmedical.vn\/en\/shop\/"},{"@type":"ListItem","position":3,"name":"Surgical Lights- LED"}]},{"@type":"WebSite","@id":"https:\/\/eastmedical.vn\/#website","url":"https:\/\/eastmedical.vn\/","name":"C\u00d4NG TY TNHH TM DV Y T\u1ebe MI\u1ec0N \u0110\u00d4NG","description":"C\u00d4NG TY TNHH TM DV Y T\u1ebe MI\u1ec0N \u0110\u00d4NG","potentialAction":[{"@type":"SearchAction","target":{"@type":"EntryPoint","urlTemplate":"https:\/\/eastmedical.vn\/?s={search_term_string}"},"query-input":{"@type":"PropertyValueSpecification","valueRequired":true,"valueName":"search_term_string"}}],"inLanguage":"en-US"}]}},"_links":{"self":[{"href":"https:\/\/eastmedical.vn\/en\/wp-json\/wp\/v2\/product\/870","targetHints":{"allow":["GET"]}}],"collection":[{"href":"https:\/\/eastmedical.vn\/en\/wp-json\/wp\/v2\/product"}],"about":[{"href":"https:\/\/eastmedical.vn\/en\/wp-json\/wp\/v2\/types\/product"}],"replies":[{"embeddable":true,"href":"https:\/\/eastmedical.vn\/en\/wp-json\/wp\/v2\/comments?post=870"}],"wp:featuredmedia":[{"embeddable":true,"href":"https:\/\/eastmedical.vn\/en\/wp-json\/wp\/v2\/media\/778"}],"wp:attachment":[{"href":"https:\/\/eastmedical.vn\/en\/wp-json\/wp\/v2\/media?parent=870"}],"wp:term":[{"taxonomy":"product_brand","embeddable":true,"href":"https:\/\/eastmedical.vn\/en\/wp-json\/wp\/v2\/product_brand?post=870"},{"taxonomy":"product_cat","embeddable":true,"href":"https:\/\/eastmedical.vn\/en\/wp-json\/wp\/v2\/product_cat?post=870"},{"taxonomy":"product_tag","embeddable":true,"href":"https:\/\/eastmedical.vn\/en\/wp-json\/wp\/v2\/product_tag?post=870"}],"curies":[{"name":"wp","href":"https:\/\/api.w.org\/{rel}","templated":true}]}}