{"id":872,"date":"2018-03-09T06:14:37","date_gmt":"2018-03-09T06:14:37","guid":{"rendered":"http:\/\/12014.lamdx.vinawebsite.vn\/shop\/endotracheal-tongue-monitor\/"},"modified":"2018-03-09T06:14:37","modified_gmt":"2018-03-09T06:14:37","slug":"endotracheal-tongue-monitor","status":"publish","type":"product","link":"https:\/\/eastmedical.vn\/en\/shop\/endotracheal-tongue-monitor\/","title":{"rendered":"Endotracheal Tongue-Monitor"},"content":{"rendered":"<p><strong>\u0110\u1eb7c t\u00ednh k\u1ef9 thu\u1eadt:<\/strong><br \/>\n\u0110\u1eb7c \u0111i\u1ec3m n\u1ed5i b\u1eadt c\u1ee7a thi\u1ebft b\u1ecb \u0111\u1eb7t n\u1ed9i kh\u00ed qu\u1ea3n<br \/>\nT\u00edch h\u1ee3p v\u00e0 D\u1ec5 s\u1eed d\u1ee5ng:<br \/>\n\u2013 Thi\u1ebft k\u1ebf nh\u1ecf g\u1ecdn: tr\u1ecdng l\u01b0\u1ee3ng kho\u1ea3ng 350g<br \/>\n\u2013 L\u01b0\u1ee1i \u0111\u1eb7t n\u1ed9i kh\u00ed qu\u1ea3n th\u00e1o l\u1eafp d\u1ec5 d\u00e0ng v\u1edbi th\u00e2n m\u00e1y<br \/>\n\u2013 Ph\u00edm ch\u1ee5p \u1ea3nh nhanh \u0111\u1ec3 l\u01b0u l\u1ea1i h\u00ecnh \u1ea3nh<br \/>\nChi ph\u00ed s\u1eed d\u1ee5ng th\u1ea5p tr\u00ean b\u1ec7nh nh\u00e2n:<br \/>\n\u2013 L\u01b0\u1ee1i \u0111\u1eb7t n\u1ed9i kh\u00ed qu\u1ea3n lo\u1ea1i d\u00f9ng nhi\u1ec1u l\u1ea7n c\u00f3 th\u1ec3 s\u1eed d\u1ee5ng tr\u00ean 1000 l\u1ea7n. V\u1edbi nhi\u1ec1u k\u00edch c\u1ee1 nh\u01b0 sau(mm):<br \/>\n\u2013 No.2(Tr\u1ebb em): 117.4 X 23.8 X 36.6<br \/>\n\u2013 No.3(Ng\u01b0\u1eddi l\u1edbn): 130.4 X 23.9 X 43.3<br \/>\n\u2013 No.4(\u0110\u1eb7c bi\u1ec7t): 137.6 X 26 X 53.1 (S\u1eed d\u1ee5ng cho tr\u01b0\u1eddng h\u1ee3p kh\u00f3)<br \/>\n\u2013 L\u01b0\u1ee1i \u0111\u1eb7t n\u1ed9i kh\u00ed qu\u1ea3n lo\u1ea1i d\u00f9ng 1 l\u1ea7n c\u00f3 gi\u00e1 th\u1ea5p<br \/>\n\u2013 B\u1ea3o h\u00e0nh 02 n\u0103m<br \/>\n\u2013 M\u00e0n h\u00ecnh \u0111\u01b0\u1ee3c thi\u1ebft k\u1ebf c\u00f3 l\u1edbp b\u1ea3o v\u1ec7 ch\u1ed1ng s\u1ed1c-V\u1ecf b\u1ea3o v\u1ec7<br \/>\n\u2013 Thi\u1ebft b\u1ecb nh\u1ecf g\u1ecdn, Pin s\u1ea1c l\u1ea1i Li-ion cho th\u1eddi gian s\u1eed d\u1ee5ng l\u00e2u<br \/>\nH\u00ecnh \u1ea3nh ch\u1ea5t l\u01b0\u1ee3ng cao:<br \/>\n\u2013 M\u00e0n h\u00ecnh hi\u1ec3n th\u1ecb 3.5 inch<br \/>\n\u2013 Th\u1ea5u k\u00ednh ch\u1ed1ng h\u01a1i n\u01b0\u1edbc<br \/>\n\u2013 Camera c\u00f3 \u0111\u1ed9 ph\u00e2n gi\u1ea3i 2.0 Mega Pixel<\/p>\n<table>\n<tbody>\n<tr style=\"height: 21px;\">\n<td style=\"height: 21px;\" width=\"248\"><strong>Model<\/strong><\/td>\n<td style=\"height: 21px;\" width=\"243\">\u00a0CleaVue<\/td>\n<\/tr>\n<tr style=\"height: 21px;\">\n<td style=\"height: 21px;\" width=\"248\"><strong>M\u00e0n h\u00ecnh hi\u1ec3n th\u1ecb<\/strong><\/td>\n<td style=\"height: 21px;\" width=\"243\">\n<ul>\n<li>K\u00edch th\u01b0\u1edbc: 3.5 inch<\/li>\n<li>M\u00e0n h\u00ecnh: LCD<\/li>\n<li>\u0110\u1ed9 ph\u00e2n gi\u1ea3i: 640 x 480 RGB<\/li>\n<li>T\u1ec9 l\u1ec7 khung h\u00ecnh: 4 : 3<\/li>\n<li>T\u1ea7n s\u1ed1 qu\u00e9t: 30 FPS<\/li>\n<li>C\u00f4ng ngh\u1ec7: Led<\/li>\n<\/ul>\n<\/td>\n<\/tr>\n<tr style=\"height: 21px;\">\n<td style=\"height: 21px;\" width=\"248\">Truy xu\u1ea5t d\u1eef li\u1ec7u<\/td>\n<td style=\"height: 21px;\" width=\"243\">Usb mini 2.0<\/td>\n<\/tr>\n<tr style=\"height: 21.78125px;\">\n<td style=\"height: 21.78125px;\" width=\"248\">\u0110\u1eb7c \u0111i\u1ec3m Camera<\/td>\n<td style=\"height: 21.78125px;\" width=\"243\">+ \u0110\u1ed9 ph\u00e2n gi\u1ea3i: 2.0M Pixel<\/p>\n<p>+ G\u00f3c quan s\u00e1t: 66<sup>0<\/sup><\/p>\n<p>+ \u0110\u1ed9 s\u00e1ng: \u2265 800LUX<\/td>\n<\/tr>\n<tr style=\"height: 24px;\">\n<td style=\"height: 24px;\" width=\"248\"><strong>Pin<\/strong><\/td>\n<td style=\"height: 24px;\" width=\"243\">\n<ul>\n<li>Lo\u1ea1i: Pin Lithium, S\u1ea1c l\u1ea1i<\/li>\n<li>Th\u1eddi gian l\u00e0m vi\u1ec7c: \u2265 200 ph\u00fat<\/li>\n<li>\u0110i\u1ec7n \u00e1p: 3.7V<\/li>\n<li>Dung l\u01b0\u1ee3ng: 3200mAh<\/li>\n<li>Tu\u1ed5i th\u1ecd pin: Nhi\u1ec1u h\u01a1n 300 l\u1ea7n s\u1ea1c<\/li>\n<li>Th\u1eddi gian s\u1ea1c: D\u01b0\u1edbi 8 gi\u1edd<\/li>\n<\/ul>\n<\/td>\n<\/tr>\n<tr style=\"height: 21px;\">\n<td style=\"height: 21px;\" width=\"248\">L\u01b0\u1ee1i \u0111\u1eb7t<\/td>\n<td style=\"height: 21px;\" width=\"243\">\n<ul>\n<li>Tr\u1ebb em \u00a0 \u00a0 : <strong>117.4 X 23.8 X 36.6<\/strong><\/li>\n<li>Ng\u01b0\u1eddi l\u1edbn: <strong>130.4 X 23.9 X 43.3<\/strong><\/li>\n<li>\u0110\u1eb7c bi\u1ec7t \u00a0 : <strong>137.6 X 26 X 53.1<\/strong><\/li>\n<\/ul>\n<p><strong>(S\u1eed d\u1ee5ng nhi\u1ec1u l\u1ea7n &gt;1000l\u1ea7n)<\/strong><\/td>\n<\/tr>\n<tr style=\"height: 21px;\">\n<td style=\"height: 21px;\" width=\"248\">Th\u00e2n m\u00e1y<\/td>\n<td style=\"height: 21px;\" width=\"243\">Nh\u1ef1a t\u1ed5ng h\u1ee3p<\/td>\n<\/tr>\n<tr style=\"height: 21px;\">\n<td style=\"height: 21px;\" width=\"248\">Tr\u1ecdng l\u01b0\u1ee3ng<\/td>\n<td style=\"height: 21px;\" width=\"243\">350gam<\/td>\n<\/tr>\n<\/tbody>\n<\/table>\n","protected":false},"excerpt":{"rendered":"<p>Made in: USA<br \/>\n3.5 inch display<br \/>\nLed light<br \/>\nAnti-fog lens<br \/>\nCamera has a resolution of 2.0Mega<br \/>\nRechargeable Li-ion battery&gt; 5h<br \/>\n3 Tongue set: Adults, children<br \/>\n2 year standard warranty<\/p>\n","protected":false},"featured_media":762,"comment_status":"open","ping_status":"closed","template":"","meta":{"_acf_changed":false},"product_brand":[],"product_cat":[153],"product_tag":[],"class_list":{"0":"post-872","1":"product","2":"type-product","3":"status-publish","4":"has-post-thumbnail","6":"product_cat-monitor","7":"yith_product_brand-usa-en","9":"first","10":"instock","11":"shipping-taxable","12":"product-type-simple"},"acf":[],"yoast_head":"<!-- This site is optimized with the Yoast SEO plugin v24.5 - https:\/\/yoast.com\/wordpress\/plugins\/seo\/ -->\n<title>Endotracheal Tongue-Monitor - C\u00d4NG TY TNHH TM DV Y T\u1ebe MI\u1ec0N \u0110\u00d4NG<\/title>\n<meta name=\"robots\" content=\"index, follow, max-snippet:-1, max-image-preview:large, max-video-preview:-1\" \/>\n<link rel=\"canonical\" href=\"https:\/\/eastmedical.vn\/?post_type=product&p=760\" \/>\n<meta property=\"og:locale\" content=\"en_US\" \/>\n<meta property=\"og:type\" content=\"article\" \/>\n<meta property=\"og:title\" content=\"Endotracheal Tongue-Monitor - C\u00d4NG TY TNHH TM DV Y T\u1ebe MI\u1ec0N \u0110\u00d4NG\" \/>\n<meta property=\"og:description\" content=\"Made in: USA 3.5 inch display Led light Anti-fog lens Camera has a resolution of 2.0Mega Rechargeable Li-ion battery&gt; 5h 3 Tongue set: Adults, children 2 year standard warranty\" \/>\n<meta property=\"og:url\" content=\"https:\/\/eastmedical.vn\/?post_type=product&amp;p=760\" \/>\n<meta property=\"og:site_name\" content=\"C\u00d4NG TY TNHH TM DV Y T\u1ebe MI\u1ec0N \u0110\u00d4NG\" \/>\n<meta property=\"og:image\" content=\"https:\/\/eastmedical.vn\/wp-content\/uploads\/2018\/03\/cle1.png\" \/>\n\t<meta property=\"og:image:width\" content=\"299\" \/>\n\t<meta property=\"og:image:height\" content=\"240\" \/>\n\t<meta property=\"og:image:type\" content=\"image\/png\" \/>\n<meta name=\"twitter:card\" content=\"summary_large_image\" \/>\n<meta name=\"twitter:label1\" content=\"Est. reading time\" \/>\n\t<meta name=\"twitter:data1\" content=\"2 minutes\" \/>\n<script type=\"application\/ld+json\" class=\"yoast-schema-graph\">{\"@context\":\"https:\/\/schema.org\",\"@graph\":[{\"@type\":\"WebPage\",\"@id\":\"https:\/\/eastmedical.vn\/?post_type=product&p=760\",\"url\":\"https:\/\/eastmedical.vn\/?post_type=product&p=760\",\"name\":\"Endotracheal Tongue-Monitor - C\u00d4NG TY TNHH TM DV Y T\u1ebe MI\u1ec0N \u0110\u00d4NG\",\"isPartOf\":{\"@id\":\"https:\/\/eastmedical.vn\/#website\"},\"primaryImageOfPage\":{\"@id\":\"https:\/\/eastmedical.vn\/?post_type=product&p=760#primaryimage\"},\"image\":{\"@id\":\"https:\/\/eastmedical.vn\/?post_type=product&p=760#primaryimage\"},\"thumbnailUrl\":\"https:\/\/eastmedical.vn\/wp-content\/uploads\/2018\/03\/cle1.png\",\"datePublished\":\"2018-03-09T06:14:37+00:00\",\"breadcrumb\":{\"@id\":\"https:\/\/eastmedical.vn\/?post_type=product&p=760#breadcrumb\"},\"inLanguage\":\"en-US\",\"potentialAction\":[{\"@type\":\"ReadAction\",\"target\":[\"https:\/\/eastmedical.vn\/?post_type=product&p=760\"]}]},{\"@type\":\"ImageObject\",\"inLanguage\":\"en-US\",\"@id\":\"https:\/\/eastmedical.vn\/?post_type=product&p=760#primaryimage\",\"url\":\"https:\/\/eastmedical.vn\/wp-content\/uploads\/2018\/03\/cle1.png\",\"contentUrl\":\"https:\/\/eastmedical.vn\/wp-content\/uploads\/2018\/03\/cle1.png\",\"width\":299,\"height\":240,\"caption\":\"cle1\"},{\"@type\":\"BreadcrumbList\",\"@id\":\"https:\/\/eastmedical.vn\/?post_type=product&p=760#breadcrumb\",\"itemListElement\":[{\"@type\":\"ListItem\",\"position\":1,\"name\":\"Home\",\"item\":\"https:\/\/eastmedical.vn\/en\/\"},{\"@type\":\"ListItem\",\"position\":2,\"name\":\"Products\",\"item\":\"https:\/\/eastmedical.vn\/en\/shop\/\"},{\"@type\":\"ListItem\",\"position\":3,\"name\":\"Endotracheal Tongue-Monitor\"}]},{\"@type\":\"WebSite\",\"@id\":\"https:\/\/eastmedical.vn\/#website\",\"url\":\"https:\/\/eastmedical.vn\/\",\"name\":\"C\u00d4NG TY TNHH TM DV Y T\u1ebe MI\u1ec0N \u0110\u00d4NG\",\"description\":\"C\u00d4NG TY TNHH TM DV Y T\u1ebe MI\u1ec0N \u0110\u00d4NG\",\"potentialAction\":[{\"@type\":\"SearchAction\",\"target\":{\"@type\":\"EntryPoint\",\"urlTemplate\":\"https:\/\/eastmedical.vn\/?s={search_term_string}\"},\"query-input\":{\"@type\":\"PropertyValueSpecification\",\"valueRequired\":true,\"valueName\":\"search_term_string\"}}],\"inLanguage\":\"en-US\"}]}<\/script>\n<!-- \/ Yoast SEO plugin. -->","yoast_head_json":{"title":"Endotracheal Tongue-Monitor - C\u00d4NG TY TNHH TM DV Y T\u1ebe MI\u1ec0N \u0110\u00d4NG","robots":{"index":"index","follow":"follow","max-snippet":"max-snippet:-1","max-image-preview":"max-image-preview:large","max-video-preview":"max-video-preview:-1"},"canonical":"https:\/\/eastmedical.vn\/?post_type=product&p=760","og_locale":"en_US","og_type":"article","og_title":"Endotracheal Tongue-Monitor - C\u00d4NG TY TNHH TM DV Y T\u1ebe MI\u1ec0N \u0110\u00d4NG","og_description":"Made in: USA 3.5 inch display Led light Anti-fog lens Camera has a resolution of 2.0Mega Rechargeable Li-ion battery&gt; 5h 3 Tongue set: Adults, children 2 year standard warranty","og_url":"https:\/\/eastmedical.vn\/?post_type=product&p=760","og_site_name":"C\u00d4NG TY TNHH TM DV Y T\u1ebe MI\u1ec0N \u0110\u00d4NG","og_image":[{"width":299,"height":240,"url":"https:\/\/eastmedical.vn\/wp-content\/uploads\/2018\/03\/cle1.png","type":"image\/png"}],"twitter_card":"summary_large_image","twitter_misc":{"Est. reading time":"2 minutes"},"schema":{"@context":"https:\/\/schema.org","@graph":[{"@type":"WebPage","@id":"https:\/\/eastmedical.vn\/?post_type=product&p=760","url":"https:\/\/eastmedical.vn\/?post_type=product&p=760","name":"Endotracheal Tongue-Monitor - C\u00d4NG TY TNHH TM DV Y T\u1ebe MI\u1ec0N \u0110\u00d4NG","isPartOf":{"@id":"https:\/\/eastmedical.vn\/#website"},"primaryImageOfPage":{"@id":"https:\/\/eastmedical.vn\/?post_type=product&p=760#primaryimage"},"image":{"@id":"https:\/\/eastmedical.vn\/?post_type=product&p=760#primaryimage"},"thumbnailUrl":"https:\/\/eastmedical.vn\/wp-content\/uploads\/2018\/03\/cle1.png","datePublished":"2018-03-09T06:14:37+00:00","breadcrumb":{"@id":"https:\/\/eastmedical.vn\/?post_type=product&p=760#breadcrumb"},"inLanguage":"en-US","potentialAction":[{"@type":"ReadAction","target":["https:\/\/eastmedical.vn\/?post_type=product&p=760"]}]},{"@type":"ImageObject","inLanguage":"en-US","@id":"https:\/\/eastmedical.vn\/?post_type=product&p=760#primaryimage","url":"https:\/\/eastmedical.vn\/wp-content\/uploads\/2018\/03\/cle1.png","contentUrl":"https:\/\/eastmedical.vn\/wp-content\/uploads\/2018\/03\/cle1.png","width":299,"height":240,"caption":"cle1"},{"@type":"BreadcrumbList","@id":"https:\/\/eastmedical.vn\/?post_type=product&p=760#breadcrumb","itemListElement":[{"@type":"ListItem","position":1,"name":"Home","item":"https:\/\/eastmedical.vn\/en\/"},{"@type":"ListItem","position":2,"name":"Products","item":"https:\/\/eastmedical.vn\/en\/shop\/"},{"@type":"ListItem","position":3,"name":"Endotracheal Tongue-Monitor"}]},{"@type":"WebSite","@id":"https:\/\/eastmedical.vn\/#website","url":"https:\/\/eastmedical.vn\/","name":"C\u00d4NG TY TNHH TM DV Y T\u1ebe MI\u1ec0N \u0110\u00d4NG","description":"C\u00d4NG TY TNHH TM DV Y T\u1ebe MI\u1ec0N \u0110\u00d4NG","potentialAction":[{"@type":"SearchAction","target":{"@type":"EntryPoint","urlTemplate":"https:\/\/eastmedical.vn\/?s={search_term_string}"},"query-input":{"@type":"PropertyValueSpecification","valueRequired":true,"valueName":"search_term_string"}}],"inLanguage":"en-US"}]}},"_links":{"self":[{"href":"https:\/\/eastmedical.vn\/en\/wp-json\/wp\/v2\/product\/872","targetHints":{"allow":["GET"]}}],"collection":[{"href":"https:\/\/eastmedical.vn\/en\/wp-json\/wp\/v2\/product"}],"about":[{"href":"https:\/\/eastmedical.vn\/en\/wp-json\/wp\/v2\/types\/product"}],"replies":[{"embeddable":true,"href":"https:\/\/eastmedical.vn\/en\/wp-json\/wp\/v2\/comments?post=872"}],"wp:featuredmedia":[{"embeddable":true,"href":"https:\/\/eastmedical.vn\/en\/wp-json\/wp\/v2\/media\/762"}],"wp:attachment":[{"href":"https:\/\/eastmedical.vn\/en\/wp-json\/wp\/v2\/media?parent=872"}],"wp:term":[{"taxonomy":"product_brand","embeddable":true,"href":"https:\/\/eastmedical.vn\/en\/wp-json\/wp\/v2\/product_brand?post=872"},{"taxonomy":"product_cat","embeddable":true,"href":"https:\/\/eastmedical.vn\/en\/wp-json\/wp\/v2\/product_cat?post=872"},{"taxonomy":"product_tag","embeddable":true,"href":"https:\/\/eastmedical.vn\/en\/wp-json\/wp\/v2\/product_tag?post=872"}],"curies":[{"name":"wp","href":"https:\/\/api.w.org\/{rel}","templated":true}]}}