{"id":874,"date":"2018-03-08T07:36:42","date_gmt":"2018-03-08T07:36:42","guid":{"rendered":"http:\/\/12014.lamdx.vinawebsite.vn\/shop\/handheld-etco2-spo2-gauge\/"},"modified":"2018-03-08T07:36:42","modified_gmt":"2018-03-08T07:36:42","slug":"handheld-etco2-spo2-gauge","status":"publish","type":"product","link":"https:\/\/eastmedical.vn\/en\/shop\/handheld-etco2-spo2-gauge\/","title":{"rendered":"Handheld EtCO2 + SpO2 gauge"},"content":{"rendered":"<p>CH\u1ee8NG NH\u1eacN:<br \/>\n\u2022 FDA (USA);CE<br \/>\n\u2022 EtCO2;SpO2: ISO 9919:2005(E)<br \/>\n\u2022 Ti\u00eau chu\u1ea9n an to\u00e0n: EN60601-1: 1990+A1:1993+A2: 1995+A13: 1996<br \/>\n\u2022 B\u00e1o \u0111\u1ed9ng: IEC60601-1-8:2005<br \/>\n\u2022 EMC: EN60601-1-2:2007, nh\u00f3m 1 class A<br \/>\n\u0110\u1eb6C \u0110I\u1ec2M:<br \/>\n\u2013 M\u00e0n h\u00ecnh TFT LCD ph\u00e2n gi\u1ea3i cao,<br \/>\n\u2013 EtCO2,SPO2, nh\u1ecbp tim hi\u1ec3n th\u1ecb d\u1ea1ng s\u1ed1, d\u1ea1ng s\u00f3ng tr\u1ef1c quan.<br \/>\n\u2013 Thi\u1ebft k\u1ebf ch\u1eafc ch\u1eafn, vi\u1ec1n m\u00e1y b\u1eb1ng silicon ch\u1ed1ng va \u0111\u1eadp.<br \/>\n\u2013 Truy xu\u1ea5t, truy\u1ec1n d\u1eef li\u1ec7n d\u1ea1ng \u0111\u1ed3 th\u1ecb v\u00e0 v\u00e0 d\u1ea1ng s\u1ed1 qua k\u1ebft n\u1ed1i kh\u00f4ng d\u00e2y<br \/>\n\u2013 L\u01b0u tr\u1eef d\u1eef li\u1ec7u tr\u00ean 100 b\u1ec7nh nh\u00e2n; 72 gi\u1edd cho m\u1ed7i b\u1ec7nh nh\u00e2n theo d\u00f5i li\u00ean t\u1ee5c.<br \/>\n\u2013 Pin Lithium 4400mAh s\u1ea1c l\u1ea1i t\u00edch h\u1ee3p trong m\u00e1y s\u1eed d\u1ee5ng tr\u00ean 72h + \u0110\u1ebf s\u1ea1c r\u1eddi.<br \/>\nTHEO D\u00d5I L\u00c2M S\u00c0NG:<br \/>\n\u2013 H\u1ed7 tr\u1ee3 \u0111\u1eb7t n\u1ed9i kh\u00ed qu\u1ea3n<br \/>\n\u2013 \u0110\u00e1nh gi\u00e1 hi\u1ec7u qu\u1ea3 k\u1ef9 thu\u1eadt h\u1ed3i s\u1ee9c tim ph\u1ed5i trong qu\u00e1 tr\u00ecnh ng\u1eebng tim<br \/>\n\u2013 Monitoring ng\u1eebng th\u1edf<br \/>\n\u2013 Monitoring th\u00f4ng kh\u00ed \u0111\u1ec3 \u0111\u00e1nh gi\u00e1 hi\u1ec7u qu\u1ea3 th\u00f4ng kh\u00ed, \u0111i\u1ec1u ch\u1ec9nh c\u00e1c th\u00f4ng s\u1ed1 th\u00f4ng kh\u00ed (v\u00ed d\u1ee5 trong m\u1ed5 th\u1ea7n kinh, \u0111i\u1ec1u tr\u1ecb co      th\u1eaft ph\u1ebf qu\u1ea3n v\u00e0 c\u01a1n hen), x\u00e1c \u0111\u1ecbnh m\u1ee9c PEEP t\u1ed1i \u01b0u, cai m\u00e1y th\u1edf, ki\u1ec3m so\u00e1t nh\u1eefng thay \u0111\u1ed5i chuy\u1ec3n h\u00f3a, \u0111o kho\u1ea3ng ch\u1ebft v\u00e0  PEEP n\u1ed9i sinh, theo d\u00f5i v\u00e0 ch\u1ea9n \u0111o\u00e1n s\u1edbm t\u1eafc m\u1ea1ch ph\u1ed5i do kh\u00ed.<br \/>\n\u2013 Th\u00e1n \u0111\u1ed3 \u0111o th\u1ec3 t\u00edch : Ghi \u0111\u1ed3 th\u1ecb CO2 kh\u00ed th\u1edf ra theo th\u1ec3 t\u00edch kh\u00ed th\u1edf ra v\u00e0 \u0111o kho\u1ea3ng ch\u1ebft, th\u1ec3 t\u00edch l\u01b0u th\u00f4ng ph\u1ebf nang, th\u00f4ng  kh\u00ed c\u00f3 hi\u1ec7u qu\u1ea3, test ph\u00e1t hi\u1ec7n t\u1eafc m\u1ea1ch ph\u1ed5i.<br \/>\n\u2013 \u0110o l\u01b0u l\u01b0\u1ee3ng tim<br \/>\n\u2013 \u0110o \u00e1p l\u1ef1c ri\u00eang ph\u1ea7n CO2 kh\u00ed ni\u00eam m\u1ea1c d\u1ea1 d\u00e0y (Pgast.CO2) : ch\u00eanh \u00e1p cao (> 25 mmHg) Pgast.CO2 \u2013 PaCO2 g\u1eb7p khi gi\u1ea3m  d\u00f2ng m\u00e1u \u0111\u1ebfn d\u1ea1 d\u00e0y (ischemia t\u1ea1ng) v\u00e0 c\u00f3 gi\u00e1 tr\u1ecb ti\u00ean l\u01b0\u1ee3ng c\u00e1c bi\u1ebfn ch\u1ee9ng sau m\u1ed5<br \/>\n\u2013 Th\u00e1n \u0111\u1ed3 d\u01b0\u1edbi l\u01b0\u1ee1i (PslCO2) \u0111\u00e1nh gi\u00e1 chuy\u1ec3n ho\u00e1 m\u00f4.<br \/>\n\u2013 B\u1ea3o h\u00e0nh 1 n\u0103m theo ti\u00eau chu\u1ea9n nh\u00e0 s\u1ea3n xu\u1ea5t<\/p>\n","protected":false},"excerpt":{"rendered":"<p>Manufacturer: Solaris \/ USA<br \/>\n2.4 &#8220;TFT LCD screen sharp<br \/>\nMeasurement technology: SPO2, CO2, PR<br \/>\nDigital display, waveform<br \/>\nAudio alarm + visual lights<br \/>\nAnti-counterfeiting technology<br \/>\nLithium 4400mAh battery uses 72h<br \/>\nConvenient charging station<br \/>\nEastern Distribution officially<\/p>\n","protected":false},"featured_media":705,"comment_status":"open","ping_status":"closed","template":"","meta":{"_acf_changed":false},"product_brand":[],"product_cat":[67],"product_tag":[],"class_list":{"0":"post-874","1":"product","2":"type-product","3":"status-publish","4":"has-post-thumbnail","6":"product_cat-uncategorized","7":"yith_product_brand-solaris-usa-en","9":"first","10":"instock","11":"shipping-taxable","12":"product-type-simple"},"acf":[],"yoast_head":"<!-- This site is optimized with the Yoast SEO plugin v24.5 - https:\/\/yoast.com\/wordpress\/plugins\/seo\/ -->\n<title>Handheld EtCO2 + SpO2 gauge - C\u00d4NG TY TNHH TM DV Y T\u1ebe MI\u1ec0N \u0110\u00d4NG<\/title>\n<meta name=\"robots\" content=\"index, follow, max-snippet:-1, max-image-preview:large, max-video-preview:-1\" \/>\n<link rel=\"canonical\" href=\"https:\/\/eastmedical.vn\/shop\/may-etco2-spo2-cam-tay\/\" \/>\n<meta property=\"og:locale\" content=\"en_US\" \/>\n<meta property=\"og:type\" content=\"article\" \/>\n<meta property=\"og:title\" content=\"Handheld EtCO2 + SpO2 gauge - C\u00d4NG TY TNHH TM DV Y T\u1ebe MI\u1ec0N \u0110\u00d4NG\" \/>\n<meta property=\"og:description\" content=\"Manufacturer: Solaris \/ USA 2.4 &quot;TFT LCD screen sharp Measurement technology: SPO2, CO2, PR Digital display, waveform Audio alarm + visual lights Anti-counterfeiting technology Lithium 4400mAh battery uses 72h Convenient charging station Eastern Distribution officially\" \/>\n<meta property=\"og:url\" content=\"https:\/\/eastmedical.vn\/shop\/may-etco2-spo2-cam-tay\/\" \/>\n<meta property=\"og:site_name\" content=\"C\u00d4NG TY TNHH TM DV Y T\u1ebe MI\u1ec0N \u0110\u00d4NG\" \/>\n<meta property=\"og:image\" content=\"https:\/\/eastmedical.vn\/wp-content\/uploads\/2018\/03\/NT1D-CO2.png\" \/>\n\t<meta property=\"og:image:width\" content=\"318\" \/>\n\t<meta property=\"og:image:height\" content=\"240\" \/>\n\t<meta property=\"og:image:type\" content=\"image\/png\" \/>\n<meta name=\"twitter:card\" content=\"summary_large_image\" \/>\n<meta name=\"twitter:label1\" content=\"Est. reading time\" \/>\n\t<meta name=\"twitter:data1\" content=\"2 minutes\" \/>\n<script type=\"application\/ld+json\" class=\"yoast-schema-graph\">{\"@context\":\"https:\/\/schema.org\",\"@graph\":[{\"@type\":\"WebPage\",\"@id\":\"https:\/\/eastmedical.vn\/shop\/may-etco2-spo2-cam-tay\/\",\"url\":\"https:\/\/eastmedical.vn\/shop\/may-etco2-spo2-cam-tay\/\",\"name\":\"Handheld EtCO2 + SpO2 gauge - C\u00d4NG TY TNHH TM DV Y T\u1ebe MI\u1ec0N \u0110\u00d4NG\",\"isPartOf\":{\"@id\":\"https:\/\/eastmedical.vn\/#website\"},\"primaryImageOfPage\":{\"@id\":\"https:\/\/eastmedical.vn\/shop\/may-etco2-spo2-cam-tay\/#primaryimage\"},\"image\":{\"@id\":\"https:\/\/eastmedical.vn\/shop\/may-etco2-spo2-cam-tay\/#primaryimage\"},\"thumbnailUrl\":\"https:\/\/eastmedical.vn\/wp-content\/uploads\/2018\/03\/NT1D-CO2.png\",\"datePublished\":\"2018-03-08T07:36:42+00:00\",\"breadcrumb\":{\"@id\":\"https:\/\/eastmedical.vn\/shop\/may-etco2-spo2-cam-tay\/#breadcrumb\"},\"inLanguage\":\"en-US\",\"potentialAction\":[{\"@type\":\"ReadAction\",\"target\":[\"https:\/\/eastmedical.vn\/shop\/may-etco2-spo2-cam-tay\/\"]}]},{\"@type\":\"ImageObject\",\"inLanguage\":\"en-US\",\"@id\":\"https:\/\/eastmedical.vn\/shop\/may-etco2-spo2-cam-tay\/#primaryimage\",\"url\":\"https:\/\/eastmedical.vn\/wp-content\/uploads\/2018\/03\/NT1D-CO2.png\",\"contentUrl\":\"https:\/\/eastmedical.vn\/wp-content\/uploads\/2018\/03\/NT1D-CO2.png\",\"width\":318,\"height\":240,\"caption\":\"NT1D-CO2\"},{\"@type\":\"BreadcrumbList\",\"@id\":\"https:\/\/eastmedical.vn\/shop\/may-etco2-spo2-cam-tay\/#breadcrumb\",\"itemListElement\":[{\"@type\":\"ListItem\",\"position\":1,\"name\":\"Home\",\"item\":\"https:\/\/eastmedical.vn\/en\/\"},{\"@type\":\"ListItem\",\"position\":2,\"name\":\"Products\",\"item\":\"https:\/\/eastmedical.vn\/en\/shop\/\"},{\"@type\":\"ListItem\",\"position\":3,\"name\":\"Handheld EtCO2 + SpO2 gauge\"}]},{\"@type\":\"WebSite\",\"@id\":\"https:\/\/eastmedical.vn\/#website\",\"url\":\"https:\/\/eastmedical.vn\/\",\"name\":\"C\u00d4NG TY TNHH TM DV Y T\u1ebe MI\u1ec0N \u0110\u00d4NG\",\"description\":\"C\u00d4NG TY TNHH TM DV Y T\u1ebe MI\u1ec0N \u0110\u00d4NG\",\"potentialAction\":[{\"@type\":\"SearchAction\",\"target\":{\"@type\":\"EntryPoint\",\"urlTemplate\":\"https:\/\/eastmedical.vn\/?s={search_term_string}\"},\"query-input\":{\"@type\":\"PropertyValueSpecification\",\"valueRequired\":true,\"valueName\":\"search_term_string\"}}],\"inLanguage\":\"en-US\"}]}<\/script>\n<!-- \/ Yoast SEO plugin. -->","yoast_head_json":{"title":"Handheld EtCO2 + SpO2 gauge - C\u00d4NG TY TNHH TM DV Y T\u1ebe MI\u1ec0N \u0110\u00d4NG","robots":{"index":"index","follow":"follow","max-snippet":"max-snippet:-1","max-image-preview":"max-image-preview:large","max-video-preview":"max-video-preview:-1"},"canonical":"https:\/\/eastmedical.vn\/shop\/may-etco2-spo2-cam-tay\/","og_locale":"en_US","og_type":"article","og_title":"Handheld EtCO2 + SpO2 gauge - C\u00d4NG TY TNHH TM DV Y T\u1ebe MI\u1ec0N \u0110\u00d4NG","og_description":"Manufacturer: Solaris \/ USA 2.4 \"TFT LCD screen sharp Measurement technology: SPO2, CO2, PR Digital display, waveform Audio alarm + visual lights Anti-counterfeiting technology Lithium 4400mAh battery uses 72h Convenient charging station Eastern Distribution officially","og_url":"https:\/\/eastmedical.vn\/shop\/may-etco2-spo2-cam-tay\/","og_site_name":"C\u00d4NG TY TNHH TM DV Y T\u1ebe MI\u1ec0N \u0110\u00d4NG","og_image":[{"width":318,"height":240,"url":"https:\/\/eastmedical.vn\/wp-content\/uploads\/2018\/03\/NT1D-CO2.png","type":"image\/png"}],"twitter_card":"summary_large_image","twitter_misc":{"Est. reading time":"2 minutes"},"schema":{"@context":"https:\/\/schema.org","@graph":[{"@type":"WebPage","@id":"https:\/\/eastmedical.vn\/shop\/may-etco2-spo2-cam-tay\/","url":"https:\/\/eastmedical.vn\/shop\/may-etco2-spo2-cam-tay\/","name":"Handheld EtCO2 + SpO2 gauge - C\u00d4NG TY TNHH TM DV Y T\u1ebe MI\u1ec0N \u0110\u00d4NG","isPartOf":{"@id":"https:\/\/eastmedical.vn\/#website"},"primaryImageOfPage":{"@id":"https:\/\/eastmedical.vn\/shop\/may-etco2-spo2-cam-tay\/#primaryimage"},"image":{"@id":"https:\/\/eastmedical.vn\/shop\/may-etco2-spo2-cam-tay\/#primaryimage"},"thumbnailUrl":"https:\/\/eastmedical.vn\/wp-content\/uploads\/2018\/03\/NT1D-CO2.png","datePublished":"2018-03-08T07:36:42+00:00","breadcrumb":{"@id":"https:\/\/eastmedical.vn\/shop\/may-etco2-spo2-cam-tay\/#breadcrumb"},"inLanguage":"en-US","potentialAction":[{"@type":"ReadAction","target":["https:\/\/eastmedical.vn\/shop\/may-etco2-spo2-cam-tay\/"]}]},{"@type":"ImageObject","inLanguage":"en-US","@id":"https:\/\/eastmedical.vn\/shop\/may-etco2-spo2-cam-tay\/#primaryimage","url":"https:\/\/eastmedical.vn\/wp-content\/uploads\/2018\/03\/NT1D-CO2.png","contentUrl":"https:\/\/eastmedical.vn\/wp-content\/uploads\/2018\/03\/NT1D-CO2.png","width":318,"height":240,"caption":"NT1D-CO2"},{"@type":"BreadcrumbList","@id":"https:\/\/eastmedical.vn\/shop\/may-etco2-spo2-cam-tay\/#breadcrumb","itemListElement":[{"@type":"ListItem","position":1,"name":"Home","item":"https:\/\/eastmedical.vn\/en\/"},{"@type":"ListItem","position":2,"name":"Products","item":"https:\/\/eastmedical.vn\/en\/shop\/"},{"@type":"ListItem","position":3,"name":"Handheld EtCO2 + SpO2 gauge"}]},{"@type":"WebSite","@id":"https:\/\/eastmedical.vn\/#website","url":"https:\/\/eastmedical.vn\/","name":"C\u00d4NG TY TNHH TM DV Y T\u1ebe MI\u1ec0N \u0110\u00d4NG","description":"C\u00d4NG TY TNHH TM DV Y T\u1ebe MI\u1ec0N \u0110\u00d4NG","potentialAction":[{"@type":"SearchAction","target":{"@type":"EntryPoint","urlTemplate":"https:\/\/eastmedical.vn\/?s={search_term_string}"},"query-input":{"@type":"PropertyValueSpecification","valueRequired":true,"valueName":"search_term_string"}}],"inLanguage":"en-US"}]}},"_links":{"self":[{"href":"https:\/\/eastmedical.vn\/en\/wp-json\/wp\/v2\/product\/874","targetHints":{"allow":["GET"]}}],"collection":[{"href":"https:\/\/eastmedical.vn\/en\/wp-json\/wp\/v2\/product"}],"about":[{"href":"https:\/\/eastmedical.vn\/en\/wp-json\/wp\/v2\/types\/product"}],"replies":[{"embeddable":true,"href":"https:\/\/eastmedical.vn\/en\/wp-json\/wp\/v2\/comments?post=874"}],"wp:featuredmedia":[{"embeddable":true,"href":"https:\/\/eastmedical.vn\/en\/wp-json\/wp\/v2\/media\/705"}],"wp:attachment":[{"href":"https:\/\/eastmedical.vn\/en\/wp-json\/wp\/v2\/media?parent=874"}],"wp:term":[{"taxonomy":"product_brand","embeddable":true,"href":"https:\/\/eastmedical.vn\/en\/wp-json\/wp\/v2\/product_brand?post=874"},{"taxonomy":"product_cat","embeddable":true,"href":"https:\/\/eastmedical.vn\/en\/wp-json\/wp\/v2\/product_cat?post=874"},{"taxonomy":"product_tag","embeddable":true,"href":"https:\/\/eastmedical.vn\/en\/wp-json\/wp\/v2\/product_tag?post=874"}],"curies":[{"name":"wp","href":"https:\/\/api.w.org\/{rel}","templated":true}]}}