{"id":875,"date":"2018-03-08T07:32:58","date_gmt":"2018-03-08T07:32:58","guid":{"rendered":"http:\/\/12014.lamdx.vinawebsite.vn\/shop\/handheld-spo2-meter\/"},"modified":"2018-03-08T07:32:58","modified_gmt":"2018-03-08T07:32:58","slug":"handheld-spo2-meter","status":"publish","type":"product","link":"https:\/\/eastmedical.vn\/en\/shop\/handheld-spo2-meter\/","title":{"rendered":"Handheld SPO2 meter"},"content":{"rendered":"<p>CH\u1ee8NG NH\u1eacN:<br \/>\n\u2022 FDA (USA)<br \/>\n\u2022 SpO2: ISO 9919:2005(E)<br \/>\n\u2022 Ti\u00eau chu\u1ea9n an to\u00e0n: EN60601-1: 1990+A1:1993+A2: 1995+A13: 1996<br \/>\n\u2022 B\u00e1o \u0111\u1ed9ng: IEC60601-1-8:2005<br \/>\n\u2022 EMC: EN60601-1-2:2007, nh\u00f3m 1 class A<br \/>\nB\u1ea3o h\u00e0nh 1 n\u0103m theo ti\u00eau chu\u1ea9n nh\u00e0 s\u1ea3n xu\u1ea5t<\/p>\n","protected":false},"excerpt":{"rendered":"<p>Manufacturer: Solaris \/ USA<br \/>\nBright LEDs are easy to observe<br \/>\nCompact, lightweight design<br \/>\nAudio alarm + visual lights<br \/>\nAnti-counterfeiting technology<br \/>\nBattery AA 2700mAh using 72h<br \/>\nConvenient charging station<br \/>\nEastern Distribution officially<\/p>\n","protected":false},"featured_media":698,"comment_status":"open","ping_status":"closed","template":"","meta":{"_acf_changed":false},"product_brand":[],"product_cat":[67],"product_tag":[],"class_list":{"0":"post-875","1":"product","2":"type-product","3":"status-publish","4":"has-post-thumbnail","6":"product_cat-uncategorized","7":"yith_product_brand-solaris-usa-en","9":"first","10":"instock","11":"shipping-taxable","12":"product-type-simple"},"acf":[],"yoast_head":"<!-- This site is optimized with the Yoast SEO plugin v24.5 - https:\/\/yoast.com\/wordpress\/plugins\/seo\/ -->\n<title>Handheld SPO2 meter - C\u00d4NG TY TNHH TM DV Y T\u1ebe MI\u1ec0N \u0110\u00d4NG<\/title>\n<meta name=\"robots\" content=\"index, follow, max-snippet:-1, max-image-preview:large, max-video-preview:-1\" \/>\n<link rel=\"canonical\" href=\"https:\/\/eastmedical.vn\/shop\/may-spo2-cam-tay\/\" \/>\n<meta property=\"og:locale\" content=\"en_US\" \/>\n<meta property=\"og:type\" content=\"article\" \/>\n<meta property=\"og:title\" content=\"Handheld SPO2 meter - C\u00d4NG TY TNHH TM DV Y T\u1ebe MI\u1ec0N \u0110\u00d4NG\" \/>\n<meta property=\"og:description\" content=\"Manufacturer: Solaris \/ USA Bright LEDs are easy to observe Compact, lightweight design Audio alarm + visual lights Anti-counterfeiting technology Battery AA 2700mAh using 72h Convenient charging station Eastern Distribution officially\" \/>\n<meta property=\"og:url\" content=\"https:\/\/eastmedical.vn\/shop\/may-spo2-cam-tay\/\" \/>\n<meta property=\"og:site_name\" content=\"C\u00d4NG TY TNHH TM DV Y T\u1ebe MI\u1ec0N \u0110\u00d4NG\" \/>\n<meta property=\"og:image\" content=\"https:\/\/eastmedical.vn\/wp-content\/uploads\/2018\/03\/NT1A-1.png\" \/>\n\t<meta property=\"og:image:width\" content=\"315\" \/>\n\t<meta property=\"og:image:height\" content=\"240\" \/>\n\t<meta property=\"og:image:type\" content=\"image\/png\" \/>\n<meta name=\"twitter:card\" content=\"summary_large_image\" \/>\n<script type=\"application\/ld+json\" class=\"yoast-schema-graph\">{\"@context\":\"https:\/\/schema.org\",\"@graph\":[{\"@type\":\"WebPage\",\"@id\":\"https:\/\/eastmedical.vn\/shop\/may-spo2-cam-tay\/\",\"url\":\"https:\/\/eastmedical.vn\/shop\/may-spo2-cam-tay\/\",\"name\":\"Handheld SPO2 meter - C\u00d4NG TY TNHH TM DV Y T\u1ebe MI\u1ec0N \u0110\u00d4NG\",\"isPartOf\":{\"@id\":\"https:\/\/eastmedical.vn\/#website\"},\"primaryImageOfPage\":{\"@id\":\"https:\/\/eastmedical.vn\/shop\/may-spo2-cam-tay\/#primaryimage\"},\"image\":{\"@id\":\"https:\/\/eastmedical.vn\/shop\/may-spo2-cam-tay\/#primaryimage\"},\"thumbnailUrl\":\"https:\/\/eastmedical.vn\/wp-content\/uploads\/2018\/03\/NT1A-1.png\",\"datePublished\":\"2018-03-08T07:32:58+00:00\",\"breadcrumb\":{\"@id\":\"https:\/\/eastmedical.vn\/shop\/may-spo2-cam-tay\/#breadcrumb\"},\"inLanguage\":\"en-US\",\"potentialAction\":[{\"@type\":\"ReadAction\",\"target\":[\"https:\/\/eastmedical.vn\/shop\/may-spo2-cam-tay\/\"]}]},{\"@type\":\"ImageObject\",\"inLanguage\":\"en-US\",\"@id\":\"https:\/\/eastmedical.vn\/shop\/may-spo2-cam-tay\/#primaryimage\",\"url\":\"https:\/\/eastmedical.vn\/wp-content\/uploads\/2018\/03\/NT1A-1.png\",\"contentUrl\":\"https:\/\/eastmedical.vn\/wp-content\/uploads\/2018\/03\/NT1A-1.png\",\"width\":315,\"height\":240,\"caption\":\"NT1A\"},{\"@type\":\"BreadcrumbList\",\"@id\":\"https:\/\/eastmedical.vn\/shop\/may-spo2-cam-tay\/#breadcrumb\",\"itemListElement\":[{\"@type\":\"ListItem\",\"position\":1,\"name\":\"Home\",\"item\":\"https:\/\/eastmedical.vn\/en\/\"},{\"@type\":\"ListItem\",\"position\":2,\"name\":\"Products\",\"item\":\"https:\/\/eastmedical.vn\/en\/shop\/\"},{\"@type\":\"ListItem\",\"position\":3,\"name\":\"Handheld SPO2 meter\"}]},{\"@type\":\"WebSite\",\"@id\":\"https:\/\/eastmedical.vn\/#website\",\"url\":\"https:\/\/eastmedical.vn\/\",\"name\":\"C\u00d4NG TY TNHH TM DV Y T\u1ebe MI\u1ec0N \u0110\u00d4NG\",\"description\":\"C\u00d4NG TY TNHH TM DV Y T\u1ebe MI\u1ec0N \u0110\u00d4NG\",\"potentialAction\":[{\"@type\":\"SearchAction\",\"target\":{\"@type\":\"EntryPoint\",\"urlTemplate\":\"https:\/\/eastmedical.vn\/?s={search_term_string}\"},\"query-input\":{\"@type\":\"PropertyValueSpecification\",\"valueRequired\":true,\"valueName\":\"search_term_string\"}}],\"inLanguage\":\"en-US\"}]}<\/script>\n<!-- \/ Yoast SEO plugin. -->","yoast_head_json":{"title":"Handheld SPO2 meter - C\u00d4NG TY TNHH TM DV Y T\u1ebe MI\u1ec0N \u0110\u00d4NG","robots":{"index":"index","follow":"follow","max-snippet":"max-snippet:-1","max-image-preview":"max-image-preview:large","max-video-preview":"max-video-preview:-1"},"canonical":"https:\/\/eastmedical.vn\/shop\/may-spo2-cam-tay\/","og_locale":"en_US","og_type":"article","og_title":"Handheld SPO2 meter - C\u00d4NG TY TNHH TM DV Y T\u1ebe MI\u1ec0N \u0110\u00d4NG","og_description":"Manufacturer: Solaris \/ USA Bright LEDs are easy to observe Compact, lightweight design Audio alarm + visual lights Anti-counterfeiting technology Battery AA 2700mAh using 72h Convenient charging station Eastern Distribution officially","og_url":"https:\/\/eastmedical.vn\/shop\/may-spo2-cam-tay\/","og_site_name":"C\u00d4NG TY TNHH TM DV Y T\u1ebe MI\u1ec0N \u0110\u00d4NG","og_image":[{"width":315,"height":240,"url":"https:\/\/eastmedical.vn\/wp-content\/uploads\/2018\/03\/NT1A-1.png","type":"image\/png"}],"twitter_card":"summary_large_image","schema":{"@context":"https:\/\/schema.org","@graph":[{"@type":"WebPage","@id":"https:\/\/eastmedical.vn\/shop\/may-spo2-cam-tay\/","url":"https:\/\/eastmedical.vn\/shop\/may-spo2-cam-tay\/","name":"Handheld SPO2 meter - C\u00d4NG TY TNHH TM DV Y T\u1ebe MI\u1ec0N \u0110\u00d4NG","isPartOf":{"@id":"https:\/\/eastmedical.vn\/#website"},"primaryImageOfPage":{"@id":"https:\/\/eastmedical.vn\/shop\/may-spo2-cam-tay\/#primaryimage"},"image":{"@id":"https:\/\/eastmedical.vn\/shop\/may-spo2-cam-tay\/#primaryimage"},"thumbnailUrl":"https:\/\/eastmedical.vn\/wp-content\/uploads\/2018\/03\/NT1A-1.png","datePublished":"2018-03-08T07:32:58+00:00","breadcrumb":{"@id":"https:\/\/eastmedical.vn\/shop\/may-spo2-cam-tay\/#breadcrumb"},"inLanguage":"en-US","potentialAction":[{"@type":"ReadAction","target":["https:\/\/eastmedical.vn\/shop\/may-spo2-cam-tay\/"]}]},{"@type":"ImageObject","inLanguage":"en-US","@id":"https:\/\/eastmedical.vn\/shop\/may-spo2-cam-tay\/#primaryimage","url":"https:\/\/eastmedical.vn\/wp-content\/uploads\/2018\/03\/NT1A-1.png","contentUrl":"https:\/\/eastmedical.vn\/wp-content\/uploads\/2018\/03\/NT1A-1.png","width":315,"height":240,"caption":"NT1A"},{"@type":"BreadcrumbList","@id":"https:\/\/eastmedical.vn\/shop\/may-spo2-cam-tay\/#breadcrumb","itemListElement":[{"@type":"ListItem","position":1,"name":"Home","item":"https:\/\/eastmedical.vn\/en\/"},{"@type":"ListItem","position":2,"name":"Products","item":"https:\/\/eastmedical.vn\/en\/shop\/"},{"@type":"ListItem","position":3,"name":"Handheld SPO2 meter"}]},{"@type":"WebSite","@id":"https:\/\/eastmedical.vn\/#website","url":"https:\/\/eastmedical.vn\/","name":"C\u00d4NG TY TNHH TM DV Y T\u1ebe MI\u1ec0N \u0110\u00d4NG","description":"C\u00d4NG TY TNHH TM DV Y T\u1ebe MI\u1ec0N \u0110\u00d4NG","potentialAction":[{"@type":"SearchAction","target":{"@type":"EntryPoint","urlTemplate":"https:\/\/eastmedical.vn\/?s={search_term_string}"},"query-input":{"@type":"PropertyValueSpecification","valueRequired":true,"valueName":"search_term_string"}}],"inLanguage":"en-US"}]}},"_links":{"self":[{"href":"https:\/\/eastmedical.vn\/en\/wp-json\/wp\/v2\/product\/875","targetHints":{"allow":["GET"]}}],"collection":[{"href":"https:\/\/eastmedical.vn\/en\/wp-json\/wp\/v2\/product"}],"about":[{"href":"https:\/\/eastmedical.vn\/en\/wp-json\/wp\/v2\/types\/product"}],"replies":[{"embeddable":true,"href":"https:\/\/eastmedical.vn\/en\/wp-json\/wp\/v2\/comments?post=875"}],"wp:featuredmedia":[{"embeddable":true,"href":"https:\/\/eastmedical.vn\/en\/wp-json\/wp\/v2\/media\/698"}],"wp:attachment":[{"href":"https:\/\/eastmedical.vn\/en\/wp-json\/wp\/v2\/media?parent=875"}],"wp:term":[{"taxonomy":"product_brand","embeddable":true,"href":"https:\/\/eastmedical.vn\/en\/wp-json\/wp\/v2\/product_brand?post=875"},{"taxonomy":"product_cat","embeddable":true,"href":"https:\/\/eastmedical.vn\/en\/wp-json\/wp\/v2\/product_cat?post=875"},{"taxonomy":"product_tag","embeddable":true,"href":"https:\/\/eastmedical.vn\/en\/wp-json\/wp\/v2\/product_tag?post=875"}],"curies":[{"name":"wp","href":"https:\/\/api.w.org\/{rel}","templated":true}]}}