{"id":877,"date":"2018-03-08T07:27:18","date_gmt":"2018-03-08T07:27:18","guid":{"rendered":"http:\/\/12014.lamdx.vinawebsite.vn\/shop\/monitor-monitors-patients\/"},"modified":"2018-03-08T07:27:18","modified_gmt":"2018-03-08T07:27:18","slug":"monitor-monitors-patients","status":"publish","type":"product","link":"https:\/\/eastmedical.vn\/en\/shop\/monitor-monitors-patients\/","title":{"rendered":"Monitor monitors patients"},"content":{"rendered":"<table>\n<tbody>\n<tr>\n<td width=\"248\"><strong>Model<\/strong><\/td>\n<td width=\"243\"><\/td>\n<\/tr>\n<tr>\n<td width=\"248\">M\u00e0n h\u00ecnh<\/td>\n<td width=\"243\"><span style=\"color: #3366ff;\">TFT HD 10.1 + 12.1 inch<\/span><\/td>\n<\/tr>\n<tr>\n<td width=\"248\">SPO2<\/td>\n<td width=\"243\">\n<h4><span style=\"color: #3366ff;\">D\u00e3y \u0111o: 0~100%<\/span><\/h4>\n<h4><span style=\"color: #3366ff;\">\u0110\u1ed9 ch\u00ednh x\u00e1c: \u00b12% (70~100%)<\/span><\/h4>\n<h4><span style=\"color: #3366ff;\">Nh\u1ecbp th\u1edf: 20 ~ 250 nh\u1ecbp\/ph\u00fat<\/span><\/h4>\n<\/td>\n<\/tr>\n<tr>\n<td width=\"248\"><strong>NIBP<\/strong><\/td>\n<td width=\"243\"><span style=\"color: #3366ff;\">SYS (T\u00e2m thu) 40 ~ 280 mmHg<\/span><\/p>\n<p><span style=\"color: #3366ff;\">DIA (T\u00e2m tr\u01b0\u01a1ng) 10 ~ 220 mmHg<\/span><\/p>\n<p><span style=\"color: #3366ff;\">Trung b\u00ecnh 20 ~ 240 mmHg<\/span><\/td>\n<\/tr>\n<tr>\n<td width=\"248\"><strong>ECG<\/strong><\/td>\n<td width=\"243\"><span style=\"color: #3366ff;\">+ Ng\u01b0\u1eddi l\u1edbn 15~300 nh\u1ecbp\/ph\u00fat<\/span><\/p>\n<p><span style=\"color: #3366ff;\">+ Tr\u1ebb em\/S\u01a1 sinh: 15~350 nh\u1ecbp\/ph\u00fat<\/span><\/p>\n<p><span style=\"color: #3366ff;\">Chuy\u1ec3n \u0111\u1ea1o: I, II, III, AVR. AVL, AVF, V<\/span><\/td>\n<\/tr>\n<tr>\n<td width=\"248\"><strong>TEMP<\/strong><\/td>\n<td width=\"243\"><span style=\"color: #3366ff;\">D\u00e3y \u0111o: 0 ~ 50\u00ad\u00ad\u00ad\u00baC<\/span><\/td>\n<\/tr>\n<tr>\n<td width=\"248\"><strong>RESP<\/strong><\/td>\n<td width=\"243\"><span style=\"color: #3366ff;\">D\u00e3y \u0111o: 0 \u2013 150 nh\u1ecbp\/ph\u00fat<\/span><\/td>\n<\/tr>\n<tr>\n<td width=\"248\"><strong>EtCO<sub>2<\/sub><\/strong><\/td>\n<td width=\"243\"><span style=\"color: #3366ff;\"><u>Maistream:<\/u><\/span><\/p>\n<p><span style=\"color: #3366ff;\">0-150mmHg(t\u1ea1i 760mmHg)<\/span><\/p>\n<p><span style=\"color: #3366ff;\">0-19.7%\u00a0(t\u1ea1i 760mmHg)<\/span><\/p>\n<p><span style=\"color: #3366ff;\"><u>Sidestream<\/u><\/span><\/p>\n<p><span style=\"color: #3366ff;\">0-150mmHg(t\u1ea1i 760mmHg)<\/span><\/p>\n<p><span style=\"color: #3366ff;\">0-19.7% (t\u1ea1i 760mmHg)<\/span><\/td>\n<\/tr>\n<tr>\n<td width=\"248\"><strong>Ti\u00eau Chu\u1ea9n:<\/strong><\/td>\n<td width=\"243\"><span style=\"color: #3366ff;\">ISO 9919: 2005(E), CE<\/span><\/p>\n<p><span style=\"color: #3366ff;\">Ti\u00eau chu\u1ea9n an to\u00e0n: EN60601-1: 1990+A1:1993+A2: 1995+A13: 1996<\/span><\/p>\n<p><span style=\"color: #3366ff;\">B\u00e1o \u0111\u1ed9ng: IEC60601-1-8:2005<\/span><\/p>\n<p><span style=\"color: #3366ff;\">EMC: EN60601-1-2:2007, class A<\/span><\/td>\n<\/tr>\n<tr>\n<td width=\"248\">B\u1ea3o h\u00e0nh<\/td>\n<td width=\"243\"><span style=\"color: #3366ff;\">24 th\u00e1ng b\u1edfi Eastmedical<\/span><\/td>\n<\/tr>\n<\/tbody>\n<\/table>\n","protected":false},"excerpt":{"rendered":"<p>Display: 12.1 &#8221;<br \/>\nDisplay TFT HD \/ Induction<br \/>\nSpO2, ECG, RESP, NIB, Pulse, TEMP<br \/>\nOptional: IBP, EtCO2<br \/>\nRechargeable Li-ion battery&gt; 2.5h<br \/>\nCertification: ISO, FDA, CE<\/p>\n","protected":false},"featured_media":1441,"comment_status":"open","ping_status":"closed","template":"","meta":{"_acf_changed":false},"product_brand":[],"product_cat":[153],"product_tag":[],"class_list":{"0":"post-877","1":"product","2":"type-product","3":"status-publish","4":"has-post-thumbnail","6":"product_cat-monitor","8":"first","9":"instock","10":"shipping-taxable","11":"product-type-simple"},"acf":[],"yoast_head":"<!-- This site is optimized with the Yoast SEO plugin v24.5 - https:\/\/yoast.com\/wordpress\/plugins\/seo\/ -->\n<title>Monitor monitors patients - C\u00d4NG TY TNHH TM DV Y T\u1ebe MI\u1ec0N \u0110\u00d4NG<\/title>\n<meta name=\"robots\" content=\"index, follow, max-snippet:-1, max-image-preview:large, max-video-preview:-1\" \/>\n<link rel=\"canonical\" href=\"https:\/\/eastmedical.vn\/?post_type=product&p=686\" \/>\n<meta property=\"og:locale\" content=\"en_US\" \/>\n<meta property=\"og:type\" content=\"article\" \/>\n<meta property=\"og:title\" content=\"Monitor monitors patients - C\u00d4NG TY TNHH TM DV Y T\u1ebe MI\u1ec0N \u0110\u00d4NG\" \/>\n<meta property=\"og:description\" content=\"Display: 12.1 &quot; Display TFT HD \/ Induction SpO2, ECG, RESP, NIB, Pulse, TEMP Optional: IBP, EtCO2 Rechargeable Li-ion battery&gt; 2.5h Certification: ISO, FDA, CE\" \/>\n<meta property=\"og:url\" content=\"https:\/\/eastmedical.vn\/?post_type=product&amp;p=686\" \/>\n<meta property=\"og:site_name\" content=\"C\u00d4NG TY TNHH TM DV Y T\u1ebe MI\u1ec0N \u0110\u00d4NG\" \/>\n<meta property=\"og:image\" content=\"https:\/\/eastmedical.vn\/wp-content\/uploads\/2018\/09\/mediblu_mm17_1.png\" \/>\n\t<meta property=\"og:image:width\" content=\"287\" \/>\n\t<meta property=\"og:image:height\" content=\"240\" \/>\n\t<meta property=\"og:image:type\" content=\"image\/png\" \/>\n<meta name=\"twitter:card\" content=\"summary_large_image\" \/>\n<meta name=\"twitter:label1\" content=\"Est. reading time\" \/>\n\t<meta name=\"twitter:data1\" content=\"1 minute\" \/>\n<script type=\"application\/ld+json\" class=\"yoast-schema-graph\">{\"@context\":\"https:\/\/schema.org\",\"@graph\":[{\"@type\":\"WebPage\",\"@id\":\"https:\/\/eastmedical.vn\/?post_type=product&p=686\",\"url\":\"https:\/\/eastmedical.vn\/?post_type=product&p=686\",\"name\":\"Monitor monitors patients - C\u00d4NG TY TNHH TM DV Y T\u1ebe MI\u1ec0N \u0110\u00d4NG\",\"isPartOf\":{\"@id\":\"https:\/\/eastmedical.vn\/#website\"},\"primaryImageOfPage\":{\"@id\":\"https:\/\/eastmedical.vn\/?post_type=product&p=686#primaryimage\"},\"image\":{\"@id\":\"https:\/\/eastmedical.vn\/?post_type=product&p=686#primaryimage\"},\"thumbnailUrl\":\"https:\/\/eastmedical.vn\/wp-content\/uploads\/2018\/09\/mediblu_mm17_1.png\",\"datePublished\":\"2018-03-08T07:27:18+00:00\",\"breadcrumb\":{\"@id\":\"https:\/\/eastmedical.vn\/?post_type=product&p=686#breadcrumb\"},\"inLanguage\":\"en-US\",\"potentialAction\":[{\"@type\":\"ReadAction\",\"target\":[\"https:\/\/eastmedical.vn\/?post_type=product&p=686\"]}]},{\"@type\":\"ImageObject\",\"inLanguage\":\"en-US\",\"@id\":\"https:\/\/eastmedical.vn\/?post_type=product&p=686#primaryimage\",\"url\":\"https:\/\/eastmedical.vn\/wp-content\/uploads\/2018\/09\/mediblu_mm17_1.png\",\"contentUrl\":\"https:\/\/eastmedical.vn\/wp-content\/uploads\/2018\/09\/mediblu_mm17_1.png\",\"width\":287,\"height\":240},{\"@type\":\"BreadcrumbList\",\"@id\":\"https:\/\/eastmedical.vn\/?post_type=product&p=686#breadcrumb\",\"itemListElement\":[{\"@type\":\"ListItem\",\"position\":1,\"name\":\"Home\",\"item\":\"https:\/\/eastmedical.vn\/en\/\"},{\"@type\":\"ListItem\",\"position\":2,\"name\":\"Products\",\"item\":\"https:\/\/eastmedical.vn\/en\/shop\/\"},{\"@type\":\"ListItem\",\"position\":3,\"name\":\"Monitor monitors patients\"}]},{\"@type\":\"WebSite\",\"@id\":\"https:\/\/eastmedical.vn\/#website\",\"url\":\"https:\/\/eastmedical.vn\/\",\"name\":\"C\u00d4NG TY TNHH TM DV Y T\u1ebe MI\u1ec0N \u0110\u00d4NG\",\"description\":\"C\u00d4NG TY TNHH TM DV Y T\u1ebe MI\u1ec0N \u0110\u00d4NG\",\"potentialAction\":[{\"@type\":\"SearchAction\",\"target\":{\"@type\":\"EntryPoint\",\"urlTemplate\":\"https:\/\/eastmedical.vn\/?s={search_term_string}\"},\"query-input\":{\"@type\":\"PropertyValueSpecification\",\"valueRequired\":true,\"valueName\":\"search_term_string\"}}],\"inLanguage\":\"en-US\"}]}<\/script>\n<!-- \/ Yoast SEO plugin. -->","yoast_head_json":{"title":"Monitor monitors patients - C\u00d4NG TY TNHH TM DV Y T\u1ebe MI\u1ec0N \u0110\u00d4NG","robots":{"index":"index","follow":"follow","max-snippet":"max-snippet:-1","max-image-preview":"max-image-preview:large","max-video-preview":"max-video-preview:-1"},"canonical":"https:\/\/eastmedical.vn\/?post_type=product&p=686","og_locale":"en_US","og_type":"article","og_title":"Monitor monitors patients - C\u00d4NG TY TNHH TM DV Y T\u1ebe MI\u1ec0N \u0110\u00d4NG","og_description":"Display: 12.1 \" Display TFT HD \/ Induction SpO2, ECG, RESP, NIB, Pulse, TEMP Optional: IBP, EtCO2 Rechargeable Li-ion battery&gt; 2.5h Certification: ISO, FDA, CE","og_url":"https:\/\/eastmedical.vn\/?post_type=product&p=686","og_site_name":"C\u00d4NG TY TNHH TM DV Y T\u1ebe MI\u1ec0N \u0110\u00d4NG","og_image":[{"width":287,"height":240,"url":"https:\/\/eastmedical.vn\/wp-content\/uploads\/2018\/09\/mediblu_mm17_1.png","type":"image\/png"}],"twitter_card":"summary_large_image","twitter_misc":{"Est. reading time":"1 minute"},"schema":{"@context":"https:\/\/schema.org","@graph":[{"@type":"WebPage","@id":"https:\/\/eastmedical.vn\/?post_type=product&p=686","url":"https:\/\/eastmedical.vn\/?post_type=product&p=686","name":"Monitor monitors patients - C\u00d4NG TY TNHH TM DV Y T\u1ebe MI\u1ec0N \u0110\u00d4NG","isPartOf":{"@id":"https:\/\/eastmedical.vn\/#website"},"primaryImageOfPage":{"@id":"https:\/\/eastmedical.vn\/?post_type=product&p=686#primaryimage"},"image":{"@id":"https:\/\/eastmedical.vn\/?post_type=product&p=686#primaryimage"},"thumbnailUrl":"https:\/\/eastmedical.vn\/wp-content\/uploads\/2018\/09\/mediblu_mm17_1.png","datePublished":"2018-03-08T07:27:18+00:00","breadcrumb":{"@id":"https:\/\/eastmedical.vn\/?post_type=product&p=686#breadcrumb"},"inLanguage":"en-US","potentialAction":[{"@type":"ReadAction","target":["https:\/\/eastmedical.vn\/?post_type=product&p=686"]}]},{"@type":"ImageObject","inLanguage":"en-US","@id":"https:\/\/eastmedical.vn\/?post_type=product&p=686#primaryimage","url":"https:\/\/eastmedical.vn\/wp-content\/uploads\/2018\/09\/mediblu_mm17_1.png","contentUrl":"https:\/\/eastmedical.vn\/wp-content\/uploads\/2018\/09\/mediblu_mm17_1.png","width":287,"height":240},{"@type":"BreadcrumbList","@id":"https:\/\/eastmedical.vn\/?post_type=product&p=686#breadcrumb","itemListElement":[{"@type":"ListItem","position":1,"name":"Home","item":"https:\/\/eastmedical.vn\/en\/"},{"@type":"ListItem","position":2,"name":"Products","item":"https:\/\/eastmedical.vn\/en\/shop\/"},{"@type":"ListItem","position":3,"name":"Monitor monitors patients"}]},{"@type":"WebSite","@id":"https:\/\/eastmedical.vn\/#website","url":"https:\/\/eastmedical.vn\/","name":"C\u00d4NG TY TNHH TM DV Y T\u1ebe MI\u1ec0N \u0110\u00d4NG","description":"C\u00d4NG TY TNHH TM DV Y T\u1ebe MI\u1ec0N \u0110\u00d4NG","potentialAction":[{"@type":"SearchAction","target":{"@type":"EntryPoint","urlTemplate":"https:\/\/eastmedical.vn\/?s={search_term_string}"},"query-input":{"@type":"PropertyValueSpecification","valueRequired":true,"valueName":"search_term_string"}}],"inLanguage":"en-US"}]}},"_links":{"self":[{"href":"https:\/\/eastmedical.vn\/en\/wp-json\/wp\/v2\/product\/877","targetHints":{"allow":["GET"]}}],"collection":[{"href":"https:\/\/eastmedical.vn\/en\/wp-json\/wp\/v2\/product"}],"about":[{"href":"https:\/\/eastmedical.vn\/en\/wp-json\/wp\/v2\/types\/product"}],"replies":[{"embeddable":true,"href":"https:\/\/eastmedical.vn\/en\/wp-json\/wp\/v2\/comments?post=877"}],"wp:featuredmedia":[{"embeddable":true,"href":"https:\/\/eastmedical.vn\/en\/wp-json\/wp\/v2\/media\/1441"}],"wp:attachment":[{"href":"https:\/\/eastmedical.vn\/en\/wp-json\/wp\/v2\/media?parent=877"}],"wp:term":[{"taxonomy":"product_brand","embeddable":true,"href":"https:\/\/eastmedical.vn\/en\/wp-json\/wp\/v2\/product_brand?post=877"},{"taxonomy":"product_cat","embeddable":true,"href":"https:\/\/eastmedical.vn\/en\/wp-json\/wp\/v2\/product_cat?post=877"},{"taxonomy":"product_tag","embeddable":true,"href":"https:\/\/eastmedical.vn\/en\/wp-json\/wp\/v2\/product_tag?post=877"}],"curies":[{"name":"wp","href":"https:\/\/api.w.org\/{rel}","templated":true}]}}