{"id":879,"date":"2018-03-08T07:13:39","date_gmt":"2018-03-08T07:13:39","guid":{"rendered":"http:\/\/12014.lamdx.vinawebsite.vn\/shop\/patient-positioning-patient-operating-room\/"},"modified":"2018-03-08T07:13:39","modified_gmt":"2018-03-08T07:13:39","slug":"patient-positioning-patient-operating-room","status":"publish","type":"product","link":"https:\/\/eastmedical.vn\/en\/shop\/patient-positioning-patient-operating-room\/","title":{"rendered":"Patient positioning patient-operating room"},"content":{"rendered":"<p><span style=\"color: #3366ff;\"><strong>\u0110\u00c0N H\u1ed2I T\u1ed0T\/ KH\u00c1NG NHI\u1ec6T\/ C\u00c1CH \u0110I\u1ec6N &amp; \u0110\u1ed8 B\u1ec0N TUY\u1ec6T \u0110\u1ed0I<\/strong><\/span><br \/>\n<span style=\"color: #3366ff;\"><strong> C\u00d4NG NGH\u1ec6 GEL POLYURETHANE CH\u1ecaU \u00c1P L\u1ef0C CAO &amp; B\u1ea2O V\u1ec6 DA<\/strong><\/span><br \/>\n<span style=\"color: #3366ff;\"><strong> G\u1ed1i k\u00ea \u0111\u1ecbnh v\u1ecb GUY COOL l\u00e0 s\u1ea3n ph\u1ea9m c\u00f4ng ngh\u1ec7 Gel Polyurethane \u0111\u1ecbnh h\u00ecnh,<\/strong><\/span><br \/>\nD\u00f9ng c\u1ed1 \u0111\u1ecbnh v\u1ecb tr\u00ed v\u00e0 gi\u1ea3m \u00e1p l\u1ef1c t\u1ed5n th\u01b0\u01a1ng cho b\u1ec7nh nh\u00e2n trong ph\u00f2ng m\u1ed5.<a href=\"http:\/\/12014.lamdx.vinawebsite.vn\/?attachment_id=665#main\" rel=\"attachment wp-att-665\"><img loading=\"lazy\" decoding=\"async\" class=\"alignleft wp-image-665 size-medium\" src=\"http:\/\/12014.lamdx.vinawebsite.vn\/wp-content\/uploads\/2018\/03\/Cool12.png\" alt=\"\" width=\"743\" height=\"400\" srcset=\"https:\/\/eastmedical.vn\/wp-content\/uploads\/2018\/03\/Cool12.png 1009w, https:\/\/eastmedical.vn\/wp-content\/uploads\/2018\/03\/Cool12-743x400.png 743w, https:\/\/eastmedical.vn\/wp-content\/uploads\/2018\/03\/Cool12-768x413.png 768w, https:\/\/eastmedical.vn\/wp-content\/uploads\/2018\/03\/Cool12-56x30.png 56w, https:\/\/eastmedical.vn\/wp-content\/uploads\/2018\/03\/Cool12-600x323.png 600w\" sizes=\"auto, (max-width: 743px) 100vw, 743px\" \/><\/a><br \/>\nC\u1ea5u tr\u00fac b\u00f3ng x\u1ed1p nh\u1eb9, \u0111\u1ecbnh v\u1ecb ch\u1eafc ch\u1eafn gi\u00fap gi\u1ea3m tr\u1ecdng l\u01b0\u1ee3ng h\u01a1n 50% so v\u1edbi c\u00e1c g\u1ed1i Gel th\u00f4ng th\u01b0\u1eddng,<br \/>\nThay th\u1ebf ho\u00e0n to\u00e0n c\u00e1c lo\u1ea1i c\u00f4ng ngh\u1ec7 c\u0169 s\u1eed d\u1ee5ng v\u1eadt li\u1ec7u c\u1ee9ng g\u00e2y t\u1ed5n th\u01b0\u01a1ng.<br \/>\nD\u1ec5 d\u00e0ng thao t\u00e1c duy chuy\u1ec3n v\u00e0 thay th\u1ebf cho k\u1ef9 thu\u1eadt vi\u00ean, v\u1eadt li\u1ec7u s\u1eed d\u1ee5ng theo ti\u00eau chu\u1ea9n ch\u1ed1ng b\u00e1m khu\u1ea9n y t\u1ebf.<\/p>\n","protected":false},"excerpt":{"rendered":"<p>Made in: Korea<br \/>\nPill positioning patient<br \/>\nGYM POLYURETHANE TECHNOLOGY<br \/>\nHIGH PRESSURE AND PROTECTIVE LEATHER<br \/>\nGood Morning \/ Heat Resistance<br \/>\nHOW TO POWER AND SUSTAINABILITY<br \/>\n1 year standard warranty<\/p>\n","protected":false},"featured_media":668,"comment_status":"open","ping_status":"closed","template":"","meta":{"_acf_changed":false},"product_brand":[],"product_cat":[386,179],"product_tag":[],"class_list":{"0":"post-879","1":"product","2":"type-product","3":"status-publish","4":"has-post-thumbnail","6":"product_cat-phu-kien-vat-tu-tieu-hao-en","7":"product_cat-dao-cat-dot-dien-cao-tan","8":"yith_product_brand-korean","10":"first","11":"instock","12":"featured","13":"shipping-taxable","14":"product-type-simple"},"acf":[],"yoast_head":"<!-- This site is optimized with the Yoast SEO plugin v24.5 - https:\/\/yoast.com\/wordpress\/plugins\/seo\/ -->\n<title>Patient positioning patient-operating room - C\u00d4NG TY TNHH TM DV Y T\u1ebe MI\u1ec0N \u0110\u00d4NG<\/title>\n<meta name=\"robots\" content=\"index, follow, max-snippet:-1, max-image-preview:large, max-video-preview:-1\" \/>\n<link rel=\"canonical\" href=\"https:\/\/eastmedical.vn\/en\/shop\/patient-positioning-patient-operating-room\/\" \/>\n<meta property=\"og:locale\" content=\"en_US\" \/>\n<meta property=\"og:type\" content=\"article\" \/>\n<meta property=\"og:title\" content=\"Patient positioning patient-operating room - C\u00d4NG TY TNHH TM DV Y T\u1ebe MI\u1ec0N \u0110\u00d4NG\" \/>\n<meta property=\"og:description\" content=\"Made in: Korea Pill positioning patient GYM POLYURETHANE TECHNOLOGY HIGH PRESSURE AND PROTECTIVE LEATHER Good Morning \/ Heat Resistance HOW TO POWER AND SUSTAINABILITY 1 year standard warranty\" \/>\n<meta property=\"og:url\" content=\"https:\/\/eastmedical.vn\/en\/shop\/patient-positioning-patient-operating-room\/\" \/>\n<meta property=\"og:site_name\" content=\"C\u00d4NG TY TNHH TM DV Y T\u1ebe MI\u1ec0N \u0110\u00d4NG\" \/>\n<meta property=\"og:image\" content=\"https:\/\/eastmedical.vn\/wp-content\/uploads\/2018\/03\/Cool2-1.png\" \/>\n\t<meta property=\"og:image:width\" content=\"320\" \/>\n\t<meta property=\"og:image:height\" content=\"238\" \/>\n\t<meta property=\"og:image:type\" content=\"image\/png\" \/>\n<meta name=\"twitter:card\" content=\"summary_large_image\" \/>\n<meta name=\"twitter:label1\" content=\"Est. reading time\" \/>\n\t<meta name=\"twitter:data1\" content=\"1 minute\" \/>\n<script type=\"application\/ld+json\" class=\"yoast-schema-graph\">{\"@context\":\"https:\/\/schema.org\",\"@graph\":[{\"@type\":\"WebPage\",\"@id\":\"https:\/\/eastmedical.vn\/en\/shop\/patient-positioning-patient-operating-room\/\",\"url\":\"https:\/\/eastmedical.vn\/en\/shop\/patient-positioning-patient-operating-room\/\",\"name\":\"Patient positioning patient-operating room - C\u00d4NG TY TNHH TM DV Y T\u1ebe MI\u1ec0N \u0110\u00d4NG\",\"isPartOf\":{\"@id\":\"https:\/\/eastmedical.vn\/#website\"},\"primaryImageOfPage\":{\"@id\":\"https:\/\/eastmedical.vn\/en\/shop\/patient-positioning-patient-operating-room\/#primaryimage\"},\"image\":{\"@id\":\"https:\/\/eastmedical.vn\/en\/shop\/patient-positioning-patient-operating-room\/#primaryimage\"},\"thumbnailUrl\":\"https:\/\/eastmedical.vn\/wp-content\/uploads\/2018\/03\/Cool2-1.png\",\"datePublished\":\"2018-03-08T07:13:39+00:00\",\"breadcrumb\":{\"@id\":\"https:\/\/eastmedical.vn\/en\/shop\/patient-positioning-patient-operating-room\/#breadcrumb\"},\"inLanguage\":\"en-US\",\"potentialAction\":[{\"@type\":\"ReadAction\",\"target\":[\"https:\/\/eastmedical.vn\/en\/shop\/patient-positioning-patient-operating-room\/\"]}]},{\"@type\":\"ImageObject\",\"inLanguage\":\"en-US\",\"@id\":\"https:\/\/eastmedical.vn\/en\/shop\/patient-positioning-patient-operating-room\/#primaryimage\",\"url\":\"https:\/\/eastmedical.vn\/wp-content\/uploads\/2018\/03\/Cool2-1.png\",\"contentUrl\":\"https:\/\/eastmedical.vn\/wp-content\/uploads\/2018\/03\/Cool2-1.png\",\"width\":320,\"height\":238,\"caption\":\"Cool2-1\"},{\"@type\":\"BreadcrumbList\",\"@id\":\"https:\/\/eastmedical.vn\/en\/shop\/patient-positioning-patient-operating-room\/#breadcrumb\",\"itemListElement\":[{\"@type\":\"ListItem\",\"position\":1,\"name\":\"Home\",\"item\":\"https:\/\/eastmedical.vn\/en\/\"},{\"@type\":\"ListItem\",\"position\":2,\"name\":\"Products\",\"item\":\"https:\/\/eastmedical.vn\/en\/shop\/\"},{\"@type\":\"ListItem\",\"position\":3,\"name\":\"Patient positioning patient-operating room\"}]},{\"@type\":\"WebSite\",\"@id\":\"https:\/\/eastmedical.vn\/#website\",\"url\":\"https:\/\/eastmedical.vn\/\",\"name\":\"C\u00d4NG TY TNHH TM DV Y T\u1ebe MI\u1ec0N \u0110\u00d4NG\",\"description\":\"C\u00d4NG TY TNHH TM DV Y T\u1ebe MI\u1ec0N \u0110\u00d4NG\",\"potentialAction\":[{\"@type\":\"SearchAction\",\"target\":{\"@type\":\"EntryPoint\",\"urlTemplate\":\"https:\/\/eastmedical.vn\/?s={search_term_string}\"},\"query-input\":{\"@type\":\"PropertyValueSpecification\",\"valueRequired\":true,\"valueName\":\"search_term_string\"}}],\"inLanguage\":\"en-US\"}]}<\/script>\n<!-- \/ Yoast SEO plugin. -->","yoast_head_json":{"title":"Patient positioning patient-operating room - C\u00d4NG TY TNHH TM DV Y T\u1ebe MI\u1ec0N \u0110\u00d4NG","robots":{"index":"index","follow":"follow","max-snippet":"max-snippet:-1","max-image-preview":"max-image-preview:large","max-video-preview":"max-video-preview:-1"},"canonical":"https:\/\/eastmedical.vn\/en\/shop\/patient-positioning-patient-operating-room\/","og_locale":"en_US","og_type":"article","og_title":"Patient positioning patient-operating room - C\u00d4NG TY TNHH TM DV Y T\u1ebe MI\u1ec0N \u0110\u00d4NG","og_description":"Made in: Korea Pill positioning patient GYM POLYURETHANE TECHNOLOGY HIGH PRESSURE AND PROTECTIVE LEATHER Good Morning \/ Heat Resistance HOW TO POWER AND SUSTAINABILITY 1 year standard warranty","og_url":"https:\/\/eastmedical.vn\/en\/shop\/patient-positioning-patient-operating-room\/","og_site_name":"C\u00d4NG TY TNHH TM DV Y T\u1ebe MI\u1ec0N \u0110\u00d4NG","og_image":[{"width":320,"height":238,"url":"https:\/\/eastmedical.vn\/wp-content\/uploads\/2018\/03\/Cool2-1.png","type":"image\/png"}],"twitter_card":"summary_large_image","twitter_misc":{"Est. reading time":"1 minute"},"schema":{"@context":"https:\/\/schema.org","@graph":[{"@type":"WebPage","@id":"https:\/\/eastmedical.vn\/en\/shop\/patient-positioning-patient-operating-room\/","url":"https:\/\/eastmedical.vn\/en\/shop\/patient-positioning-patient-operating-room\/","name":"Patient positioning patient-operating room - C\u00d4NG TY TNHH TM DV Y T\u1ebe MI\u1ec0N \u0110\u00d4NG","isPartOf":{"@id":"https:\/\/eastmedical.vn\/#website"},"primaryImageOfPage":{"@id":"https:\/\/eastmedical.vn\/en\/shop\/patient-positioning-patient-operating-room\/#primaryimage"},"image":{"@id":"https:\/\/eastmedical.vn\/en\/shop\/patient-positioning-patient-operating-room\/#primaryimage"},"thumbnailUrl":"https:\/\/eastmedical.vn\/wp-content\/uploads\/2018\/03\/Cool2-1.png","datePublished":"2018-03-08T07:13:39+00:00","breadcrumb":{"@id":"https:\/\/eastmedical.vn\/en\/shop\/patient-positioning-patient-operating-room\/#breadcrumb"},"inLanguage":"en-US","potentialAction":[{"@type":"ReadAction","target":["https:\/\/eastmedical.vn\/en\/shop\/patient-positioning-patient-operating-room\/"]}]},{"@type":"ImageObject","inLanguage":"en-US","@id":"https:\/\/eastmedical.vn\/en\/shop\/patient-positioning-patient-operating-room\/#primaryimage","url":"https:\/\/eastmedical.vn\/wp-content\/uploads\/2018\/03\/Cool2-1.png","contentUrl":"https:\/\/eastmedical.vn\/wp-content\/uploads\/2018\/03\/Cool2-1.png","width":320,"height":238,"caption":"Cool2-1"},{"@type":"BreadcrumbList","@id":"https:\/\/eastmedical.vn\/en\/shop\/patient-positioning-patient-operating-room\/#breadcrumb","itemListElement":[{"@type":"ListItem","position":1,"name":"Home","item":"https:\/\/eastmedical.vn\/en\/"},{"@type":"ListItem","position":2,"name":"Products","item":"https:\/\/eastmedical.vn\/en\/shop\/"},{"@type":"ListItem","position":3,"name":"Patient positioning patient-operating room"}]},{"@type":"WebSite","@id":"https:\/\/eastmedical.vn\/#website","url":"https:\/\/eastmedical.vn\/","name":"C\u00d4NG TY TNHH TM DV Y T\u1ebe MI\u1ec0N \u0110\u00d4NG","description":"C\u00d4NG TY TNHH TM DV Y T\u1ebe MI\u1ec0N \u0110\u00d4NG","potentialAction":[{"@type":"SearchAction","target":{"@type":"EntryPoint","urlTemplate":"https:\/\/eastmedical.vn\/?s={search_term_string}"},"query-input":{"@type":"PropertyValueSpecification","valueRequired":true,"valueName":"search_term_string"}}],"inLanguage":"en-US"}]}},"_links":{"self":[{"href":"https:\/\/eastmedical.vn\/en\/wp-json\/wp\/v2\/product\/879","targetHints":{"allow":["GET"]}}],"collection":[{"href":"https:\/\/eastmedical.vn\/en\/wp-json\/wp\/v2\/product"}],"about":[{"href":"https:\/\/eastmedical.vn\/en\/wp-json\/wp\/v2\/types\/product"}],"replies":[{"embeddable":true,"href":"https:\/\/eastmedical.vn\/en\/wp-json\/wp\/v2\/comments?post=879"}],"wp:featuredmedia":[{"embeddable":true,"href":"https:\/\/eastmedical.vn\/en\/wp-json\/wp\/v2\/media\/668"}],"wp:attachment":[{"href":"https:\/\/eastmedical.vn\/en\/wp-json\/wp\/v2\/media?parent=879"}],"wp:term":[{"taxonomy":"product_brand","embeddable":true,"href":"https:\/\/eastmedical.vn\/en\/wp-json\/wp\/v2\/product_brand?post=879"},{"taxonomy":"product_cat","embeddable":true,"href":"https:\/\/eastmedical.vn\/en\/wp-json\/wp\/v2\/product_cat?post=879"},{"taxonomy":"product_tag","embeddable":true,"href":"https:\/\/eastmedical.vn\/en\/wp-json\/wp\/v2\/product_tag?post=879"}],"curies":[{"name":"wp","href":"https:\/\/api.w.org\/{rel}","templated":true}]}}