{"id":880,"date":"2018-03-08T07:08:16","date_gmt":"2018-03-08T07:08:16","guid":{"rendered":"http:\/\/12014.lamdx.vinawebsite.vn\/shop\/surgical-table-accessories-multiple-connections\/"},"modified":"2024-03-24T15:58:17","modified_gmt":"2024-03-24T15:58:17","slug":"surgical-table-accessories-multiple-connections","status":"publish","type":"product","link":"https:\/\/eastmedical.vn\/en\/shop\/surgical-table-accessories-multiple-connections\/","title":{"rendered":"Surgical table accessories &#8211; multiple connections"},"content":{"rendered":"<p><strong>\u0110\u1eb7c \u0111i\u1ec3m ch\u1ee9c n\u0103ng:<\/strong><\/p>\n<p>Thi\u1ebft k\u1ebf khoa h\u1ecdc t\u0103ng t\u00ednh linh ho\u1ea1t \u0111\u1ec3 \u0111\u00e1p \u1ee9ng c\u00e1c y\u00eau c\u1ea7u ph\u1eabu thu\u1eadt kh\u00e1c nhau.<br \/>\n\u0110\u00e1p \u1ee9ng cho t\u1ea5t c\u1ea3 c\u00e1c m\u1eabu b\u00e0n ph\u1eabu thu\u1eadt d\u00f9ng cho c\u00e1c chuy\u00ean khoa kh\u00e1c nhau<br \/>\nV\u1eadt li\u1ec7u th\u00e9p kh\u00f4ng g\u1ec9, v\u1ecf b\u1ecdc h\u1ea1n ch\u1ebf b\u00e1m khu\u1ea9n v\u00e0 b\u1ec1n b\u1ec9<br \/>\nB\u1ec1 m\u1eb7t k\u1ebft h\u1ee3p foalm m\u1ec1m m\u1ea1i, ph\u00e2n t\u00e1m l\u1ef1c \u0111\u00e8<br \/>\nKh\u1edbp n\u1ed1i ch\u00ednh x\u00e1c, ch\u1eafc ch\u1eafn<\/p>\n","protected":false},"excerpt":{"rendered":"<p>Made in: Korea<br \/>\nMultifunctional desk accessories<br \/>\nC-Arm shooting support<br \/>\nUsed for all surgical tables<br \/>\nPositioning for the type of surgery<br \/>\n3 year standard warranty<\/p>\n","protected":false},"featured_media":657,"comment_status":"open","ping_status":"closed","template":"","meta":{"_acf_changed":false},"product_brand":[],"product_cat":[386,179],"product_tag":[],"class_list":{"0":"post-880","1":"product","2":"type-product","3":"status-publish","4":"has-post-thumbnail","6":"product_cat-phu-kien-vat-tu-tieu-hao-en","7":"product_cat-dao-cat-dot-dien-cao-tan","8":"yith_product_brand-korean","10":"first","11":"instock","12":"featured","13":"shipping-taxable","14":"product-type-simple"},"acf":[],"yoast_head":"<!-- This site is optimized with the Yoast SEO plugin v24.5 - https:\/\/yoast.com\/wordpress\/plugins\/seo\/ -->\n<title>Surgical table accessories - multiple connections - C\u00d4NG TY TNHH TM DV Y T\u1ebe MI\u1ec0N \u0110\u00d4NG<\/title>\n<meta name=\"robots\" content=\"index, follow, max-snippet:-1, max-image-preview:large, max-video-preview:-1\" \/>\n<link rel=\"canonical\" href=\"https:\/\/eastmedical.vn\/shop\/phu-kien-ban-phau-thuat-da-ket-noi\/\" \/>\n<meta property=\"og:locale\" content=\"en_US\" \/>\n<meta property=\"og:type\" content=\"article\" \/>\n<meta property=\"og:title\" content=\"Surgical table accessories - multiple connections - C\u00d4NG TY TNHH TM DV Y T\u1ebe MI\u1ec0N \u0110\u00d4NG\" \/>\n<meta property=\"og:description\" content=\"Made in: Korea Multifunctional desk accessories C-Arm shooting support Used for all surgical tables Positioning for the type of surgery 3 year standard warranty\" \/>\n<meta property=\"og:url\" content=\"https:\/\/eastmedical.vn\/shop\/phu-kien-ban-phau-thuat-da-ket-noi\/\" \/>\n<meta property=\"og:site_name\" content=\"C\u00d4NG TY TNHH TM DV Y T\u1ebe MI\u1ec0N \u0110\u00d4NG\" \/>\n<meta property=\"article:modified_time\" content=\"2024-03-24T15:58:17+00:00\" \/>\n<meta property=\"og:image\" content=\"https:\/\/eastmedical.vn\/wp-content\/uploads\/2018\/03\/27.png\" \/>\n\t<meta property=\"og:image:width\" content=\"448\" \/>\n\t<meta property=\"og:image:height\" content=\"350\" \/>\n\t<meta property=\"og:image:type\" content=\"image\/png\" \/>\n<meta name=\"twitter:card\" content=\"summary_large_image\" \/>\n<meta name=\"twitter:label1\" content=\"Est. reading time\" \/>\n\t<meta name=\"twitter:data1\" content=\"1 minute\" \/>\n<script type=\"application\/ld+json\" class=\"yoast-schema-graph\">{\"@context\":\"https:\/\/schema.org\",\"@graph\":[{\"@type\":\"WebPage\",\"@id\":\"https:\/\/eastmedical.vn\/shop\/phu-kien-ban-phau-thuat-da-ket-noi\/\",\"url\":\"https:\/\/eastmedical.vn\/shop\/phu-kien-ban-phau-thuat-da-ket-noi\/\",\"name\":\"Surgical table accessories - multiple connections - C\u00d4NG TY TNHH TM DV Y T\u1ebe MI\u1ec0N \u0110\u00d4NG\",\"isPartOf\":{\"@id\":\"https:\/\/eastmedical.vn\/#website\"},\"primaryImageOfPage\":{\"@id\":\"https:\/\/eastmedical.vn\/shop\/phu-kien-ban-phau-thuat-da-ket-noi\/#primaryimage\"},\"image\":{\"@id\":\"https:\/\/eastmedical.vn\/shop\/phu-kien-ban-phau-thuat-da-ket-noi\/#primaryimage\"},\"thumbnailUrl\":\"https:\/\/eastmedical.vn\/wp-content\/uploads\/2018\/03\/27.png\",\"datePublished\":\"2018-03-08T07:08:16+00:00\",\"dateModified\":\"2024-03-24T15:58:17+00:00\",\"breadcrumb\":{\"@id\":\"https:\/\/eastmedical.vn\/shop\/phu-kien-ban-phau-thuat-da-ket-noi\/#breadcrumb\"},\"inLanguage\":\"en-US\",\"potentialAction\":[{\"@type\":\"ReadAction\",\"target\":[\"https:\/\/eastmedical.vn\/shop\/phu-kien-ban-phau-thuat-da-ket-noi\/\"]}]},{\"@type\":\"ImageObject\",\"inLanguage\":\"en-US\",\"@id\":\"https:\/\/eastmedical.vn\/shop\/phu-kien-ban-phau-thuat-da-ket-noi\/#primaryimage\",\"url\":\"https:\/\/eastmedical.vn\/wp-content\/uploads\/2018\/03\/27.png\",\"contentUrl\":\"https:\/\/eastmedical.vn\/wp-content\/uploads\/2018\/03\/27.png\",\"width\":448,\"height\":350,\"caption\":\"27\"},{\"@type\":\"BreadcrumbList\",\"@id\":\"https:\/\/eastmedical.vn\/shop\/phu-kien-ban-phau-thuat-da-ket-noi\/#breadcrumb\",\"itemListElement\":[{\"@type\":\"ListItem\",\"position\":1,\"name\":\"Home\",\"item\":\"https:\/\/eastmedical.vn\/en\/\"},{\"@type\":\"ListItem\",\"position\":2,\"name\":\"Products\",\"item\":\"https:\/\/eastmedical.vn\/en\/shop\/\"},{\"@type\":\"ListItem\",\"position\":3,\"name\":\"Surgical table accessories &#8211; multiple connections\"}]},{\"@type\":\"WebSite\",\"@id\":\"https:\/\/eastmedical.vn\/#website\",\"url\":\"https:\/\/eastmedical.vn\/\",\"name\":\"C\u00d4NG TY TNHH TM DV Y T\u1ebe MI\u1ec0N \u0110\u00d4NG\",\"description\":\"C\u00d4NG TY TNHH TM DV Y T\u1ebe MI\u1ec0N \u0110\u00d4NG\",\"potentialAction\":[{\"@type\":\"SearchAction\",\"target\":{\"@type\":\"EntryPoint\",\"urlTemplate\":\"https:\/\/eastmedical.vn\/?s={search_term_string}\"},\"query-input\":{\"@type\":\"PropertyValueSpecification\",\"valueRequired\":true,\"valueName\":\"search_term_string\"}}],\"inLanguage\":\"en-US\"}]}<\/script>\n<!-- \/ Yoast SEO plugin. -->","yoast_head_json":{"title":"Surgical table accessories - multiple connections - C\u00d4NG TY TNHH TM DV Y T\u1ebe MI\u1ec0N \u0110\u00d4NG","robots":{"index":"index","follow":"follow","max-snippet":"max-snippet:-1","max-image-preview":"max-image-preview:large","max-video-preview":"max-video-preview:-1"},"canonical":"https:\/\/eastmedical.vn\/shop\/phu-kien-ban-phau-thuat-da-ket-noi\/","og_locale":"en_US","og_type":"article","og_title":"Surgical table accessories - multiple connections - C\u00d4NG TY TNHH TM DV Y T\u1ebe MI\u1ec0N \u0110\u00d4NG","og_description":"Made in: Korea Multifunctional desk accessories C-Arm shooting support Used for all surgical tables Positioning for the type of surgery 3 year standard warranty","og_url":"https:\/\/eastmedical.vn\/shop\/phu-kien-ban-phau-thuat-da-ket-noi\/","og_site_name":"C\u00d4NG TY TNHH TM DV Y T\u1ebe MI\u1ec0N \u0110\u00d4NG","article_modified_time":"2024-03-24T15:58:17+00:00","og_image":[{"width":448,"height":350,"url":"https:\/\/eastmedical.vn\/wp-content\/uploads\/2018\/03\/27.png","type":"image\/png"}],"twitter_card":"summary_large_image","twitter_misc":{"Est. reading time":"1 minute"},"schema":{"@context":"https:\/\/schema.org","@graph":[{"@type":"WebPage","@id":"https:\/\/eastmedical.vn\/shop\/phu-kien-ban-phau-thuat-da-ket-noi\/","url":"https:\/\/eastmedical.vn\/shop\/phu-kien-ban-phau-thuat-da-ket-noi\/","name":"Surgical table accessories - multiple connections - C\u00d4NG TY TNHH TM DV Y T\u1ebe MI\u1ec0N \u0110\u00d4NG","isPartOf":{"@id":"https:\/\/eastmedical.vn\/#website"},"primaryImageOfPage":{"@id":"https:\/\/eastmedical.vn\/shop\/phu-kien-ban-phau-thuat-da-ket-noi\/#primaryimage"},"image":{"@id":"https:\/\/eastmedical.vn\/shop\/phu-kien-ban-phau-thuat-da-ket-noi\/#primaryimage"},"thumbnailUrl":"https:\/\/eastmedical.vn\/wp-content\/uploads\/2018\/03\/27.png","datePublished":"2018-03-08T07:08:16+00:00","dateModified":"2024-03-24T15:58:17+00:00","breadcrumb":{"@id":"https:\/\/eastmedical.vn\/shop\/phu-kien-ban-phau-thuat-da-ket-noi\/#breadcrumb"},"inLanguage":"en-US","potentialAction":[{"@type":"ReadAction","target":["https:\/\/eastmedical.vn\/shop\/phu-kien-ban-phau-thuat-da-ket-noi\/"]}]},{"@type":"ImageObject","inLanguage":"en-US","@id":"https:\/\/eastmedical.vn\/shop\/phu-kien-ban-phau-thuat-da-ket-noi\/#primaryimage","url":"https:\/\/eastmedical.vn\/wp-content\/uploads\/2018\/03\/27.png","contentUrl":"https:\/\/eastmedical.vn\/wp-content\/uploads\/2018\/03\/27.png","width":448,"height":350,"caption":"27"},{"@type":"BreadcrumbList","@id":"https:\/\/eastmedical.vn\/shop\/phu-kien-ban-phau-thuat-da-ket-noi\/#breadcrumb","itemListElement":[{"@type":"ListItem","position":1,"name":"Home","item":"https:\/\/eastmedical.vn\/en\/"},{"@type":"ListItem","position":2,"name":"Products","item":"https:\/\/eastmedical.vn\/en\/shop\/"},{"@type":"ListItem","position":3,"name":"Surgical table accessories &#8211; multiple connections"}]},{"@type":"WebSite","@id":"https:\/\/eastmedical.vn\/#website","url":"https:\/\/eastmedical.vn\/","name":"C\u00d4NG TY TNHH TM DV Y T\u1ebe MI\u1ec0N \u0110\u00d4NG","description":"C\u00d4NG TY TNHH TM DV Y T\u1ebe MI\u1ec0N \u0110\u00d4NG","potentialAction":[{"@type":"SearchAction","target":{"@type":"EntryPoint","urlTemplate":"https:\/\/eastmedical.vn\/?s={search_term_string}"},"query-input":{"@type":"PropertyValueSpecification","valueRequired":true,"valueName":"search_term_string"}}],"inLanguage":"en-US"}]}},"_links":{"self":[{"href":"https:\/\/eastmedical.vn\/en\/wp-json\/wp\/v2\/product\/880","targetHints":{"allow":["GET"]}}],"collection":[{"href":"https:\/\/eastmedical.vn\/en\/wp-json\/wp\/v2\/product"}],"about":[{"href":"https:\/\/eastmedical.vn\/en\/wp-json\/wp\/v2\/types\/product"}],"replies":[{"embeddable":true,"href":"https:\/\/eastmedical.vn\/en\/wp-json\/wp\/v2\/comments?post=880"}],"wp:featuredmedia":[{"embeddable":true,"href":"https:\/\/eastmedical.vn\/en\/wp-json\/wp\/v2\/media\/657"}],"wp:attachment":[{"href":"https:\/\/eastmedical.vn\/en\/wp-json\/wp\/v2\/media?parent=880"}],"wp:term":[{"taxonomy":"product_brand","embeddable":true,"href":"https:\/\/eastmedical.vn\/en\/wp-json\/wp\/v2\/product_brand?post=880"},{"taxonomy":"product_cat","embeddable":true,"href":"https:\/\/eastmedical.vn\/en\/wp-json\/wp\/v2\/product_cat?post=880"},{"taxonomy":"product_tag","embeddable":true,"href":"https:\/\/eastmedical.vn\/en\/wp-json\/wp\/v2\/product_tag?post=880"}],"curies":[{"name":"wp","href":"https:\/\/api.w.org\/{rel}","templated":true}]}}