{"id":882,"date":"2018-03-08T06:51:56","date_gmt":"2018-03-08T06:51:56","guid":{"rendered":"http:\/\/12014.lamdx.vinawebsite.vn\/shop\/may-truyen-dich-tu-dong-p100\/"},"modified":"2018-03-08T06:51:56","modified_gmt":"2018-03-08T06:51:56","slug":"may-truyen-dich-tu-dong-p100","status":"publish","type":"product","link":"https:\/\/eastmedical.vn\/en\/shop\/may-truyen-dich-tu-dong-p100\/","title":{"rendered":"M\u00e1y truy\u1ec1n d\u1ecbch t\u1ef1 \u0111\u1ed9ng P100"},"content":{"rendered":"<table style=\"height: 200px; width: 629px; border-color: #403737;\" cellspacing=\"0\" cellpadding=\"0\">\n<tbody>\n<tr style=\"height: 20.7812px;\">\n<td style=\"width: 461px; height: 20.7812px;\"><span style=\"font-size: 100%; color: #3366ff;\">\u00a0<em><strong>B\u1ea3ng ph\u00e2n so s\u00e1nh c\u1ea5u h\u00ecnh<\/strong><\/em><\/span><\/td>\n<td style=\"width: 51px; height: 20.7812px; text-align: center;\"><span style=\"font-size: 100%; color: #3366ff;\">\u00a0P100<\/span><\/td>\n<td style=\"width: 54px; height: 20.7812px; text-align: center;\"><span style=\"font-size: 100%; color: #3366ff;\">\u00a0P200<\/span><\/td>\n<td style=\"width: 55px; height: 20.7812px; text-align: center;\"><span style=\"font-size: 100%; color: #3366ff;\">\u00a0P300<\/span><\/td>\n<\/tr>\n<tr style=\"height: 21px;\">\n<td style=\"width: 461px; height: 21px;\"><span style=\"font-size: 100%; color: #3366ff;\">Truy\u1ec1n t\u1ef1 \u0111\u1ed9ng theo th\u1ec3 t\u00edch, th\u1eddi gian (ml\/h)<\/span><\/td>\n<td style=\"width: 51px; height: 21px; text-align: center;\"><span style=\"font-size: 100%; color: #3366ff;\">\u00a0\u2713<\/span><\/td>\n<td style=\"width: 54px; height: 21px; text-align: center;\"><span style=\"font-size: 100%; color: #3366ff;\">\u00a0\u2713<\/span><\/td>\n<td style=\"width: 55px; height: 21px; text-align: center;\"><span style=\"font-size: 100%; color: #3366ff;\">\u00a0\u2713<\/span><\/td>\n<\/tr>\n<tr style=\"height: 21px;\">\n<td style=\"width: 461px; height: 21px;\"><span style=\"font-size: 100%; color: #3366ff;\">Continuous (Truy\u1ec1n li\u00ean t\u1ee5c kh\u00f4ng gi\u00e1n \u0111o\u1ea1n khi thay \u0111\u1ed5i thi\u1ebft l\u1eadp)<\/span><\/td>\n<td style=\"width: 51px; height: 21px; text-align: center;\"><span style=\"font-size: 100%; color: #3366ff;\">\u00a0\u2713<\/span><\/td>\n<td style=\"width: 54px; height: 21px; text-align: center;\"><span style=\"font-size: 100%; color: #3366ff;\">\u00a0\u2713<\/span><\/td>\n<td style=\"width: 55px; height: 21px; text-align: center;\"><span style=\"font-size: 100%; color: #3366ff;\">\u00a0\u2713<\/span><\/td>\n<\/tr>\n<tr style=\"height: 21px;\">\n<td style=\"width: 461px; height: 21px;\"><span style=\"font-size: 100%; color: #3366ff;\">T\u1ef1 \u0111\u1ed9ng nh\u1eadn v\u00e0 kh\u1edfi truy\u1ec1n nhanh ch\u00f3ng<\/span><\/td>\n<td style=\"width: 51px; height: 21px; text-align: center;\"><span style=\"font-size: 100%; color: #3366ff;\">\u00a0\u2713<\/span><\/td>\n<td style=\"width: 54px; height: 21px; text-align: center;\"><span style=\"font-size: 100%; color: #3366ff;\">\u00a0\u2713<\/span><\/td>\n<td style=\"width: 55px; height: 21px; text-align: center;\"><span style=\"font-size: 100%; color: #3366ff;\">\u00a0\u2713<\/span><\/td>\n<\/tr>\n<tr style=\"height: 42px;\">\n<td style=\"width: 461px; height: 42px;\"><span style=\"font-size: 100%; color: #3366ff;\">Ch\u1ebf \u0111\u1ed9 ho\u1ea1t \u0111\u1ed9ng : li\u00ean t\u1ee5c v\u00e0 ng\u1eaft qu\u00e3ng theo c\u00e0i \u0111\u1eb7t, profile, TPN( truy\u1ec1n dinh d\u01b0\u1ee1ng) ,EN.<\/span><\/td>\n<td style=\"width: 51px; height: 42px; text-align: center;\"><span style=\"font-size: 100%; color: #3366ff;\">\u00a0<\/span><\/td>\n<td style=\"width: 54px; height: 42px; text-align: center;\"><span style=\"font-size: 100%; color: #3366ff;\">\u00a0\u2713<\/span><\/td>\n<td style=\"width: 55px; height: 42px; text-align: center;\"><span style=\"font-size: 100%; color: #3366ff;\">\u00a0\u2713<\/span><\/td>\n<\/tr>\n<tr style=\"height: 21px;\">\n<td style=\"width: 461px; height: 21px;\"><span style=\"font-size: 100%; color: #3366ff;\">Dose mode (ml\/h, mg\/kg\/h, mg\/kg\/min, \u00b5g\/kg\/h, \u00b5g\/kg\/min\u2026)<\/span><\/td>\n<td style=\"width: 51px; height: 21px; text-align: center;\"><span style=\"font-size: 100%; color: #3366ff;\">\u00a0<\/span><\/td>\n<td style=\"width: 54px; height: 21px; text-align: center;\"><span style=\"font-size: 100%; color: #3366ff;\">\u00a0\u2713<\/span><\/td>\n<td style=\"width: 55px; height: 21px; text-align: center;\"><span style=\"font-size: 100%; color: #3366ff;\">\u00a0\u2713<\/span><\/td>\n<\/tr>\n<tr style=\"height: 42px;\">\n<td style=\"width: 461px; height: 42px;\"><span style=\"font-size: 100%; color: #3366ff;\">Drug Library : 5000 danh m\u1ee5c thu\u1ed1c, 40 nh\u00f3m ,40 khoa CCA. Gi\u1edbi h\u1ea1n c\u00e0i \u0111\u1eb7t b\u01a1m truy\u1ec1n b\u1eb1ng ph\u1ea7n m\u1ec1m v\u00e0 ph\u1ea7n c\u1ee9ng (Soft &amp; Hard)<\/span><\/td>\n<td style=\"width: 51px; height: 42px; text-align: center;\"><span style=\"font-size: 100%; color: #3366ff;\">\u00a0<\/span><\/td>\n<td style=\"width: 54px; height: 42px; text-align: center;\"><span style=\"font-size: 100%; color: #3366ff;\">\u00a0<\/span><\/td>\n<td style=\"width: 55px; height: 42px; text-align: center;\"><span style=\"font-size: 100%; color: #3366ff;\">\u00a0\u2713<\/span><\/td>\n<\/tr>\n<tr style=\"height: 21px;\">\n<td style=\"width: 461px; height: 21px;\"><span style=\"font-size: 100%; color: #3366ff;\">\u00a0Ch\u1ebf \u0111\u1ed9 ki\u1ec3m so\u00e1t gi\u1ea3m \u0111au PCA\/PCEA (S300PCA\/PCEA)<\/span><\/td>\n<td style=\"width: 51px; height: 21px; text-align: center;\"><span style=\"font-size: 100%; color: #3366ff;\">\u00a0<\/span><\/td>\n<td style=\"width: 54px; height: 21px; text-align: center;\"><span style=\"font-size: 100%; color: #3366ff;\">\u00a0<\/span><\/td>\n<td style=\"width: 55px; height: 21px; text-align: center;\"><span style=\"font-size: 100%; color: #3366ff;\">\u00a0\u2713<\/span><\/td>\n<\/tr>\n<tr style=\"height: 21px;\">\n<td style=\"width: 461px; height: 21px;\"><span style=\"font-size: 100%; color: #3366ff;\">\u00a0G\u00e2y m\u00ea t\u0129nh m\u1ea1ch TCI\/ TIVA (S300TCI\/TIVA)<\/span><\/td>\n<td style=\"width: 51px; height: 21px; text-align: center;\"><span style=\"font-size: 100%; color: #3366ff;\">\u00a0<\/span><\/td>\n<td style=\"width: 54px; height: 21px; text-align: center;\"><span style=\"font-size: 100%; color: #3366ff;\">\u00a0<\/span><\/td>\n<td style=\"width: 55px; height: 21px; text-align: center;\"><span style=\"font-size: 100%; color: #3366ff;\">\u00a0\u2713<\/span><\/td>\n<\/tr>\n<\/tbody>\n<\/table>\n<p><strong>T\u00ednh n\u0103ng c\u00f4ng ngh\u1ec7:<\/strong><\/p>\n<p><em><strong>M\u00e0n h\u00ecnh c\u1ea3m \u1ee9ng<\/strong><\/em> l\u1edbn, \u0111\u1ed9 ph\u00e2n gi\u1ea3i cao gi\u00fap quan s\u00e1t tr\u1ef1c quan, m\u1edf r\u1ed9ng g\u00f3c nh\u00ecn.<br \/>\n<strong><em>Giao di\u1ec7n s\u1eed d\u1ee5ng<\/em><\/strong> k\u1ebft h\u1ee3p gi\u1eefa m\u00e0n h\u00ecnh c\u1ea3m \u1ee9ng ch\u1ea1m v\u00e0 b\u00e0n ph\u00edm c\u1ee9ng nh\u01b0 tr\u00ean \u0110i\u1ec7n Tho\u1ea1i gi\u00fap t\u1ea1o ra gi\u1ea3i ph\u00e1p s\u1eed d\u1ee5ng ti\u1ec7n d\u1ee5ng v\u00e0 th\u00f4ng minh n\u1ed5i b\u1eadt.<br \/>\nM\u1ecdi gi\u00e1 tr\u1ecb tham s\u1ed1 c\u00e0i \u0111\u1eb7t v\u00e0 theo d\u00f5i c\u00f3 th\u1ec3 \u0111i\u1ec1u ch\u1ec9nh tr\u1ef1c ti\u1ebfp b\u1edfi 1 thao t\u00e1c ch\u1ea1m tr\u00ean m\u00e0n h\u00ecnh ch\u00ednh.<br \/>\n<em><strong>12 m\u1ee9c \u0111\u1ed9 \u00e1p l\u1ef1c t\u1eafc ngh\u1ebdn<\/strong><\/em>. C\u00f3 th\u1ec3 \u0111i\u1ec1u ch\u1ec9nh m\u1ee9c \u00e1p su\u1ea5t m\u00e0 kh\u00f4ng b\u1ecb gi\u00e1n \u0111o\u1ea1n truy\u1ec1n. Thu\u1eadt to\u00e1n tr\u00e1nh t\u1eafc th\u00f4ng minh. Hi\u1ec3n th\u1ecb \u00e1p su\u1ea5t hi\u1ec3n th\u1ecb li\u00ean t\u1ee5c trong khi qu\u1ea3n l\u00fd<br \/>\n<em><strong>T\u1ef1 \u0111\u1ed9ng v\u00e0 th\u1ee7 c\u00f4ng bolus<\/strong><\/em> d\u1ef1a tr\u00ean li\u1ec1u l\u1eadp tr\u00ecnh, th\u1eddi gian ho\u1eb7c t\u1ed1c \u0111\u1ed9 d\u00f2ng ch\u1ea3y.<br \/>\nC\u00e1c th\u00f4ng s\u1ed1 hi\u1ec7n tr\u1ea1ng \u0111ang ho\u1ea1t \u0111\u1ed9ng c\u00f3 th\u1ec3 quan s\u00e1t \u0111i\u1ec1u ch\u1ec9nh tr\u1ef1c ti\u1ebfp m\u00e0 kh\u00f4ng gi\u00e1n \u0111o\u1ea1n qu\u00e1 tr\u00ecnh b\u01a1m thu\u1ed1c.<br \/>\n<em><strong>Th\u01b0 vi\u1ec7n 5000 danh m\u1ee5c thu\u1ed1c<\/strong><\/em> \u0111\u01b0\u1ee3c t\u00edch h\u1ee3p s\u1eb5n v\u00e0 ph\u00e2n th\u00e0nh c\u00e1c nh\u00f3m, c\u00e1c khoa ph\u00f2ng chuy\u00ean m\u00f4n \u0111i\u1ec1u tr\u1ecb.<br \/>\nC\u00f3 nhi\u1ec1u lo\u1ea1i \u1ed1ng ti\u00eam ph\u1ed5 bi\u1ebfn tr\u00ean th\u1ebf gi\u1edbi v\u1edbi dung t\u00edch 2, 2,5, 3, 5, 6, 10, 12, 20, 30, 35, 50, 60 ml. C\u00e1c \u1ed1ng ti\u00eam kh\u00e1c c\u00f3 th\u1ec3 \u0111\u01b0\u1ee3c hi\u1ec7u chu\u1ea9n theo nhu c\u1ea7u chuy\u00ean m\u00f4n.<br \/>\n<em><strong>C\u00e1c \u0111\u01a1n v\u1ecb truy\u1ec1n kh\u00e1c nhau<\/strong><\/em>: g, mg, \u03bcg, ng, mL, L, kJ, J, kcal, cal, mol, mmol, KIE, IE, mIE, kIU, IU, mIU, Eq, mEq, \u03bcEq \/ kg, m\u00b2 \/ ph\u00fat, h, 24h.<br \/>\n<em><strong>Lo\u1ea1i b\u1ecf m\u1ecdi r\u1ee7i ro do c\u00e0i \u0111\u1eb7t sai s\u00f3t<\/strong><\/em>, h\u1ec7 th\u1ed1ng s\u1eed l\u00fd ho\u00e0n to\u00e0n t\u1ef1 \u0111\u1ed9ng khi ch\u1ec9 c\u1ea7n khai b\u00e1o t\u00ecnh tr\u1ea1ng b\u1ec7nh nh\u00e2n: \u0110\u1ed9 tu\u1ed5i, gi\u1edbi t\u00ednh, chi\u1ec1u cao, c\u00e2n n\u1eb7ng, lo\u1ea1i thu\u1ed1c\u2026<br \/>\n<em><strong>C\u00e1c tham s\u1ed1 \u0111\u01b0\u1ee3c l\u1eadp tr\u00ecnh c\u00f3 th\u1ec3 \u0111\u01b0\u1ee3c b\u1ea3o v\u1ec7 b\u1eb1ng m\u1eadt kh\u1ea9u.<\/strong><\/em> Ngo\u00e0i ra h\u1ec7 th\u1ed1ng b\u1ea3o v\u1ec7 ch\u1ee9c n\u0103ng tinh vi cho ph\u00e9p ch\u1eb7n quy\u1ec1n truy c\u1eadp v\u00e0o c\u00e1c ch\u1ee9c n\u0103ng \u0111\u00e3 ch\u1ecdn.<br \/>\n<em><strong>MedimaNet<\/strong><\/em> k\u1ebft n\u1ed1i h\u1ec7 th\u1ed1ng d\u1eef li\u1ec7u trung t\u00e2m trong vi\u1ec7c theo d\u00f5i v\u00e0 l\u01b0u tr\u1eef c\u1ee7a c\u00e1c b\u1ec7nh vi\u1ec7n.<br \/>\n<em><strong>C\u00e1c module ph\u1ea7n m\u1ec1m<\/strong><\/em> Medima Drug Editor, Medima Configurator, Medima Service &amp; Maintenance cung c\u1ea5p gi\u1ea3i ph\u00e1p \u0111i\u1ec1u khi\u1ec3n s\u1eed d\u1ee5ng chuy\u00ean s\u00e2u<br \/>\n<em><strong>H\u1ec7 th\u1ed1ng b\u00e1o \u0111\u1ed9ng tinh vi<\/strong><\/em>. Bao g\u1ed3m ba m\u1ee9c \u0111\u1ed9 \u01b0u ti\u00ean (cao, trung b\u00ecnh, th\u1ea5p) v\u1edbi th\u00f4ng b\u00e1o b\u1eb1ng m\u1eaft v\u00e0 \u00e2m thanh. Cho ph\u00e9p \u00e2m thanh, \u0111\u1ed9 \u1ed3n v\u00e0 kho\u1ea3ng th\u1eddi gian kh\u00e1c nhau.<\/p>\n","protected":false},"excerpt":{"rendered":"<p>Model: P100 \/ Poland<br \/>\nLarge color touch screen touch keyboard combination hard input technology<br \/>\nThe basic configuration works in mL \/ h<br \/>\nControl the volume and time of the syringe<br \/>\nContinuous infusion<br \/>\nAutomatically receive multitasking syringes<\/p>\n","protected":false},"featured_media":921,"comment_status":"open","ping_status":"closed","template":"","meta":{"_acf_changed":false},"product_brand":[],"product_cat":[158],"product_tag":[],"class_list":{"0":"post-882","1":"product","2":"type-product","3":"status-publish","4":"has-post-thumbnail","6":"product_cat-infusion-pumps","7":"yith_product_brand-medima-ba-lan-en","9":"first","10":"instock","11":"featured","12":"shipping-taxable","13":"product-type-simple"},"acf":[],"yoast_head":"<!-- This site is optimized with the Yoast SEO plugin v24.5 - https:\/\/yoast.com\/wordpress\/plugins\/seo\/ -->\n<title>M\u00e1y truy\u1ec1n d\u1ecbch t\u1ef1 \u0111\u1ed9ng P100 - C\u00d4NG TY TNHH TM DV Y T\u1ebe MI\u1ec0N \u0110\u00d4NG<\/title>\n<meta name=\"robots\" content=\"index, follow, max-snippet:-1, max-image-preview:large, max-video-preview:-1\" \/>\n<link rel=\"canonical\" href=\"https:\/\/eastmedical.vn\/shop\/may-truyen-dich-tu-dong-p100\/\" \/>\n<meta property=\"og:locale\" content=\"en_US\" \/>\n<meta property=\"og:type\" content=\"article\" \/>\n<meta property=\"og:title\" content=\"M\u00e1y truy\u1ec1n d\u1ecbch t\u1ef1 \u0111\u1ed9ng P100 - C\u00d4NG TY TNHH TM DV Y T\u1ebe MI\u1ec0N \u0110\u00d4NG\" \/>\n<meta property=\"og:description\" content=\"Model: P100 \/ Poland Large color touch screen touch keyboard combination hard input technology The basic configuration works in mL \/ h Control the volume and time of the syringe Continuous infusion Automatically receive multitasking syringes\" \/>\n<meta property=\"og:url\" content=\"https:\/\/eastmedical.vn\/shop\/may-truyen-dich-tu-dong-p100\/\" \/>\n<meta property=\"og:site_name\" content=\"C\u00d4NG TY TNHH TM DV Y T\u1ebe MI\u1ec0N \u0110\u00d4NG\" \/>\n<meta property=\"og:image\" content=\"https:\/\/eastmedical.vn\/wp-content\/uploads\/2018\/03\/P300a.png\" \/>\n\t<meta property=\"og:image:width\" content=\"320\" \/>\n\t<meta property=\"og:image:height\" content=\"210\" \/>\n\t<meta property=\"og:image:type\" content=\"image\/png\" \/>\n<meta name=\"twitter:card\" content=\"summary_large_image\" \/>\n<meta name=\"twitter:label1\" content=\"Est. reading time\" \/>\n\t<meta name=\"twitter:data1\" content=\"4 minutes\" \/>\n<script type=\"application\/ld+json\" class=\"yoast-schema-graph\">{\"@context\":\"https:\/\/schema.org\",\"@graph\":[{\"@type\":\"WebPage\",\"@id\":\"https:\/\/eastmedical.vn\/shop\/may-truyen-dich-tu-dong-p100\/\",\"url\":\"https:\/\/eastmedical.vn\/shop\/may-truyen-dich-tu-dong-p100\/\",\"name\":\"M\u00e1y truy\u1ec1n d\u1ecbch t\u1ef1 \u0111\u1ed9ng P100 - C\u00d4NG TY TNHH TM DV Y T\u1ebe MI\u1ec0N \u0110\u00d4NG\",\"isPartOf\":{\"@id\":\"https:\/\/eastmedical.vn\/#website\"},\"primaryImageOfPage\":{\"@id\":\"https:\/\/eastmedical.vn\/shop\/may-truyen-dich-tu-dong-p100\/#primaryimage\"},\"image\":{\"@id\":\"https:\/\/eastmedical.vn\/shop\/may-truyen-dich-tu-dong-p100\/#primaryimage\"},\"thumbnailUrl\":\"https:\/\/eastmedical.vn\/wp-content\/uploads\/2018\/03\/P300a.png\",\"datePublished\":\"2018-03-08T06:51:56+00:00\",\"breadcrumb\":{\"@id\":\"https:\/\/eastmedical.vn\/shop\/may-truyen-dich-tu-dong-p100\/#breadcrumb\"},\"inLanguage\":\"en-US\",\"potentialAction\":[{\"@type\":\"ReadAction\",\"target\":[\"https:\/\/eastmedical.vn\/shop\/may-truyen-dich-tu-dong-p100\/\"]}]},{\"@type\":\"ImageObject\",\"inLanguage\":\"en-US\",\"@id\":\"https:\/\/eastmedical.vn\/shop\/may-truyen-dich-tu-dong-p100\/#primaryimage\",\"url\":\"https:\/\/eastmedical.vn\/wp-content\/uploads\/2018\/03\/P300a.png\",\"contentUrl\":\"https:\/\/eastmedical.vn\/wp-content\/uploads\/2018\/03\/P300a.png\",\"width\":320,\"height\":210},{\"@type\":\"BreadcrumbList\",\"@id\":\"https:\/\/eastmedical.vn\/shop\/may-truyen-dich-tu-dong-p100\/#breadcrumb\",\"itemListElement\":[{\"@type\":\"ListItem\",\"position\":1,\"name\":\"Home\",\"item\":\"https:\/\/eastmedical.vn\/en\/\"},{\"@type\":\"ListItem\",\"position\":2,\"name\":\"Products\",\"item\":\"https:\/\/eastmedical.vn\/en\/shop\/\"},{\"@type\":\"ListItem\",\"position\":3,\"name\":\"M\u00e1y truy\u1ec1n d\u1ecbch t\u1ef1 \u0111\u1ed9ng P100\"}]},{\"@type\":\"WebSite\",\"@id\":\"https:\/\/eastmedical.vn\/#website\",\"url\":\"https:\/\/eastmedical.vn\/\",\"name\":\"C\u00d4NG TY TNHH TM DV Y T\u1ebe MI\u1ec0N \u0110\u00d4NG\",\"description\":\"C\u00d4NG TY TNHH TM DV Y T\u1ebe MI\u1ec0N \u0110\u00d4NG\",\"potentialAction\":[{\"@type\":\"SearchAction\",\"target\":{\"@type\":\"EntryPoint\",\"urlTemplate\":\"https:\/\/eastmedical.vn\/?s={search_term_string}\"},\"query-input\":{\"@type\":\"PropertyValueSpecification\",\"valueRequired\":true,\"valueName\":\"search_term_string\"}}],\"inLanguage\":\"en-US\"}]}<\/script>\n<!-- \/ Yoast SEO plugin. -->","yoast_head_json":{"title":"M\u00e1y truy\u1ec1n d\u1ecbch t\u1ef1 \u0111\u1ed9ng P100 - C\u00d4NG TY TNHH TM DV Y T\u1ebe MI\u1ec0N \u0110\u00d4NG","robots":{"index":"index","follow":"follow","max-snippet":"max-snippet:-1","max-image-preview":"max-image-preview:large","max-video-preview":"max-video-preview:-1"},"canonical":"https:\/\/eastmedical.vn\/shop\/may-truyen-dich-tu-dong-p100\/","og_locale":"en_US","og_type":"article","og_title":"M\u00e1y truy\u1ec1n d\u1ecbch t\u1ef1 \u0111\u1ed9ng P100 - C\u00d4NG TY TNHH TM DV Y T\u1ebe MI\u1ec0N \u0110\u00d4NG","og_description":"Model: P100 \/ Poland Large color touch screen touch keyboard combination hard input technology The basic configuration works in mL \/ h Control the volume and time of the syringe Continuous infusion Automatically receive multitasking syringes","og_url":"https:\/\/eastmedical.vn\/shop\/may-truyen-dich-tu-dong-p100\/","og_site_name":"C\u00d4NG TY TNHH TM DV Y T\u1ebe MI\u1ec0N \u0110\u00d4NG","og_image":[{"width":320,"height":210,"url":"https:\/\/eastmedical.vn\/wp-content\/uploads\/2018\/03\/P300a.png","type":"image\/png"}],"twitter_card":"summary_large_image","twitter_misc":{"Est. reading time":"4 minutes"},"schema":{"@context":"https:\/\/schema.org","@graph":[{"@type":"WebPage","@id":"https:\/\/eastmedical.vn\/shop\/may-truyen-dich-tu-dong-p100\/","url":"https:\/\/eastmedical.vn\/shop\/may-truyen-dich-tu-dong-p100\/","name":"M\u00e1y truy\u1ec1n d\u1ecbch t\u1ef1 \u0111\u1ed9ng P100 - C\u00d4NG TY TNHH TM DV Y T\u1ebe MI\u1ec0N \u0110\u00d4NG","isPartOf":{"@id":"https:\/\/eastmedical.vn\/#website"},"primaryImageOfPage":{"@id":"https:\/\/eastmedical.vn\/shop\/may-truyen-dich-tu-dong-p100\/#primaryimage"},"image":{"@id":"https:\/\/eastmedical.vn\/shop\/may-truyen-dich-tu-dong-p100\/#primaryimage"},"thumbnailUrl":"https:\/\/eastmedical.vn\/wp-content\/uploads\/2018\/03\/P300a.png","datePublished":"2018-03-08T06:51:56+00:00","breadcrumb":{"@id":"https:\/\/eastmedical.vn\/shop\/may-truyen-dich-tu-dong-p100\/#breadcrumb"},"inLanguage":"en-US","potentialAction":[{"@type":"ReadAction","target":["https:\/\/eastmedical.vn\/shop\/may-truyen-dich-tu-dong-p100\/"]}]},{"@type":"ImageObject","inLanguage":"en-US","@id":"https:\/\/eastmedical.vn\/shop\/may-truyen-dich-tu-dong-p100\/#primaryimage","url":"https:\/\/eastmedical.vn\/wp-content\/uploads\/2018\/03\/P300a.png","contentUrl":"https:\/\/eastmedical.vn\/wp-content\/uploads\/2018\/03\/P300a.png","width":320,"height":210},{"@type":"BreadcrumbList","@id":"https:\/\/eastmedical.vn\/shop\/may-truyen-dich-tu-dong-p100\/#breadcrumb","itemListElement":[{"@type":"ListItem","position":1,"name":"Home","item":"https:\/\/eastmedical.vn\/en\/"},{"@type":"ListItem","position":2,"name":"Products","item":"https:\/\/eastmedical.vn\/en\/shop\/"},{"@type":"ListItem","position":3,"name":"M\u00e1y truy\u1ec1n d\u1ecbch t\u1ef1 \u0111\u1ed9ng P100"}]},{"@type":"WebSite","@id":"https:\/\/eastmedical.vn\/#website","url":"https:\/\/eastmedical.vn\/","name":"C\u00d4NG TY TNHH TM DV Y T\u1ebe MI\u1ec0N \u0110\u00d4NG","description":"C\u00d4NG TY TNHH TM DV Y T\u1ebe MI\u1ec0N \u0110\u00d4NG","potentialAction":[{"@type":"SearchAction","target":{"@type":"EntryPoint","urlTemplate":"https:\/\/eastmedical.vn\/?s={search_term_string}"},"query-input":{"@type":"PropertyValueSpecification","valueRequired":true,"valueName":"search_term_string"}}],"inLanguage":"en-US"}]}},"_links":{"self":[{"href":"https:\/\/eastmedical.vn\/en\/wp-json\/wp\/v2\/product\/882","targetHints":{"allow":["GET"]}}],"collection":[{"href":"https:\/\/eastmedical.vn\/en\/wp-json\/wp\/v2\/product"}],"about":[{"href":"https:\/\/eastmedical.vn\/en\/wp-json\/wp\/v2\/types\/product"}],"replies":[{"embeddable":true,"href":"https:\/\/eastmedical.vn\/en\/wp-json\/wp\/v2\/comments?post=882"}],"wp:featuredmedia":[{"embeddable":true,"href":"https:\/\/eastmedical.vn\/en\/wp-json\/wp\/v2\/media\/921"}],"wp:attachment":[{"href":"https:\/\/eastmedical.vn\/en\/wp-json\/wp\/v2\/media?parent=882"}],"wp:term":[{"taxonomy":"product_brand","embeddable":true,"href":"https:\/\/eastmedical.vn\/en\/wp-json\/wp\/v2\/product_brand?post=882"},{"taxonomy":"product_cat","embeddable":true,"href":"https:\/\/eastmedical.vn\/en\/wp-json\/wp\/v2\/product_cat?post=882"},{"taxonomy":"product_tag","embeddable":true,"href":"https:\/\/eastmedical.vn\/en\/wp-json\/wp\/v2\/product_tag?post=882"}],"curies":[{"name":"wp","href":"https:\/\/api.w.org\/{rel}","templated":true}]}}